{"id":10767,"date":"2026-02-22T11:52:37","date_gmt":"2026-02-22T08:52:37","guid":{"rendered":"https:\/\/moi-dom.md\/product\/suport-lumanare-tip-candelabru-margherita\/"},"modified":"2026-02-22T11:52:37","modified_gmt":"2026-02-22T08:52:37","slug":"suport-lumanare-tip-candelabru-margherita","status":"publish","type":"product","link":"https:\/\/moi-dom.md\/ro\/produs\/suport-lumanare-tip-candelabru-margherita\/","title":{"rendered":"Suport lum\u00e2nare tip candelabru Margherita"},"content":{"rendered":"<p class=\"p1\">Suportul de lum\u00e2nare tip candelabru Margherita este un element decorativ expresiv cu model floral delicat. Construc\u021bia cu 3 bra\u021be ofer\u0103 iluminare cald\u0103 \u0219i creeaz\u0103 o atmosfer\u0103 festiv\u0103. Textura decorat\u0103 cu motive de margarete adaug\u0103 un aer luminos \u0219i elegant. \u00cen\u0103l\u021bimea de 20 cm \u00eel face potrivit ca pies\u0103 central\u0103 pe mas\u0103 sau \u00een decor interior. Potrivit pentru lum\u00e2n\u0103ri standard tip con.    <\/p>\n","protected":false},"excerpt":{"rendered":"<p class=\"p1\">Suportul de lum\u00e2nare tip candelabru pentru 3 lum\u00e2n\u0103ri, accent elegant pentru decor festiv.<\/p>\n","protected":false},"featured_media":10764,"template":"","meta":[],"product_brand":[],"product_cat":[247,809],"product_tag":[],"class_list":{"0":"post-10767","1":"product","2":"type-product","3":"status-publish","4":"has-post-thumbnail","6":"product_cat-decor-pentru-casa","7":"product_cat-sfesnice-si-lumanari","8":"pa_brand-edg-enzo-de-gasperi","9":"pa_material-plastic-poliresin","10":"pa_size-10x28x20-cm","12":"first","13":"instock","14":"shipping-taxable","15":"purchasable","16":"product-type-simple"},"_links":{"self":[{"href":"https:\/\/moi-dom.md\/ro\/wp-json\/wp\/v2\/product\/10767","targetHints":{"allow":["GET"]}}],"collection":[{"href":"https:\/\/moi-dom.md\/ro\/wp-json\/wp\/v2\/product"}],"about":[{"href":"https:\/\/moi-dom.md\/ro\/wp-json\/wp\/v2\/types\/product"}],"version-history":[{"count":0,"href":"https:\/\/moi-dom.md\/ro\/wp-json\/wp\/v2\/product\/10767\/revisions"}],"wp:featuredmedia":[{"embeddable":true,"href":"https:\/\/moi-dom.md\/ro\/wp-json\/wp\/v2\/media\/10764"}],"wp:attachment":[{"href":"https:\/\/moi-dom.md\/ro\/wp-json\/wp\/v2\/media?parent=10767"}],"wp:term":[{"taxonomy":"product_brand","embeddable":true,"href":"https:\/\/moi-dom.md\/ro\/wp-json\/wp\/v2\/product_brand?post=10767"},{"taxonomy":"product_cat","embeddable":true,"href":"https:\/\/moi-dom.md\/ro\/wp-json\/wp\/v2\/product_cat?post=10767"},{"taxonomy":"product_tag","embeddable":true,"href":"https:\/\/moi-dom.md\/ro\/wp-json\/wp\/v2\/product_tag?post=10767"}],"curies":[{"name":"wp","href":"https:\/\/api.w.org\/{rel}","templated":true}]}}