{"id":10750,"date":"2026-02-22T11:34:04","date_gmt":"2026-02-22T08:34:04","guid":{"rendered":"https:\/\/moi-dom.md\/product\/suport-lumanare-iepuras-cu-floare-violeta\/"},"modified":"2026-02-22T11:34:04","modified_gmt":"2026-02-22T08:34:04","slug":"suport-lumanare-iepuras-cu-floare-violeta","status":"publish","type":"product","link":"https:\/\/moi-dom.md\/ro\/produs\/suport-lumanare-iepuras-cu-floare-violeta\/","title":{"rendered":"Suport lum\u00e2nare Iepura\u0219 cu floare violet\u0103"},"content":{"rendered":"<p class=\"p1\">Suportul de lum\u00e2nare decorativ \u201eIepura\u0219\u201d este un accent delicat pentru decorul de prim\u0103var\u0103 sau Pa\u0219te. Figurina atent realizat\u0103, cu detalii fine \u0219i element floral, creeaz\u0103 o atmosfer\u0103 cald\u0103 \u0219i pl\u0103cut\u0103.<br \/>Dimensiunea compact\u0103 de 10\u00d710 cm \u00eel face potrivit pentru mas\u0103 festiv\u0103, raft sau compozi\u021bii decorative.   <\/p>\n","protected":false},"excerpt":{"rendered":"<p class=\"p1\">Suport decorativ \u00een form\u0103 de iepura\u0219, din poliresin\u0103, 10\u00d710 cm. Perfect pentru decorul de prim\u0103var\u0103 \u0219i Pa\u0219te.<\/p>\n","protected":false},"featured_media":10748,"template":"","meta":[],"product_brand":[],"product_cat":[1027,237],"product_tag":[],"class_list":{"0":"post-10750","1":"product","2":"type-product","3":"status-publish","4":"has-post-thumbnail","6":"product_cat-pashalnyy-dekor","7":"product_cat-dekor-dlya-doma","8":"pa_brand-edg-enzo-de-gasperi","9":"pa_material-polirezinoviy-plastik","10":"pa_size-o10x10-","12":"first","13":"instock","14":"shipping-taxable","15":"purchasable","16":"product-type-simple"},"_links":{"self":[{"href":"https:\/\/moi-dom.md\/ro\/wp-json\/wp\/v2\/product\/10750","targetHints":{"allow":["GET"]}}],"collection":[{"href":"https:\/\/moi-dom.md\/ro\/wp-json\/wp\/v2\/product"}],"about":[{"href":"https:\/\/moi-dom.md\/ro\/wp-json\/wp\/v2\/types\/product"}],"version-history":[{"count":0,"href":"https:\/\/moi-dom.md\/ro\/wp-json\/wp\/v2\/product\/10750\/revisions"}],"wp:featuredmedia":[{"embeddable":true,"href":"https:\/\/moi-dom.md\/ro\/wp-json\/wp\/v2\/media\/10748"}],"wp:attachment":[{"href":"https:\/\/moi-dom.md\/ro\/wp-json\/wp\/v2\/media?parent=10750"}],"wp:term":[{"taxonomy":"product_brand","embeddable":true,"href":"https:\/\/moi-dom.md\/ro\/wp-json\/wp\/v2\/product_brand?post=10750"},{"taxonomy":"product_cat","embeddable":true,"href":"https:\/\/moi-dom.md\/ro\/wp-json\/wp\/v2\/product_cat?post=10750"},{"taxonomy":"product_tag","embeddable":true,"href":"https:\/\/moi-dom.md\/ro\/wp-json\/wp\/v2\/product_tag?post=10750"}],"curies":[{"name":"wp","href":"https:\/\/api.w.org\/{rel}","templated":true}]}}