{"id":10734,"date":"2026-02-21T17:27:15","date_gmt":"2026-02-21T14:27:15","guid":{"rendered":"https:\/\/moi-dom.md\/?post_type=product&#038;p=10734"},"modified":"2026-02-21T17:33:43","modified_gmt":"2026-02-21T14:33:43","slug":"set-de-pahare-pentru-sampanie-goldrim-%d0%ba%d0%be%d0%bf%d0%b8%d1%80%d0%be%d0%b2%d0%b0%d1%82%d1%8c","status":"publish","type":"product","link":"https:\/\/moi-dom.md\/ro\/produs\/set-de-pahare-pentru-sampanie-goldrim-%d0%ba%d0%be%d0%bf%d0%b8%d1%80%d0%be%d0%b2%d0%b0%d1%82%d1%8c\/","title":{"rendered":"Set pahare pentru martini Goldrim"},"content":{"rendered":"<p class=\"p1\">Setul de pahare pentru martini EDG Goldrim este alegerea elegant\u0103 pentru servirea cocktailurilor clasice. Cupa \u00een form\u0103 de V eviden\u021biaz\u0103 b\u0103utura, iar marginea aurie fin\u0103 ofer\u0103 un accent sofisticat mesei. Sticla transparent\u0103 creeaz\u0103 un efect vizual aerisit \u0219i pune \u00een valoare culoarea cocktailului. Potrivite pentru martini, cosmopolitan \u0219i alte cocktailuri f\u0103r\u0103 ghea\u021b\u0103.   <\/p>\n","protected":false},"excerpt":{"rendered":"<p class=\"p1\">Set 6 pahare pentru martini cu margine aurie fin\u0103. Perfecte pentru cocktailuri \u0219i servire elegant\u0103. <\/p>\n","protected":false},"featured_media":10737,"template":"","meta":[],"product_brand":[],"product_cat":[889,239],"product_tag":[],"class_list":{"0":"post-10734","1":"product","2":"type-product","3":"status-publish","4":"has-post-thumbnail","6":"product_cat-bar-i-steklo","7":"product_cat-posyda","8":"pa_brand-edg-enzo-de-gasperi","9":"pa_material-596","10":"pa_volume-300-","12":"first","13":"instock","14":"shipping-taxable","15":"purchasable","16":"product-type-simple"},"_links":{"self":[{"href":"https:\/\/moi-dom.md\/ro\/wp-json\/wp\/v2\/product\/10734","targetHints":{"allow":["GET"]}}],"collection":[{"href":"https:\/\/moi-dom.md\/ro\/wp-json\/wp\/v2\/product"}],"about":[{"href":"https:\/\/moi-dom.md\/ro\/wp-json\/wp\/v2\/types\/product"}],"version-history":[{"count":2,"href":"https:\/\/moi-dom.md\/ro\/wp-json\/wp\/v2\/product\/10734\/revisions"}],"predecessor-version":[{"id":10739,"href":"https:\/\/moi-dom.md\/ro\/wp-json\/wp\/v2\/product\/10734\/revisions\/10739"}],"wp:featuredmedia":[{"embeddable":true,"href":"https:\/\/moi-dom.md\/ro\/wp-json\/wp\/v2\/media\/10737"}],"wp:attachment":[{"href":"https:\/\/moi-dom.md\/ro\/wp-json\/wp\/v2\/media?parent=10734"}],"wp:term":[{"taxonomy":"product_brand","embeddable":true,"href":"https:\/\/moi-dom.md\/ro\/wp-json\/wp\/v2\/product_brand?post=10734"},{"taxonomy":"product_cat","embeddable":true,"href":"https:\/\/moi-dom.md\/ro\/wp-json\/wp\/v2\/product_cat?post=10734"},{"taxonomy":"product_tag","embeddable":true,"href":"https:\/\/moi-dom.md\/ro\/wp-json\/wp\/v2\/product_tag?post=10734"}],"curies":[{"name":"wp","href":"https:\/\/api.w.org\/{rel}","templated":true}]}}