{"id":10694,"date":"2026-02-19T21:07:08","date_gmt":"2026-02-19T18:07:08","guid":{"rendered":"https:\/\/moi-dom.md\/product\/vaza-tulipani\/"},"modified":"2026-02-19T21:07:08","modified_gmt":"2026-02-19T18:07:08","slug":"vaza-tulipani","status":"publish","type":"product","link":"https:\/\/moi-dom.md\/ro\/produs\/vaza-tulipani\/","title":{"rendered":"Vaza Tulipani"},"content":{"rendered":"<p class=\"p1\">Aceast\u0103 vaz\u0103 evoc\u0103 \u00eenceputul prim\u0103verii \u2013 zilele calde care aduc lumin\u0103 \u0219i culoare \u00een cas\u0103. Lalelele \u00een relief creeaz\u0103 o textur\u0103 expresiv\u0103, iar paleta delicat\u0103 o face u\u0219or de integrat \u00eentr-un decor modern. Potrivit\u0103 pentru flori naturale sau aranjamente decorative.  <\/p>\n","protected":false},"excerpt":{"rendered":"<p class=\"p1\">Vaz\u0103 cilindric\u0103 cu lalele \u00een relief, \u00een nuan\u021be pastelate delicate. Un accent luminos pentru un decor de prim\u0103var\u0103 \u0219i o atmosfer\u0103 plin\u0103 de via\u021b\u0103. <\/p>\n","protected":false},"featured_media":10689,"template":"","meta":[],"product_brand":[],"product_cat":[237,675],"product_tag":[],"class_list":{"0":"post-10694","1":"product","2":"type-product","3":"status-publish","4":"has-post-thumbnail","6":"product_cat-dekor-dlya-doma","7":"product_cat-vazy","8":"pa_brand-edg-enzo-de-gasperi","9":"pa_color-multicolor","10":"pa_material-594","11":"pa_shape-611","12":"pa_size-o14x30-","14":"first","15":"instock","16":"shipping-taxable","17":"purchasable","18":"product-type-simple"},"_links":{"self":[{"href":"https:\/\/moi-dom.md\/ro\/wp-json\/wp\/v2\/product\/10694","targetHints":{"allow":["GET"]}}],"collection":[{"href":"https:\/\/moi-dom.md\/ro\/wp-json\/wp\/v2\/product"}],"about":[{"href":"https:\/\/moi-dom.md\/ro\/wp-json\/wp\/v2\/types\/product"}],"version-history":[{"count":0,"href":"https:\/\/moi-dom.md\/ro\/wp-json\/wp\/v2\/product\/10694\/revisions"}],"wp:featuredmedia":[{"embeddable":true,"href":"https:\/\/moi-dom.md\/ro\/wp-json\/wp\/v2\/media\/10689"}],"wp:attachment":[{"href":"https:\/\/moi-dom.md\/ro\/wp-json\/wp\/v2\/media?parent=10694"}],"wp:term":[{"taxonomy":"product_brand","embeddable":true,"href":"https:\/\/moi-dom.md\/ro\/wp-json\/wp\/v2\/product_brand?post=10694"},{"taxonomy":"product_cat","embeddable":true,"href":"https:\/\/moi-dom.md\/ro\/wp-json\/wp\/v2\/product_cat?post=10694"},{"taxonomy":"product_tag","embeddable":true,"href":"https:\/\/moi-dom.md\/ro\/wp-json\/wp\/v2\/product_tag?post=10694"}],"curies":[{"name":"wp","href":"https:\/\/api.w.org\/{rel}","templated":true}]}}