{"id":10679,"date":"2026-02-19T20:39:51","date_gmt":"2026-02-19T17:39:51","guid":{"rendered":"https:\/\/moi-dom.md\/product\/vaza-conigli-easter\/"},"modified":"2026-02-19T20:39:51","modified_gmt":"2026-02-19T17:39:51","slug":"vaza-conigli-easter","status":"publish","type":"product","link":"https:\/\/moi-dom.md\/ro\/produs\/vaza-conigli-easter\/","title":{"rendered":"Vaza Conigli Easter"},"content":{"rendered":"<p class=\"p1\">Vaza EDG \u201eConigli Easter\u201d este un obiect decorativ cu personalitate. Relieful \u00een mai multe niveluri cu iepura\u0219i creeaz\u0103 jocuri subtile de lumin\u0103 \u0219i umbr\u0103, iar marginea ondulat\u0103 ofer\u0103 siluetei expresivitate.<br \/>Nuan\u021ba galben lucios aduce c\u0103ldur\u0103 \u0219i energie de prim\u0103var\u0103 \u00een orice spa\u021biu. Poate fi folosit\u0103 ca pies\u0103 decorativ\u0103 de sine st\u0103t\u0103toare, f\u0103r\u0103 a \u00eenc\u0103rca vizual interiorul. Ideal\u0103 pentru cei care apreciaz\u0103 formele \u00eendr\u0103zne\u021be \u0219i detaliile cu caracter.    <\/p>\n","protected":false},"excerpt":{"rendered":"<p class=\"p1\">Vaz\u0103 decorativ\u0103 din ceramic\u0103, \u00een\u0103l\u021bime 32 cm, cu iepura\u0219i \u00een relief \u0219i margine ondulat\u0103. Nuan\u021ba galben intens adaug\u0103 un accent de prim\u0103var\u0103 \u00een interior \u2014 perfect\u0103 pentru decor de Pa\u0219te sau pentru un design \u00eendr\u0103zne\u021b. <\/p>\n","protected":false},"featured_media":10678,"template":"","meta":[],"product_brand":[],"product_cat":[1028,247],"product_tag":[],"class_list":{"0":"post-10679","1":"product","2":"type-product","3":"status-publish","4":"has-post-thumbnail","6":"product_cat-decor-de-paste","7":"product_cat-decor-pentru-casa","8":"pa_brand-edg-enzo-de-gasperi","9":"pa_color-yellow","10":"pa_color-pink","11":"pa_color-verde","12":"pa_material-ceramica","13":"pa_shape-reliefata","14":"pa_size-o16x32-cm","16":"first","17":"instock","18":"shipping-taxable","19":"purchasable","20":"product-type-variable"},"_links":{"self":[{"href":"https:\/\/moi-dom.md\/ro\/wp-json\/wp\/v2\/product\/10679","targetHints":{"allow":["GET"]}}],"collection":[{"href":"https:\/\/moi-dom.md\/ro\/wp-json\/wp\/v2\/product"}],"about":[{"href":"https:\/\/moi-dom.md\/ro\/wp-json\/wp\/v2\/types\/product"}],"version-history":[{"count":0,"href":"https:\/\/moi-dom.md\/ro\/wp-json\/wp\/v2\/product\/10679\/revisions"}],"wp:featuredmedia":[{"embeddable":true,"href":"https:\/\/moi-dom.md\/ro\/wp-json\/wp\/v2\/media\/10678"}],"wp:attachment":[{"href":"https:\/\/moi-dom.md\/ro\/wp-json\/wp\/v2\/media?parent=10679"}],"wp:term":[{"taxonomy":"product_brand","embeddable":true,"href":"https:\/\/moi-dom.md\/ro\/wp-json\/wp\/v2\/product_brand?post=10679"},{"taxonomy":"product_cat","embeddable":true,"href":"https:\/\/moi-dom.md\/ro\/wp-json\/wp\/v2\/product_cat?post=10679"},{"taxonomy":"product_tag","embeddable":true,"href":"https:\/\/moi-dom.md\/ro\/wp-json\/wp\/v2\/product_tag?post=10679"}],"curies":[{"name":"wp","href":"https:\/\/api.w.org\/{rel}","templated":true}]}}