{"id":10661,"date":"2026-02-19T20:14:53","date_gmt":"2026-02-19T17:14:53","guid":{"rendered":"https:\/\/moi-dom.md\/?post_type=product&#038;p=10661"},"modified":"2026-02-19T20:22:55","modified_gmt":"2026-02-19T17:22:55","slug":"vaza-freaky-leaves-cup-%d0%ba%d0%be%d0%bf%d0%b8%d1%80%d0%be%d0%b2%d0%b0%d1%82%d1%8c","status":"publish","type":"product","link":"https:\/\/moi-dom.md\/ro\/produs\/vaza-freaky-leaves-cup-%d0%ba%d0%be%d0%bf%d0%b8%d1%80%d0%be%d0%b2%d0%b0%d1%82%d1%8c\/","title":{"rendered":"Vaza Freaky Limoni"},"content":{"rendered":"<p class=\"p1\">Vaz\u0103 decorativ\u0103 din ceramic\u0103, cu decor reliefat \u00een form\u0103 de l\u0103m\u00e2i \u0219i frunze. Nuan\u021ba cald\u0103 de bej, combinat\u0103 cu verdele intens, aduce un aer mediteranean \u0219i o senza\u021bie de prospe\u021bime \u00een interior. Poate fi utilizat\u0103 pentru flori naturale, flori uscate sau ca pies\u0103 decorativ\u0103 de sine st\u0103t\u0103toare. Datorit\u0103 finisajului impermeabil, este potrivit\u0103 pentru utilizare cu ap\u0103. Se integreaz\u0103 perfect \u00een buc\u0103t\u0103rie, zona de dining sau \u00een interioare \u00een stil provensal, mediteranean ori clasic modern.    <\/p>\n","protected":false},"excerpt":{"rendered":"<p class=\"p1\">Vaz\u0103 ceramic\u0103 cu l\u0103m\u00e2i decorative \u00een relief \u2014 un accent luminos pentru buc\u0103t\u0103rie, sufragerie sau teras\u0103 de var\u0103.<\/p>\n","protected":false},"featured_media":10664,"template":"","meta":[],"product_brand":[],"product_cat":[237,675],"product_tag":[],"class_list":{"0":"post-10661","1":"product","2":"type-product","3":"status-publish","4":"has-post-thumbnail","6":"product_cat-dekor-dlya-doma","7":"product_cat-vazy","8":"pa_brand-edg-enzo-de-gasperi","9":"pa_color-multicolor","10":"pa_material-594","11":"pa_shape-704","12":"pa_size-o195x155-","14":"first","15":"instock","16":"shipping-taxable","17":"purchasable","18":"product-type-simple"},"_links":{"self":[{"href":"https:\/\/moi-dom.md\/ro\/wp-json\/wp\/v2\/product\/10661","targetHints":{"allow":["GET"]}}],"collection":[{"href":"https:\/\/moi-dom.md\/ro\/wp-json\/wp\/v2\/product"}],"about":[{"href":"https:\/\/moi-dom.md\/ro\/wp-json\/wp\/v2\/types\/product"}],"version-history":[{"count":3,"href":"https:\/\/moi-dom.md\/ro\/wp-json\/wp\/v2\/product\/10661\/revisions"}],"predecessor-version":[{"id":10668,"href":"https:\/\/moi-dom.md\/ro\/wp-json\/wp\/v2\/product\/10661\/revisions\/10668"}],"wp:featuredmedia":[{"embeddable":true,"href":"https:\/\/moi-dom.md\/ro\/wp-json\/wp\/v2\/media\/10664"}],"wp:attachment":[{"href":"https:\/\/moi-dom.md\/ro\/wp-json\/wp\/v2\/media?parent=10661"}],"wp:term":[{"taxonomy":"product_brand","embeddable":true,"href":"https:\/\/moi-dom.md\/ro\/wp-json\/wp\/v2\/product_brand?post=10661"},{"taxonomy":"product_cat","embeddable":true,"href":"https:\/\/moi-dom.md\/ro\/wp-json\/wp\/v2\/product_cat?post=10661"},{"taxonomy":"product_tag","embeddable":true,"href":"https:\/\/moi-dom.md\/ro\/wp-json\/wp\/v2\/product_tag?post=10661"}],"curies":[{"name":"wp","href":"https:\/\/api.w.org\/{rel}","templated":true}]}}