{"id":10659,"date":"2026-02-19T20:12:00","date_gmt":"2026-02-19T17:12:00","guid":{"rendered":"https:\/\/moi-dom.md\/product\/vaza-freaky-leaves-cup\/"},"modified":"2026-02-19T20:12:00","modified_gmt":"2026-02-19T17:12:00","slug":"vaza-freaky-leaves-cup","status":"publish","type":"product","link":"https:\/\/moi-dom.md\/ro\/produs\/vaza-freaky-leaves-cup\/","title":{"rendered":"Vaza Freaky Leaves Cup"},"content":{"rendered":"<p class=\"p1\">Vaza din ceramic\u0103 cu relief tip \u201epetale\u201d pe tot conturul, arat\u0103 ca un obiect decorativ chiar \u0219i f\u0103r\u0103 flori. Nuan\u021ba de mov este elegant\u0103 \u0219i adaug\u0103 profunzime spa\u021biului, reflect\u00e2nd frumos lumina.<br \/>Cu \u00een\u0103l\u021bimea de 26,5 cm \u0219i diametrul de 16 cm, este ideal\u0103 pentru mas\u0103, consol\u0103 sau raft. Ceramica este rezistent\u0103 la ap\u0103, potrivit\u0103 pentru flori naturale \u0219i ap\u0103. Se potrive\u0219te perfect cu interioare neutre, sticl\u0103 \u0219i metal, dar \u0219i cu flori de prim\u0103var\u0103 sau aranjamente cu flori uscate.    <\/p>\n","protected":false},"excerpt":{"rendered":"<p class=\"p1\">Vaz\u0103 mov cu relief elegant tip petale \u2014 un accent care ofer\u0103 profunzime \u0219i rafinament interiorului. Impresionant\u0103 chiar \u0219i f\u0103r\u0103 flori. <\/p>\n","protected":false},"featured_media":10656,"template":"","meta":[],"product_brand":[],"product_cat":[247,676],"product_tag":[],"class_list":{"0":"post-10659","1":"product","2":"type-product","3":"status-publish","4":"has-post-thumbnail","6":"product_cat-decor-pentru-casa","7":"product_cat-vaze","8":"pa_brand-edg-enzo-de-gasperi","9":"pa_color-violet","10":"pa_material-ceramica","11":"pa_shape-reliefata","12":"pa_size-o16x265-cm","14":"first","15":"instock","16":"shipping-taxable","17":"purchasable","18":"product-type-simple"},"_links":{"self":[{"href":"https:\/\/moi-dom.md\/ro\/wp-json\/wp\/v2\/product\/10659","targetHints":{"allow":["GET"]}}],"collection":[{"href":"https:\/\/moi-dom.md\/ro\/wp-json\/wp\/v2\/product"}],"about":[{"href":"https:\/\/moi-dom.md\/ro\/wp-json\/wp\/v2\/types\/product"}],"version-history":[{"count":0,"href":"https:\/\/moi-dom.md\/ro\/wp-json\/wp\/v2\/product\/10659\/revisions"}],"wp:featuredmedia":[{"embeddable":true,"href":"https:\/\/moi-dom.md\/ro\/wp-json\/wp\/v2\/media\/10656"}],"wp:attachment":[{"href":"https:\/\/moi-dom.md\/ro\/wp-json\/wp\/v2\/media?parent=10659"}],"wp:term":[{"taxonomy":"product_brand","embeddable":true,"href":"https:\/\/moi-dom.md\/ro\/wp-json\/wp\/v2\/product_brand?post=10659"},{"taxonomy":"product_cat","embeddable":true,"href":"https:\/\/moi-dom.md\/ro\/wp-json\/wp\/v2\/product_cat?post=10659"},{"taxonomy":"product_tag","embeddable":true,"href":"https:\/\/moi-dom.md\/ro\/wp-json\/wp\/v2\/product_tag?post=10659"}],"curies":[{"name":"wp","href":"https:\/\/api.w.org\/{rel}","templated":true}]}}