{"id":10541,"date":"2026-02-18T16:00:09","date_gmt":"2026-02-18T13:00:09","guid":{"rendered":"https:\/\/moi-dom.md\/?post_type=product&#038;p=10541"},"modified":"2026-02-19T20:03:11","modified_gmt":"2026-02-19T17:03:11","slug":"tigaie-tip-sote-24-cm-cu-doua-manere-big-family-%d0%ba%d0%be%d0%bf%d0%b8%d1%80%d0%be%d0%b2%d0%b0%d1%82%d1%8c","status":"publish","type":"product","link":"https:\/\/moi-dom.md\/ro\/produs\/tigaie-tip-sote-24-cm-cu-doua-manere-big-family-%d0%ba%d0%be%d0%bf%d0%b8%d1%80%d0%be%d0%b2%d0%b0%d1%82%d1%8c\/","title":{"rendered":"Tigaie tip saute 28 cm cu dou\u0103 m\u00e2nere Big Family"},"content":{"rendered":"<p class=\"p1\">Tigaia tip saute Big Family cu diametrul de 28 cm este ideal\u0103 pentru sotare, pr\u0103jire \u0219i preparate \u201eall-in-one\u201d. Marginile \u00eenalte ajut\u0103 la g\u0103tit curat, iar cele dou\u0103 m\u00e2nere laterale sunt practice pentru mutare \u0219i servire. O alegere foarte bun\u0103 pentru paste, legume, toc\u0103ni\u021be, sosuri \u0219i m\u00e2nc\u0103ruri pentru toat\u0103 familia.  <\/p>\n","protected":false},"excerpt":{"rendered":"<p class=\"p1\">Tigaie tip saute ad\u00e2nc\u0103 de 28 cm, cu dou\u0103 m\u00e2nere \u2014 comod\u0103 pentru g\u0103tit \u0219i servire. Potrivit\u0103 pentru utilizare zilnic\u0103. <\/p>\n","protected":false},"featured_media":10544,"template":"","meta":[],"product_brand":[],"product_cat":[996,786],"product_tag":[],"class_list":{"0":"post-10541","1":"product","2":"type-product","3":"status-publish","4":"has-post-thumbnail","6":"product_cat-tigai","7":"product_cat-vesela-pentru-gatit","8":"pa_brand-tognana","9":"pa_color-black","10":"pa_material-aluminiu","11":"pa_size-o28-cm","12":"pa_tip-plity-aragaz","13":"pa_tip-plity-plita-cu-inductie","14":"pa_tip-plity-plita-electrica","15":"pa_uhod-se-poate-spala-in-masina-de-spalat-vase","17":"first","18":"instock","19":"shipping-taxable","20":"purchasable","21":"product-type-simple"},"_links":{"self":[{"href":"https:\/\/moi-dom.md\/ro\/wp-json\/wp\/v2\/product\/10541","targetHints":{"allow":["GET"]}}],"collection":[{"href":"https:\/\/moi-dom.md\/ro\/wp-json\/wp\/v2\/product"}],"about":[{"href":"https:\/\/moi-dom.md\/ro\/wp-json\/wp\/v2\/types\/product"}],"version-history":[{"count":3,"href":"https:\/\/moi-dom.md\/ro\/wp-json\/wp\/v2\/product\/10541\/revisions"}],"predecessor-version":[{"id":10653,"href":"https:\/\/moi-dom.md\/ro\/wp-json\/wp\/v2\/product\/10541\/revisions\/10653"}],"wp:featuredmedia":[{"embeddable":true,"href":"https:\/\/moi-dom.md\/ro\/wp-json\/wp\/v2\/media\/10544"}],"wp:attachment":[{"href":"https:\/\/moi-dom.md\/ro\/wp-json\/wp\/v2\/media?parent=10541"}],"wp:term":[{"taxonomy":"product_brand","embeddable":true,"href":"https:\/\/moi-dom.md\/ro\/wp-json\/wp\/v2\/product_brand?post=10541"},{"taxonomy":"product_cat","embeddable":true,"href":"https:\/\/moi-dom.md\/ro\/wp-json\/wp\/v2\/product_cat?post=10541"},{"taxonomy":"product_tag","embeddable":true,"href":"https:\/\/moi-dom.md\/ro\/wp-json\/wp\/v2\/product_tag?post=10541"}],"curies":[{"name":"wp","href":"https:\/\/api.w.org\/{rel}","templated":true}]}}