{"id":10512,"date":"2026-02-18T15:25:45","date_gmt":"2026-02-18T12:25:45","guid":{"rendered":"https:\/\/moi-dom.md\/?post_type=product&#038;p=10512"},"modified":"2026-02-18T15:43:09","modified_gmt":"2026-02-18T12:43:09","slug":"capac-din-sticla-cu-margine-din-silicon-grancucina-20-cm-%d0%ba%d0%be%d0%bf%d0%b8%d1%80%d0%be%d0%b2%d0%b0%d1%82%d1%8c-%d0%ba%d0%be%d0%bf%d0%b8%d1%80%d0%be%d0%b2%d0%b0%d1%82%d1%8c","status":"publish","type":"product","link":"https:\/\/moi-dom.md\/ro\/produs\/capac-din-sticla-cu-margine-din-silicon-grancucina-20-cm-%d0%ba%d0%be%d0%bf%d0%b8%d1%80%d0%be%d0%b2%d0%b0%d1%82%d1%8c-%d0%ba%d0%be%d0%bf%d0%b8%d1%80%d0%be%d0%b2%d0%b0%d1%82%d1%8c\/","title":{"rendered":"Capac din sticl\u0103 Rustic Stone 20 cm"},"content":{"rendered":"<p class=\"p1\">Capacul din sticl\u0103 cu diametrul de 20 cm din colec\u021bia Rustic Stone este un accesoriu practic \u0219i versatil pentru buc\u0103t\u0103rie. Sticla termorezistent\u0103 permite monitorizarea prepar\u0103rii f\u0103r\u0103 a ridica capacul. Marginea metalic\u0103 asigur\u0103 fixare stabil\u0103, iar m\u00e2nerul cu efect de lemn natural ofer\u0103 un aspect elegant. Potrivit pentru oale \u0219i tig\u0103i cu diametrul de 20 cm.   <\/p>\n","protected":false},"excerpt":{"rendered":"<p class=\"p1\">Capac din sticl\u0103 20 cm cu margine metalic\u0103 \u0219i m\u00e2ner cu efect de lemn.<\/p>\n","protected":false},"featured_media":10481,"template":"","meta":[],"product_brand":[],"product_cat":[988,786],"product_tag":[],"class_list":{"0":"post-10512","1":"product","2":"type-product","3":"status-publish","4":"has-post-thumbnail","6":"product_cat-capace-pentru-cratite-si-tigai","7":"product_cat-vesela-pentru-gatit","8":"pa_brand-tognana","9":"pa_material-sticla","10":"pa_size-o20-cm","11":"pa_uhod-se-poate-spala-in-masina-de-spalat-vase","13":"first","14":"instock","15":"shipping-taxable","16":"purchasable","17":"product-type-simple"},"_links":{"self":[{"href":"https:\/\/moi-dom.md\/ro\/wp-json\/wp\/v2\/product\/10512","targetHints":{"allow":["GET"]}}],"collection":[{"href":"https:\/\/moi-dom.md\/ro\/wp-json\/wp\/v2\/product"}],"about":[{"href":"https:\/\/moi-dom.md\/ro\/wp-json\/wp\/v2\/types\/product"}],"version-history":[{"count":2,"href":"https:\/\/moi-dom.md\/ro\/wp-json\/wp\/v2\/product\/10512\/revisions"}],"predecessor-version":[{"id":10528,"href":"https:\/\/moi-dom.md\/ro\/wp-json\/wp\/v2\/product\/10512\/revisions\/10528"}],"wp:featuredmedia":[{"embeddable":true,"href":"https:\/\/moi-dom.md\/ro\/wp-json\/wp\/v2\/media\/10481"}],"wp:attachment":[{"href":"https:\/\/moi-dom.md\/ro\/wp-json\/wp\/v2\/media?parent=10512"}],"wp:term":[{"taxonomy":"product_brand","embeddable":true,"href":"https:\/\/moi-dom.md\/ro\/wp-json\/wp\/v2\/product_brand?post=10512"},{"taxonomy":"product_cat","embeddable":true,"href":"https:\/\/moi-dom.md\/ro\/wp-json\/wp\/v2\/product_cat?post=10512"},{"taxonomy":"product_tag","embeddable":true,"href":"https:\/\/moi-dom.md\/ro\/wp-json\/wp\/v2\/product_tag?post=10512"}],"curies":[{"name":"wp","href":"https:\/\/api.w.org\/{rel}","templated":true}]}}