{"id":10501,"date":"2026-02-18T13:32:18","date_gmt":"2026-02-18T10:32:18","guid":{"rendered":"https:\/\/moi-dom.md\/?post_type=product&#038;p=10501"},"modified":"2026-02-26T14:27:41","modified_gmt":"2026-02-26T11:27:41","slug":"capac-din-sticla-cu-margine-din-silicon-grancucina-20-cm-%d0%ba%d0%be%d0%bf%d0%b8%d1%80%d0%be%d0%b2%d0%b0%d1%82%d1%8c","status":"publish","type":"product","link":"https:\/\/moi-dom.md\/ro\/produs\/capac-din-sticla-cu-margine-din-silicon-grancucina-20-cm-%d0%ba%d0%be%d0%bf%d0%b8%d1%80%d0%be%d0%b2%d0%b0%d1%82%d1%8c\/","title":{"rendered":"Capac-strecur\u0103toare Ultra Class Induction"},"content":{"rendered":"<p class=\"p1\">Capacul strecur\u0103tor din colec\u021bia Ultra Class Induction este o solu\u021bie practic\u0103 2 \u00een 1 pentru buc\u0103t\u0103rie. Suprafa\u021ba de sticl\u0103 v\u0103 permite s\u0103 monitoriza\u021bi procesul de g\u0103tire f\u0103r\u0103 a deschide crati\u021ba. Marginea metalic\u0103 asigur\u0103 o etan\u0219are etan\u0219\u0103, iar orificiile de scurgere \u00eencorporate v\u0103 permit s\u0103 scurge\u021bi lichidul direct din oal\u0103 sau tigaie, f\u0103r\u0103 a utiliza o strecur\u0103toare separat\u0103. Este convenabil pentru prepararea pastelor, legumelor, cerealelor \u0219i a altor preparate unde scurgerea atent\u0103 este esen\u021bial\u0103.   <\/p>\n","protected":false},"excerpt":{"rendered":"<p class=\"p1\">Capac-dur\u0219lag din sticl\u0103 cu inel metalic. Permite scurgerea apei u\u0219or, f\u0103r\u0103 strecur\u0103toare separat\u0103. <\/p>\n","protected":false},"featured_media":10481,"template":"","meta":[],"product_brand":[],"product_cat":[988,786],"product_tag":[],"class_list":{"0":"post-10501","1":"product","2":"type-product","3":"status-publish","4":"has-post-thumbnail","6":"product_cat-capace-pentru-cratite-si-tigai","7":"product_cat-vesela-pentru-gatit","8":"pa_brand-tognana","9":"pa_material-sticla","10":"pa_size-o24-cm","11":"pa_size-o28-cm","12":"pa_uhod-se-poate-spala-in-masina-de-spalat-vase","14":"first","15":"instock","16":"shipping-taxable","17":"purchasable","18":"product-type-variable"},"_links":{"self":[{"href":"https:\/\/moi-dom.md\/ro\/wp-json\/wp\/v2\/product\/10501","targetHints":{"allow":["GET"]}}],"collection":[{"href":"https:\/\/moi-dom.md\/ro\/wp-json\/wp\/v2\/product"}],"about":[{"href":"https:\/\/moi-dom.md\/ro\/wp-json\/wp\/v2\/types\/product"}],"version-history":[{"count":3,"href":"https:\/\/moi-dom.md\/ro\/wp-json\/wp\/v2\/product\/10501\/revisions"}],"predecessor-version":[{"id":11136,"href":"https:\/\/moi-dom.md\/ro\/wp-json\/wp\/v2\/product\/10501\/revisions\/11136"}],"wp:featuredmedia":[{"embeddable":true,"href":"https:\/\/moi-dom.md\/ro\/wp-json\/wp\/v2\/media\/10481"}],"wp:attachment":[{"href":"https:\/\/moi-dom.md\/ro\/wp-json\/wp\/v2\/media?parent=10501"}],"wp:term":[{"taxonomy":"product_brand","embeddable":true,"href":"https:\/\/moi-dom.md\/ro\/wp-json\/wp\/v2\/product_brand?post=10501"},{"taxonomy":"product_cat","embeddable":true,"href":"https:\/\/moi-dom.md\/ro\/wp-json\/wp\/v2\/product_cat?post=10501"},{"taxonomy":"product_tag","embeddable":true,"href":"https:\/\/moi-dom.md\/ro\/wp-json\/wp\/v2\/product_tag?post=10501"}],"curies":[{"name":"wp","href":"https:\/\/api.w.org\/{rel}","templated":true}]}}