{"id":10494,"date":"2026-02-18T13:25:35","date_gmt":"2026-02-18T10:25:35","guid":{"rendered":"https:\/\/moi-dom.md\/?post_type=product&#038;p=10494"},"modified":"2026-02-18T13:30:18","modified_gmt":"2026-02-18T10:30:18","slug":"tigaie-22-cm-authentika-%d0%ba%d0%be%d0%bf%d0%b8%d1%80%d0%be%d0%b2%d0%b0%d1%82%d1%8c","status":"publish","type":"product","link":"https:\/\/moi-dom.md\/ro\/produs\/tigaie-22-cm-authentika-%d0%ba%d0%be%d0%bf%d0%b8%d1%80%d0%be%d0%b2%d0%b0%d1%82%d1%8c\/","title":{"rendered":"Tigaie tip sote 26 cm cu dou\u0103 m\u00e2nere Authentika"},"content":{"rendered":"<p class=\"p1\">Tigaia tip sote Authentika de 26 cm, cu dou\u0103 m\u00e2nere, este perfect\u0103 c\u00e2nd ai nevoie de mai mult volum: pentru legume \u00een\u0103bu\u0219ite, sosuri, toc\u0103ni\u021be, paste, por\u021bii mai mari sau preparate finalizate sub capac. Corpul din aluminiu se \u00eenc\u0103lze\u0219te rapid \u0219i distribuie uniform c\u0103ldura, pentru g\u0103tit mai stabil \u0219i f\u0103r\u0103 \u201epuncte fierbin\u021bi\u201d. Interiorul este u\u0219or de \u00eentre\u021binut \u0219i face g\u0103titul mai comod. Cele dou\u0103 m\u00e2nere laterale sunt practice la mutare \u0219i la servire, mai ales c\u00e2nd vasul este greu sau fierbinte.    <\/p>\n","protected":false},"excerpt":{"rendered":"<p class=\"p1\">Tigaie tip sote 26 cm cu dou\u0103 m\u00e2nere. Ideal\u0103 pentru \u00een\u0103bu\u0219ire, sosuri \u0219i por\u021bii mai mari. <\/p>\n","protected":false},"featured_media":10497,"template":"","meta":[],"product_brand":[],"product_cat":[995,785],"product_tag":[],"class_list":{"0":"post-10494","1":"product","2":"type-product","3":"status-publish","4":"has-post-thumbnail","6":"product_cat-skovorody","7":"product_cat-posuda-dlya-prigotovleniya","8":"pa_brand-tognana","9":"pa_color-black","10":"pa_material-848","11":"pa_size-o26-","12":"pa_tip-plity-gazovaya-plita","13":"pa_tip-plity-indukcionnaya-plita","14":"pa_tip-plity-elektricheskaya-plita","15":"pa_uhod-posudomoechnaya-mashina","17":"first","18":"instock","19":"shipping-taxable","20":"purchasable","21":"product-type-simple"},"_links":{"self":[{"href":"https:\/\/moi-dom.md\/ro\/wp-json\/wp\/v2\/product\/10494","targetHints":{"allow":["GET"]}}],"collection":[{"href":"https:\/\/moi-dom.md\/ro\/wp-json\/wp\/v2\/product"}],"about":[{"href":"https:\/\/moi-dom.md\/ro\/wp-json\/wp\/v2\/types\/product"}],"version-history":[{"count":2,"href":"https:\/\/moi-dom.md\/ro\/wp-json\/wp\/v2\/product\/10494\/revisions"}],"predecessor-version":[{"id":10499,"href":"https:\/\/moi-dom.md\/ro\/wp-json\/wp\/v2\/product\/10494\/revisions\/10499"}],"wp:featuredmedia":[{"embeddable":true,"href":"https:\/\/moi-dom.md\/ro\/wp-json\/wp\/v2\/media\/10497"}],"wp:attachment":[{"href":"https:\/\/moi-dom.md\/ro\/wp-json\/wp\/v2\/media?parent=10494"}],"wp:term":[{"taxonomy":"product_brand","embeddable":true,"href":"https:\/\/moi-dom.md\/ro\/wp-json\/wp\/v2\/product_brand?post=10494"},{"taxonomy":"product_cat","embeddable":true,"href":"https:\/\/moi-dom.md\/ro\/wp-json\/wp\/v2\/product_cat?post=10494"},{"taxonomy":"product_tag","embeddable":true,"href":"https:\/\/moi-dom.md\/ro\/wp-json\/wp\/v2\/product_tag?post=10494"}],"curies":[{"name":"wp","href":"https:\/\/api.w.org\/{rel}","templated":true}]}}