{"id":10478,"date":"2026-02-18T12:42:31","date_gmt":"2026-02-18T09:42:31","guid":{"rendered":"https:\/\/moi-dom.md\/?post_type=product&#038;p=10478"},"modified":"2026-02-18T13:04:56","modified_gmt":"2026-02-18T10:04:56","slug":"capac-din-sticla-cu-maner-din-lemn-grancucina-16-cm-%d0%ba%d0%be%d0%bf%d0%b8%d1%80%d0%be%d0%b2%d0%b0%d1%82%d1%8c-%d0%ba%d0%be%d0%bf%d0%b8%d1%80%d0%be%d0%b2%d0%b0%d1%82%d1%8c-%d0%ba%d0%be%d0%bf","status":"publish","type":"product","link":"https:\/\/moi-dom.md\/ro\/produs\/capac-din-sticla-cu-maner-din-lemn-grancucina-16-cm-%d0%ba%d0%be%d0%bf%d0%b8%d1%80%d0%be%d0%b2%d0%b0%d1%82%d1%8c-%d0%ba%d0%be%d0%bf%d0%b8%d1%80%d0%be%d0%b2%d0%b0%d1%82%d1%8c-%d0%ba%d0%be%d0%bf\/","title":{"rendered":"Capac din sticl\u0103 cu margine din silicon Grancucina 20 cm"},"content":{"rendered":"<p class=\"p1\">Capacul din sticl\u0103 Tognana Grancucina cu diametrul de 20 cm este o solu\u021bie practic\u0103 pentru crati\u021be \u0219i tig\u0103i de aceea\u0219i dimensiune. Sticla securizat\u0103 transparent\u0103 permite monitorizarea preparatelor f\u0103r\u0103 pierdere de c\u0103ldur\u0103. Modelul este prev\u0103zut cu margine din silicon care asigur\u0103 o fixare sigur\u0103 \u0219i protejeaz\u0103 vasele \u00eempotriva zg\u00e2rieturilor \u0219i ciobirilor. M\u00e2nerul termorezistent de culoare neagr\u0103 ofer\u0103 confort \u00een utilizare \u0219i siguran\u021b\u0103 \u00een timpul g\u0103titului. Designul modern o face potrivit\u0103 pentru utilizare zilnic\u0103 \u0219i u\u0219or de integrat \u00een orice buc\u0103t\u0103rie.    <\/p>\n","protected":false},"excerpt":{"rendered":"<p class=\"p1\">Capac din sticl\u0103 20 cm cu margine din silicon \u0219i m\u00e2ner negru.<\/p>\n","protected":false},"featured_media":10481,"template":"","meta":[],"product_brand":[],"product_cat":[987,785],"product_tag":[],"class_list":{"0":"post-10478","1":"product","2":"type-product","3":"status-publish","4":"has-post-thumbnail","6":"product_cat-kryshki-dlya-kastryul-i-skovorodok","7":"product_cat-posuda-dlya-prigotovleniya","8":"pa_brand-tognana","9":"pa_material-pp-","10":"pa_material-silikon","11":"pa_material-596","12":"pa_size-o20-","13":"pa_uhod-posudomoechnaya-mashina","15":"first","16":"instock","17":"shipping-taxable","18":"purchasable","19":"product-type-simple"},"_links":{"self":[{"href":"https:\/\/moi-dom.md\/ro\/wp-json\/wp\/v2\/product\/10478","targetHints":{"allow":["GET"]}}],"collection":[{"href":"https:\/\/moi-dom.md\/ro\/wp-json\/wp\/v2\/product"}],"about":[{"href":"https:\/\/moi-dom.md\/ro\/wp-json\/wp\/v2\/types\/product"}],"version-history":[{"count":2,"href":"https:\/\/moi-dom.md\/ro\/wp-json\/wp\/v2\/product\/10478\/revisions"}],"predecessor-version":[{"id":10486,"href":"https:\/\/moi-dom.md\/ro\/wp-json\/wp\/v2\/product\/10478\/revisions\/10486"}],"wp:featuredmedia":[{"embeddable":true,"href":"https:\/\/moi-dom.md\/ro\/wp-json\/wp\/v2\/media\/10481"}],"wp:attachment":[{"href":"https:\/\/moi-dom.md\/ro\/wp-json\/wp\/v2\/media?parent=10478"}],"wp:term":[{"taxonomy":"product_brand","embeddable":true,"href":"https:\/\/moi-dom.md\/ro\/wp-json\/wp\/v2\/product_brand?post=10478"},{"taxonomy":"product_cat","embeddable":true,"href":"https:\/\/moi-dom.md\/ro\/wp-json\/wp\/v2\/product_cat?post=10478"},{"taxonomy":"product_tag","embeddable":true,"href":"https:\/\/moi-dom.md\/ro\/wp-json\/wp\/v2\/product_tag?post=10478"}],"curies":[{"name":"wp","href":"https:\/\/api.w.org\/{rel}","templated":true}]}}