{"id":10466,"date":"2026-02-18T12:34:00","date_gmt":"2026-02-18T09:34:00","guid":{"rendered":"https:\/\/moi-dom.md\/?post_type=product&#038;p=10466"},"modified":"2026-02-18T13:01:12","modified_gmt":"2026-02-18T10:01:12","slug":"capac-din-sticla-cu-maner-din-lemn-grancucina-16-cm-%d0%ba%d0%be%d0%bf%d0%b8%d1%80%d0%be%d0%b2%d0%b0%d1%82%d1%8c","status":"publish","type":"product","link":"https:\/\/moi-dom.md\/ro\/produs\/capac-din-sticla-cu-maner-din-lemn-grancucina-16-cm-%d0%ba%d0%be%d0%bf%d0%b8%d1%80%d0%be%d0%b2%d0%b0%d1%82%d1%8c\/","title":{"rendered":"Capac din sticl\u0103 cu m\u00e2ner din lemn Grancucina 22 cm"},"content":{"rendered":"<p class=\"p1\">Capacul din sticl\u0103 Tognana Grancucina cu diametrul de 22 cm este un accesoriu practic pentru crati\u021be \u0219i tig\u0103i de aceea\u0219i dimensiune. Sticla securizat\u0103 transparent\u0103 permite monitorizarea preparatelor f\u0103r\u0103 a ridica capacul. Modelul este prev\u0103zut cu margine metalic\u0103 pentru o fixare sigur\u0103 \u0219i m\u00e2ner din lemn care ofer\u0103 confort \u0219i un aspect natural. Ideal pentru utilizare zilnic\u0103, ajut\u0103 la men\u021binerea c\u0103ldurii \u0219i la g\u0103tirea mai eficient\u0103.<br \/>Designul minimalist se integreaz\u0103 perfect \u00een colec\u021bia Natural Taste \u0219i \u00een alte serii similare.    <\/p>\n","protected":false},"excerpt":{"rendered":"<p class=\"p1\">Capac din sticl\u0103 22 cm cu margine metalic\u0103 \u0219i m\u00e2ner din lemn.<\/p>\n","protected":false},"featured_media":10469,"template":"","meta":[],"product_brand":[],"product_cat":[988,786],"product_tag":[],"class_list":{"0":"post-10466","1":"product","2":"type-product","3":"status-publish","4":"has-post-thumbnail","6":"product_cat-capace-pentru-cratite-si-tigai","7":"product_cat-vesela-pentru-gatit","8":"pa_brand-tognana","9":"pa_material-sticla","10":"pa_size-o22-cm","11":"pa_uhod-se-poate-spala-in-masina-de-spalat-vase","13":"first","14":"instock","15":"shipping-taxable","16":"purchasable","17":"product-type-simple"},"_links":{"self":[{"href":"https:\/\/moi-dom.md\/ro\/wp-json\/wp\/v2\/product\/10466","targetHints":{"allow":["GET"]}}],"collection":[{"href":"https:\/\/moi-dom.md\/ro\/wp-json\/wp\/v2\/product"}],"about":[{"href":"https:\/\/moi-dom.md\/ro\/wp-json\/wp\/v2\/types\/product"}],"version-history":[{"count":2,"href":"https:\/\/moi-dom.md\/ro\/wp-json\/wp\/v2\/product\/10466\/revisions"}],"predecessor-version":[{"id":10484,"href":"https:\/\/moi-dom.md\/ro\/wp-json\/wp\/v2\/product\/10466\/revisions\/10484"}],"wp:featuredmedia":[{"embeddable":true,"href":"https:\/\/moi-dom.md\/ro\/wp-json\/wp\/v2\/media\/10469"}],"wp:attachment":[{"href":"https:\/\/moi-dom.md\/ro\/wp-json\/wp\/v2\/media?parent=10466"}],"wp:term":[{"taxonomy":"product_brand","embeddable":true,"href":"https:\/\/moi-dom.md\/ro\/wp-json\/wp\/v2\/product_brand?post=10466"},{"taxonomy":"product_cat","embeddable":true,"href":"https:\/\/moi-dom.md\/ro\/wp-json\/wp\/v2\/product_cat?post=10466"},{"taxonomy":"product_tag","embeddable":true,"href":"https:\/\/moi-dom.md\/ro\/wp-json\/wp\/v2\/product_tag?post=10466"}],"curies":[{"name":"wp","href":"https:\/\/api.w.org\/{rel}","templated":true}]}}