{"id":10439,"date":"2026-02-18T11:33:55","date_gmt":"2026-02-18T08:33:55","guid":{"rendered":"https:\/\/moi-dom.md\/?post_type=product&#038;p=10439"},"modified":"2026-02-18T11:45:00","modified_gmt":"2026-02-18T08:45:00","slug":"set-cafetiere-moka-1-si-3-cani-%d0%ba%d0%be%d0%bf%d0%b8%d1%80%d0%be%d0%b2%d0%b0%d1%82%d1%8c","status":"publish","type":"product","link":"https:\/\/moi-dom.md\/ro\/produs\/set-cafetiere-moka-1-si-3-cani-%d0%ba%d0%be%d0%bf%d0%b8%d1%80%d0%be%d0%b2%d0%b0%d1%82%d1%8c\/","title":{"rendered":"Cafetier\u0103 moka (1 can\u0103) Authentika"},"content":{"rendered":"<p class=\"p1\">Cafetiera moka (Authentika) pentru 1 por\u021bie \u2013 ideal pentru cafeaua de zi cu zi, f\u0103r\u0103 b\u0103t\u0103i de cap. Corpul din aluminiu se \u00eenc\u0103lze\u0219te uniform \u0219i ajut\u0103 la ob\u021binerea unui gust intens, iar utilizarea este simpl\u0103: ap\u0103 \u00een baz\u0103, cafea m\u0103cinat\u0103 \u00een filtru \u2013 \u00een c\u00e2teva minute ai o cafea aromat\u0103. Perfect pentru acas\u0103, birou sau escapade de weekend. Finisajul argintiu este curat, practic \u0219i u\u0219or de integrat \u00een orice buc\u0103t\u0103rie.   <\/p>\n","protected":false},"excerpt":{"rendered":"<p class=\"p1\">Cafetiera moka din aluminiu pentru 1 por\u021bie. Prepar\u0103 rapid o cafea intens\u0103, format compact. <\/p>\n","protected":false},"featured_media":10442,"template":"","meta":[],"product_brand":[],"product_cat":[974,786],"product_tag":[],"class_list":{"0":"post-10439","1":"product","2":"type-product","3":"status-publish","4":"has-post-thumbnail","6":"product_cat-cafetiere-ceainice","7":"product_cat-vesela-pentru-gatit","8":"pa_brand-tognana","9":"pa_color-chrome","10":"pa_material-aluminiu","11":"pa_size-o65x13-cm","12":"pa_tip-plity-gazovaya-plita","13":"pa_tip-plity-indukcionnaya-plita","14":"pa_tip-plity-elektricheskaya-plita","15":"pa_volume-65-ml","17":"first","18":"instock","19":"shipping-taxable","20":"purchasable","21":"product-type-simple"},"_links":{"self":[{"href":"https:\/\/moi-dom.md\/ro\/wp-json\/wp\/v2\/product\/10439","targetHints":{"allow":["GET"]}}],"collection":[{"href":"https:\/\/moi-dom.md\/ro\/wp-json\/wp\/v2\/product"}],"about":[{"href":"https:\/\/moi-dom.md\/ro\/wp-json\/wp\/v2\/types\/product"}],"version-history":[{"count":2,"href":"https:\/\/moi-dom.md\/ro\/wp-json\/wp\/v2\/product\/10439\/revisions"}],"predecessor-version":[{"id":10445,"href":"https:\/\/moi-dom.md\/ro\/wp-json\/wp\/v2\/product\/10439\/revisions\/10445"}],"wp:featuredmedia":[{"embeddable":true,"href":"https:\/\/moi-dom.md\/ro\/wp-json\/wp\/v2\/media\/10442"}],"wp:attachment":[{"href":"https:\/\/moi-dom.md\/ro\/wp-json\/wp\/v2\/media?parent=10439"}],"wp:term":[{"taxonomy":"product_brand","embeddable":true,"href":"https:\/\/moi-dom.md\/ro\/wp-json\/wp\/v2\/product_brand?post=10439"},{"taxonomy":"product_cat","embeddable":true,"href":"https:\/\/moi-dom.md\/ro\/wp-json\/wp\/v2\/product_cat?post=10439"},{"taxonomy":"product_tag","embeddable":true,"href":"https:\/\/moi-dom.md\/ro\/wp-json\/wp\/v2\/product_tag?post=10439"}],"curies":[{"name":"wp","href":"https:\/\/api.w.org\/{rel}","templated":true}]}}