{"id":10432,"date":"2026-02-18T11:14:55","date_gmt":"2026-02-18T08:14:55","guid":{"rendered":"https:\/\/moi-dom.md\/?post_type=product&#038;p=10432"},"modified":"2026-02-18T11:30:11","modified_gmt":"2026-02-18T08:30:11","slug":"cafetiera-moka-6-cani-%d0%ba%d0%be%d0%bf%d0%b8%d1%80%d0%be%d0%b2%d0%b0%d1%82%d1%8c","status":"publish","type":"product","link":"https:\/\/moi-dom.md\/ro\/produs\/cafetiera-moka-6-cani-%d0%ba%d0%be%d0%bf%d0%b8%d1%80%d0%be%d0%b2%d0%b0%d1%82%d1%8c\/","title":{"rendered":"Set cafetiere moka (1 \u0219i 3 c\u0103ni)"},"content":{"rendered":"<p class=\"p1\">Set practic format din dou\u0103 cafetiere moka pentru 1 \u0219i 3 c\u0103ni \u2014 solu\u021bia ideal\u0103 pentru acas\u0103, birou sau vacan\u021b\u0103. Pute\u021bi prepara rapid o por\u021bie de espresso pentru dumneavoastr\u0103 sau cafea pentru mai multe persoane, p\u0103str\u00e2nd acela\u0219i design elegant. Corpul din aluminiu asigur\u0103 \u00eenc\u0103lzire rapid\u0103 \u0219i uniform\u0103, oferind o extrac\u021bie corect\u0103 \u0219i un gust intens, aromat. Sistemul clasic moka permite ob\u021binerea unei cafele concentrate, cu arom\u0103 bogat\u0103 \u0219i textur\u0103 plin\u0103. M\u00e2nerele ergonomice, rezistente la temperaturi ridicate, ofer\u0103 siguran\u021b\u0103 \u0219i confort \u00een utilizare. Culoarea ro\u0219ie adaug\u0103 un accent modern \u0219i elegant \u00een buc\u0103t\u0103rie.     <\/p>\n","protected":false},"excerpt":{"rendered":"<p class=\"p1\">Set din dou\u0103 cafetiere moka pentru 1 \u0219i 3 c\u0103ni Corp din aluminiu, \u00eenc\u0103lzire uniform\u0103 \u0219i gust intens al cafelei. Design ro\u0219u elegant.  <\/p>\n","protected":false},"featured_media":10435,"template":"","meta":[],"product_brand":[],"product_cat":[973,785],"product_tag":[],"class_list":{"0":"post-10432","1":"product","2":"type-product","3":"status-publish","4":"has-post-thumbnail","6":"product_cat-kofevarki-i-chayniki","7":"product_cat-posuda-dlya-prigotovleniya","8":"pa_brand-tognana","9":"pa_color-chrome","10":"pa_material-848","11":"pa_size-o7x125-","12":"pa_size-o9x15-","13":"pa_tip-plity-gazovaya-plita","14":"pa_tip-plity-indukcionnaya-plita","15":"pa_tip-plity-elektricheskaya-plita","16":"pa_volume-180-","17":"pa_volume-60-","19":"first","20":"instock","21":"shipping-taxable","22":"purchasable","23":"product-type-simple"},"_links":{"self":[{"href":"https:\/\/moi-dom.md\/ro\/wp-json\/wp\/v2\/product\/10432","targetHints":{"allow":["GET"]}}],"collection":[{"href":"https:\/\/moi-dom.md\/ro\/wp-json\/wp\/v2\/product"}],"about":[{"href":"https:\/\/moi-dom.md\/ro\/wp-json\/wp\/v2\/types\/product"}],"version-history":[{"count":2,"href":"https:\/\/moi-dom.md\/ro\/wp-json\/wp\/v2\/product\/10432\/revisions"}],"predecessor-version":[{"id":10437,"href":"https:\/\/moi-dom.md\/ro\/wp-json\/wp\/v2\/product\/10432\/revisions\/10437"}],"wp:featuredmedia":[{"embeddable":true,"href":"https:\/\/moi-dom.md\/ro\/wp-json\/wp\/v2\/media\/10435"}],"wp:attachment":[{"href":"https:\/\/moi-dom.md\/ro\/wp-json\/wp\/v2\/media?parent=10432"}],"wp:term":[{"taxonomy":"product_brand","embeddable":true,"href":"https:\/\/moi-dom.md\/ro\/wp-json\/wp\/v2\/product_brand?post=10432"},{"taxonomy":"product_cat","embeddable":true,"href":"https:\/\/moi-dom.md\/ro\/wp-json\/wp\/v2\/product_cat?post=10432"},{"taxonomy":"product_tag","embeddable":true,"href":"https:\/\/moi-dom.md\/ro\/wp-json\/wp\/v2\/product_tag?post=10432"}],"curies":[{"name":"wp","href":"https:\/\/api.w.org\/{rel}","templated":true}]}}