{"id":10419,"date":"2026-02-17T21:29:23","date_gmt":"2026-02-17T18:29:23","guid":{"rendered":"https:\/\/moi-dom.md\/?post_type=product&#038;p=10419"},"modified":"2026-02-17T21:34:22","modified_gmt":"2026-02-17T18:34:22","slug":"set-de-decantor-si-4-pahare-bach-%d0%ba%d0%be%d0%bf%d0%b8%d1%80%d0%be%d0%b2%d0%b0%d1%82%d1%8c","status":"publish","type":"product","link":"https:\/\/moi-dom.md\/ro\/produs\/set-de-decantor-si-4-pahare-bach-%d0%ba%d0%be%d0%bf%d0%b8%d1%80%d0%be%d0%b2%d0%b0%d1%82%d1%8c\/","title":{"rendered":"Sticl\u0103 de ulei\/o\u021bet Optima Authentica cu dozator"},"content":{"rendered":"<p class=\"p1\">Sticla Optima Authentica de 500 ml cu dozator metalic este o solu\u021bie practic\u0103 \u0219i elegant\u0103 pentru depozitarea \u0219i servirea uleiului de m\u0103sline, o\u021betului, sosurilor \u0219i siropurilor. Forma clasic\u0103 a sticlei de sticl\u0103, combinat\u0103 cu un g\u00e2t \u00eengust \u0219i un cioc dozator, permite un control precis al debitului de lichid, f\u0103r\u0103 pic\u0103turi inutile. Este convenabil at\u00e2t pentru g\u0103tit, c\u00e2t \u0219i pentru servire. Sticla transparent\u0103 eviden\u021biaz\u0103 culoarea con\u021binutului \u0219i ajut\u0103 la monitorizarea nivelului lichidului. Sticla este potrivit\u0103 pentru buc\u0103t\u0103riile de acas\u0103, baruri \u0219i uz profesional.    <\/p>\n","protected":false},"excerpt":{"rendered":"<p class=\"p1\">Sticl\u0103 de sticl\u0103 de 500 ml cu dozator pentru ulei, o\u021bet \u0219i sosuri.<\/p>\n","protected":false},"featured_media":10422,"template":"","meta":[],"product_brand":[],"product_cat":[889,239],"product_tag":[],"class_list":{"0":"post-10419","1":"product","2":"type-product","3":"status-publish","4":"has-post-thumbnail","6":"product_cat-bar-i-steklo","7":"product_cat-posyda","8":"pa_brand-luigi-bormioli","9":"pa_material-596","10":"pa_volume-500-","12":"first","13":"instock","14":"shipping-taxable","15":"purchasable","16":"product-type-simple"},"_links":{"self":[{"href":"https:\/\/moi-dom.md\/ro\/wp-json\/wp\/v2\/product\/10419","targetHints":{"allow":["GET"]}}],"collection":[{"href":"https:\/\/moi-dom.md\/ro\/wp-json\/wp\/v2\/product"}],"about":[{"href":"https:\/\/moi-dom.md\/ro\/wp-json\/wp\/v2\/types\/product"}],"version-history":[{"count":2,"href":"https:\/\/moi-dom.md\/ro\/wp-json\/wp\/v2\/product\/10419\/revisions"}],"predecessor-version":[{"id":10424,"href":"https:\/\/moi-dom.md\/ro\/wp-json\/wp\/v2\/product\/10419\/revisions\/10424"}],"wp:featuredmedia":[{"embeddable":true,"href":"https:\/\/moi-dom.md\/ro\/wp-json\/wp\/v2\/media\/10422"}],"wp:attachment":[{"href":"https:\/\/moi-dom.md\/ro\/wp-json\/wp\/v2\/media?parent=10419"}],"wp:term":[{"taxonomy":"product_brand","embeddable":true,"href":"https:\/\/moi-dom.md\/ro\/wp-json\/wp\/v2\/product_brand?post=10419"},{"taxonomy":"product_cat","embeddable":true,"href":"https:\/\/moi-dom.md\/ro\/wp-json\/wp\/v2\/product_cat?post=10419"},{"taxonomy":"product_tag","embeddable":true,"href":"https:\/\/moi-dom.md\/ro\/wp-json\/wp\/v2\/product_tag?post=10419"}],"curies":[{"name":"wp","href":"https:\/\/api.w.org\/{rel}","templated":true}]}}