{"id":10411,"date":"2026-02-17T21:19:24","date_gmt":"2026-02-17T18:19:24","guid":{"rendered":"https:\/\/moi-dom.md\/?post_type=product&#038;p=10411"},"modified":"2026-02-17T21:26:48","modified_gmt":"2026-02-17T18:26:48","slug":"set-pahare-de-vin-alb-bach-%d0%ba%d0%be%d0%bf%d0%b8%d1%80%d0%be%d0%b2%d0%b0%d1%82%d1%8c","status":"publish","type":"product","link":"https:\/\/moi-dom.md\/ro\/produs\/set-pahare-de-vin-alb-bach-%d0%ba%d0%be%d0%bf%d0%b8%d1%80%d0%be%d0%b2%d0%b0%d1%82%d1%8c\/","title":{"rendered":"Set de decantor \u0219i 4 pahare Bach"},"content":{"rendered":"<p class=\"p1\">Setul din seria Bach de la Luigi Bormioli include un decantor de 700 ml cu dop \u0219i patru pahare Old Fashioned de c\u00e2te 340 ml fiecare \u2013 o solu\u021bie gata preparat\u0103 pentru servirea whisky-ului, romului, coniacului \u0219i a cocktailurilor semn\u0103tur\u0103. Un decantor cu dop etan\u0219 p\u0103streaz\u0103 aroma b\u0103uturii \u0219i \u00eei \u00eembun\u0103t\u0103\u021be\u0219te prezentarea. Paharele joase de 340 ml din seria Bach, cu geometrie vertical\u0103, refract\u0103 frumos lumina \u0219i eviden\u021biaz\u0103 culoarea b\u0103uturii &#8211; de la chihlimbar la maro rubiniu intens. Piesele sunt realizate din sticl\u0103 transparent\u0103 durabil\u0103, cu un relief distinctiv, conferind colec\u021biei un stil recognoscibil. Setul este perfect at\u00e2t pentru un bar de acas\u0103, c\u00e2t \u0219i pentru un cadou &#8211; simplu, elegant \u0219i f\u0103r\u0103 preten\u021bii inutile.    <\/p>\n","protected":false},"excerpt":{"rendered":"<p class=\"p1\">Set: decantor de 700 ml cu dop \u0219i 4 pahare Old Fashioned de 340 ml pentru servirea b\u0103uturilor tari.<\/p>\n","protected":false},"featured_media":10414,"template":"","meta":[],"product_brand":[],"product_cat":[889,239],"product_tag":[],"class_list":{"0":"post-10411","1":"product","2":"type-product","3":"status-publish","4":"has-post-thumbnail","6":"product_cat-bar-i-steklo","7":"product_cat-posyda","8":"pa_brand-luigi-bormioli","9":"pa_material-hrystalinoe-steklo","10":"pa_volume-340-","11":"pa_volume-700-","13":"first","14":"instock","15":"shipping-taxable","16":"purchasable","17":"product-type-simple"},"_links":{"self":[{"href":"https:\/\/moi-dom.md\/ro\/wp-json\/wp\/v2\/product\/10411","targetHints":{"allow":["GET"]}}],"collection":[{"href":"https:\/\/moi-dom.md\/ro\/wp-json\/wp\/v2\/product"}],"about":[{"href":"https:\/\/moi-dom.md\/ro\/wp-json\/wp\/v2\/types\/product"}],"version-history":[{"count":2,"href":"https:\/\/moi-dom.md\/ro\/wp-json\/wp\/v2\/product\/10411\/revisions"}],"predecessor-version":[{"id":10417,"href":"https:\/\/moi-dom.md\/ro\/wp-json\/wp\/v2\/product\/10411\/revisions\/10417"}],"wp:featuredmedia":[{"embeddable":true,"href":"https:\/\/moi-dom.md\/ro\/wp-json\/wp\/v2\/media\/10414"}],"wp:attachment":[{"href":"https:\/\/moi-dom.md\/ro\/wp-json\/wp\/v2\/media?parent=10411"}],"wp:term":[{"taxonomy":"product_brand","embeddable":true,"href":"https:\/\/moi-dom.md\/ro\/wp-json\/wp\/v2\/product_brand?post=10411"},{"taxonomy":"product_cat","embeddable":true,"href":"https:\/\/moi-dom.md\/ro\/wp-json\/wp\/v2\/product_cat?post=10411"},{"taxonomy":"product_tag","embeddable":true,"href":"https:\/\/moi-dom.md\/ro\/wp-json\/wp\/v2\/product_tag?post=10411"}],"curies":[{"name":"wp","href":"https:\/\/api.w.org\/{rel}","templated":true}]}}