{"id":10404,"date":"2026-02-17T21:08:44","date_gmt":"2026-02-17T18:08:44","guid":{"rendered":"https:\/\/moi-dom.md\/?post_type=product&#038;p=10404"},"modified":"2026-02-17T21:14:42","modified_gmt":"2026-02-17T18:14:42","slug":"set-pahare-de-cocktail-bach-%d0%ba%d0%be%d0%bf%d0%b8%d1%80%d0%be%d0%b2%d0%b0%d1%82%d1%8c","status":"publish","type":"product","link":"https:\/\/moi-dom.md\/ro\/produs\/set-pahare-de-cocktail-bach-%d0%ba%d0%be%d0%bf%d0%b8%d1%80%d0%be%d0%b2%d0%b0%d1%82%d1%8c\/","title":{"rendered":"Set pahare de vin alb Bach"},"content":{"rendered":"<p class=\"p1\">Acest set de patru pahare pentru vin alb Bach de la Luigi Bormioli combin\u0103 forme clasice cu margini geometrice moderne. Capacitatea de 280 ml este ideal\u0103 pentru servirea vinurilor albe: bolul p\u0103streaz\u0103 aroma f\u0103r\u0103 a supra\u00eenc\u0103rca b\u0103utura, iar forma alungit\u0103 ajut\u0103 la men\u021binerea temperaturii perfecte. Relieful vertical al seriei Bach creeaz\u0103 un joc frumos de lumini \u0219i eviden\u021biaz\u0103 transparen\u021ba paharului \u0219i nuan\u021bele vinului.  <\/p>\n","protected":false},"excerpt":{"rendered":"<p class=\"p1\">Set de 4 pahare de vin alb de 280 ml, din sticl\u0103 cristalin\u0103, cu picior \u00eent\u0103rit.<\/p>\n","protected":false},"featured_media":10407,"template":"","meta":[],"product_brand":[],"product_cat":[889,239],"product_tag":[],"class_list":{"0":"post-10404","1":"product","2":"type-product","3":"status-publish","4":"has-post-thumbnail","6":"product_cat-bar-i-steklo","7":"product_cat-posyda","8":"pa_brand-luigi-bormioli","9":"pa_material-hrystalinoe-steklo","10":"pa_volume-280-","12":"first","13":"instock","14":"shipping-taxable","15":"purchasable","16":"product-type-simple"},"_links":{"self":[{"href":"https:\/\/moi-dom.md\/ro\/wp-json\/wp\/v2\/product\/10404","targetHints":{"allow":["GET"]}}],"collection":[{"href":"https:\/\/moi-dom.md\/ro\/wp-json\/wp\/v2\/product"}],"about":[{"href":"https:\/\/moi-dom.md\/ro\/wp-json\/wp\/v2\/types\/product"}],"version-history":[{"count":2,"href":"https:\/\/moi-dom.md\/ro\/wp-json\/wp\/v2\/product\/10404\/revisions"}],"predecessor-version":[{"id":10409,"href":"https:\/\/moi-dom.md\/ro\/wp-json\/wp\/v2\/product\/10404\/revisions\/10409"}],"wp:featuredmedia":[{"embeddable":true,"href":"https:\/\/moi-dom.md\/ro\/wp-json\/wp\/v2\/media\/10407"}],"wp:attachment":[{"href":"https:\/\/moi-dom.md\/ro\/wp-json\/wp\/v2\/media?parent=10404"}],"wp:term":[{"taxonomy":"product_brand","embeddable":true,"href":"https:\/\/moi-dom.md\/ro\/wp-json\/wp\/v2\/product_brand?post=10404"},{"taxonomy":"product_cat","embeddable":true,"href":"https:\/\/moi-dom.md\/ro\/wp-json\/wp\/v2\/product_cat?post=10404"},{"taxonomy":"product_tag","embeddable":true,"href":"https:\/\/moi-dom.md\/ro\/wp-json\/wp\/v2\/product_tag?post=10404"}],"curies":[{"name":"wp","href":"https:\/\/api.w.org\/{rel}","templated":true}]}}