{"id":10397,"date":"2026-02-17T20:28:44","date_gmt":"2026-02-17T17:28:44","guid":{"rendered":"https:\/\/moi-dom.md\/?post_type=product&#038;p=10397"},"modified":"2026-02-17T21:06:58","modified_gmt":"2026-02-17T18:06:58","slug":"set-de-pahare-pentru-sampanie-bach-%d0%ba%d0%be%d0%bf%d0%b8%d1%80%d0%be%d0%b2%d0%b0%d1%82%d1%8c","status":"publish","type":"product","link":"https:\/\/moi-dom.md\/ro\/produs\/set-de-pahare-pentru-sampanie-bach-%d0%ba%d0%be%d0%bf%d0%b8%d1%80%d0%be%d0%b2%d0%b0%d1%82%d1%8c\/","title":{"rendered":"Set pahare de cocktail Bach"},"content":{"rendered":"<p class=\"p1\">Acest set de patru pahare de cocktail Bach de la Luigi Bormioli este o solu\u021bie elegant\u0103 pentru barul de acas\u0103 \u0219i o prezentare impresionant\u0103 a b\u0103uturilor. Bolul de 260 ml are o form\u0103 elegant\u0103, cu margini verticale \u00een relief, caracteristice colec\u021biei Bach. Acest design eviden\u021biaz\u0103 culoarea b\u0103uturii \u0219i creeaz\u0103 un joc dramatic de lumini \u00een pahar. Aceste pahare sunt perfecte pentru cocktailuri, aperitive, b\u0103uturi acidulate \u0219i deserturi u\u0219oare. Picioarele lor stabile \u0219i forma echilibrat\u0103 le fac confortabile de utilizat at\u00e2t pentru serile de zi cu zi, c\u00e2t \u0219i pentru ocazii speciale.    <\/p>\n","protected":false},"excerpt":{"rendered":"<p class=\"p1\">Set de 4 pahare de cocktail din cristal de 260 ml, cu picior \u00eent\u0103rit.<\/p>\n","protected":false},"featured_media":10400,"template":"","meta":[],"product_brand":[],"product_cat":[890,248],"product_tag":[],"class_list":{"0":"post-10397","1":"product","2":"type-product","3":"status-publish","4":"has-post-thumbnail","6":"product_cat-bar-si-sticla","7":"product_cat-vesela","8":"pa_brand-luigi-bormioli","9":"pa_material-sticla-cristal","10":"pa_volume-260-ml","12":"first","13":"instock","14":"shipping-taxable","15":"purchasable","16":"product-type-simple"},"_links":{"self":[{"href":"https:\/\/moi-dom.md\/ro\/wp-json\/wp\/v2\/product\/10397","targetHints":{"allow":["GET"]}}],"collection":[{"href":"https:\/\/moi-dom.md\/ro\/wp-json\/wp\/v2\/product"}],"about":[{"href":"https:\/\/moi-dom.md\/ro\/wp-json\/wp\/v2\/types\/product"}],"version-history":[{"count":2,"href":"https:\/\/moi-dom.md\/ro\/wp-json\/wp\/v2\/product\/10397\/revisions"}],"predecessor-version":[{"id":10402,"href":"https:\/\/moi-dom.md\/ro\/wp-json\/wp\/v2\/product\/10397\/revisions\/10402"}],"wp:featuredmedia":[{"embeddable":true,"href":"https:\/\/moi-dom.md\/ro\/wp-json\/wp\/v2\/media\/10400"}],"wp:attachment":[{"href":"https:\/\/moi-dom.md\/ro\/wp-json\/wp\/v2\/media?parent=10397"}],"wp:term":[{"taxonomy":"product_brand","embeddable":true,"href":"https:\/\/moi-dom.md\/ro\/wp-json\/wp\/v2\/product_brand?post=10397"},{"taxonomy":"product_cat","embeddable":true,"href":"https:\/\/moi-dom.md\/ro\/wp-json\/wp\/v2\/product_cat?post=10397"},{"taxonomy":"product_tag","embeddable":true,"href":"https:\/\/moi-dom.md\/ro\/wp-json\/wp\/v2\/product_tag?post=10397"}],"curies":[{"name":"wp","href":"https:\/\/api.w.org\/{rel}","templated":true}]}}