{"id":10390,"date":"2026-02-17T20:20:10","date_gmt":"2026-02-17T17:20:10","guid":{"rendered":"https:\/\/moi-dom.md\/?post_type=product&#038;p=10390"},"modified":"2026-02-17T20:27:26","modified_gmt":"2026-02-17T17:27:26","slug":"set-pahare-de-vin-rosu-bach-%d0%ba%d0%be%d0%bf%d0%b8%d1%80%d0%be%d0%b2%d0%b0%d1%82%d1%8c","status":"publish","type":"product","link":"https:\/\/moi-dom.md\/ro\/produs\/set-pahare-de-vin-rosu-bach-%d0%ba%d0%be%d0%bf%d0%b8%d1%80%d0%be%d0%b2%d0%b0%d1%82%d1%8c\/","title":{"rendered":"Set de pahare pentru \u0219ampanie Bach"},"content":{"rendered":"<p class=\"p1\">Acest set de patru pahare de \u0219ampanie Bach de la Luigi Bormioli este o solu\u021bie elegant\u0103 pentru servirea formal\u0103 \u0219i momentele festive. Forma \u00eengust\u0103 \u0219i alungit\u0103 a bolului de 210 ml ajut\u0103 la p\u0103strarea str\u0103lucirii bulelor \u0219i la direc\u021bionarea aromei \u00een sus, dezv\u0103luind notele subtile ale vinului spumant. Marginile verticale creeaz\u0103 relieful caracteristic seriei Bach, conferind paharelor un aspect distinctiv \u0219i modern. Potrivite pentru \u0219ampanie \u0219i alte vinuri spumante.   <\/p>\n","protected":false},"excerpt":{"rendered":"<p class=\"p1\">Set de 4 pahare de \u0219ampanie din cristal, cu capacitate de 210 ml, cu picior \u00eent\u0103rit.<\/p>\n","protected":false},"featured_media":10393,"template":"","meta":[],"product_brand":[],"product_cat":[890,248],"product_tag":[],"class_list":{"0":"post-10390","1":"product","2":"type-product","3":"status-publish","4":"has-post-thumbnail","6":"product_cat-bar-si-sticla","7":"product_cat-vesela","8":"pa_brand-luigi-bormioli","9":"pa_material-sticla-cristal","10":"pa_volume-210-ml","12":"first","13":"instock","14":"shipping-taxable","15":"purchasable","16":"product-type-simple"},"_links":{"self":[{"href":"https:\/\/moi-dom.md\/ro\/wp-json\/wp\/v2\/product\/10390","targetHints":{"allow":["GET"]}}],"collection":[{"href":"https:\/\/moi-dom.md\/ro\/wp-json\/wp\/v2\/product"}],"about":[{"href":"https:\/\/moi-dom.md\/ro\/wp-json\/wp\/v2\/types\/product"}],"version-history":[{"count":2,"href":"https:\/\/moi-dom.md\/ro\/wp-json\/wp\/v2\/product\/10390\/revisions"}],"predecessor-version":[{"id":10395,"href":"https:\/\/moi-dom.md\/ro\/wp-json\/wp\/v2\/product\/10390\/revisions\/10395"}],"wp:featuredmedia":[{"embeddable":true,"href":"https:\/\/moi-dom.md\/ro\/wp-json\/wp\/v2\/media\/10393"}],"wp:attachment":[{"href":"https:\/\/moi-dom.md\/ro\/wp-json\/wp\/v2\/media?parent=10390"}],"wp:term":[{"taxonomy":"product_brand","embeddable":true,"href":"https:\/\/moi-dom.md\/ro\/wp-json\/wp\/v2\/product_brand?post=10390"},{"taxonomy":"product_cat","embeddable":true,"href":"https:\/\/moi-dom.md\/ro\/wp-json\/wp\/v2\/product_cat?post=10390"},{"taxonomy":"product_tag","embeddable":true,"href":"https:\/\/moi-dom.md\/ro\/wp-json\/wp\/v2\/product_tag?post=10390"}],"curies":[{"name":"wp","href":"https:\/\/api.w.org\/{rel}","templated":true}]}}