{"id":10383,"date":"2026-02-17T19:43:16","date_gmt":"2026-02-17T16:43:16","guid":{"rendered":"https:\/\/moi-dom.md\/?post_type=product&#038;p=10383"},"modified":"2026-02-17T19:50:46","modified_gmt":"2026-02-17T16:50:46","slug":"set-pahare-pentru-martini-bach-%d0%ba%d0%be%d0%bf%d0%b8%d1%80%d0%be%d0%b2%d0%b0%d1%82%d1%8c","status":"publish","type":"product","link":"https:\/\/moi-dom.md\/ro\/produs\/set-pahare-pentru-martini-bach-%d0%ba%d0%be%d0%bf%d0%b8%d1%80%d0%be%d0%b2%d0%b0%d1%82%d1%8c\/","title":{"rendered":"Set pahare de vin ro\u0219u Bach"},"content":{"rendered":"<p class=\"p1\">Acest set de 4 pahare de vin ro\u0219u din seria Bach de Luigi Bormioli este o solu\u021bie elegant\u0103 pentru servirea modern\u0103. Bolul de 400 ml este potrivit pentru majoritatea vinurilor ro\u0219ii, permi\u021b\u00e2nd b\u0103uturii s\u0103 \u00ee\u0219i dezvolte aromele \u0219i s\u0103 men\u021bin\u0103 un profil de arom\u0103 echilibrat. Marginile verticale clare creeaz\u0103 geometria caracteristic\u0103 seriei Bach, ad\u0103ug\u00e2nd expresivitate \u0219i stil prezent\u0103rii. Ideal at\u00e2t pentru cinele de zi cu zi, c\u00e2t \u0219i pentru aranjamentele meselor festive.   <\/p>\n","protected":false},"excerpt":{"rendered":"<p class=\"p1\">Set de 4 pahare de vin ro\u0219u 400 ml din sticl\u0103 cristalin\u0103 cu picior \u00eent\u0103rit.<\/p>\n","protected":false},"featured_media":10386,"template":"","meta":[],"product_brand":[],"product_cat":[890,248],"product_tag":[],"class_list":{"0":"post-10383","1":"product","2":"type-product","3":"status-publish","4":"has-post-thumbnail","6":"product_cat-bar-si-sticla","7":"product_cat-vesela","8":"pa_brand-luigi-bormioli","9":"pa_material-sticla-cristal","10":"pa_volume-400-ml","12":"first","13":"instock","14":"shipping-taxable","15":"purchasable","16":"product-type-simple"},"_links":{"self":[{"href":"https:\/\/moi-dom.md\/ro\/wp-json\/wp\/v2\/product\/10383","targetHints":{"allow":["GET"]}}],"collection":[{"href":"https:\/\/moi-dom.md\/ro\/wp-json\/wp\/v2\/product"}],"about":[{"href":"https:\/\/moi-dom.md\/ro\/wp-json\/wp\/v2\/types\/product"}],"version-history":[{"count":2,"href":"https:\/\/moi-dom.md\/ro\/wp-json\/wp\/v2\/product\/10383\/revisions"}],"predecessor-version":[{"id":10388,"href":"https:\/\/moi-dom.md\/ro\/wp-json\/wp\/v2\/product\/10383\/revisions\/10388"}],"wp:featuredmedia":[{"embeddable":true,"href":"https:\/\/moi-dom.md\/ro\/wp-json\/wp\/v2\/media\/10386"}],"wp:attachment":[{"href":"https:\/\/moi-dom.md\/ro\/wp-json\/wp\/v2\/media?parent=10383"}],"wp:term":[{"taxonomy":"product_brand","embeddable":true,"href":"https:\/\/moi-dom.md\/ro\/wp-json\/wp\/v2\/product_brand?post=10383"},{"taxonomy":"product_cat","embeddable":true,"href":"https:\/\/moi-dom.md\/ro\/wp-json\/wp\/v2\/product_cat?post=10383"},{"taxonomy":"product_tag","embeddable":true,"href":"https:\/\/moi-dom.md\/ro\/wp-json\/wp\/v2\/product_tag?post=10383"}],"curies":[{"name":"wp","href":"https:\/\/api.w.org\/{rel}","templated":true}]}}