{"id":10376,"date":"2026-02-17T19:31:41","date_gmt":"2026-02-17T16:31:41","guid":{"rendered":"https:\/\/moi-dom.md\/?post_type=product&#038;p=10376"},"modified":"2026-02-17T19:41:36","modified_gmt":"2026-02-17T16:41:36","slug":"set-pahare-pentru-vin-rosu-diamante-%d0%ba%d0%be%d0%bf%d0%b8%d1%80%d0%be%d0%b2%d0%b0%d1%82%d1%8c-2","status":"publish","type":"product","link":"https:\/\/moi-dom.md\/ro\/produs\/set-pahare-pentru-vin-rosu-diamante-%d0%ba%d0%be%d0%bf%d0%b8%d1%80%d0%be%d0%b2%d0%b0%d1%82%d1%8c-2\/","title":{"rendered":"Set pahare pentru martini Bach"},"content":{"rendered":"<p class=\"p1\">Setul de 4 pahare de martini din seria Bach de la Luigi Bormioli este o interpretare modern\u0103 a siluetei clasice a paharelor de cocktail. Muchiile verticale clare \u0219i cup\u0103 elegant\u0103 \u00een form\u0103 de V creeaz\u0103 un aspect geometric expresiv, ideal pentru servirea martini, daiquiri \u0219i alte cocktailuri pe baz\u0103 de gin, vermut sau lichioruri. Volumul de 260 ml permite p\u0103strarea propor\u021biilor corecte ale b\u0103uturii, f\u0103r\u0103 a supra\u00eenc\u0103rca servirea. Piciorul \u00eengust subliniaz\u0103 elegan\u021ba formei \u0219i ajut\u0103 la men\u021binerea temperaturii cocktailului.   <\/p>\n","protected":false},"excerpt":{"rendered":"<p class=\"p1\">Set de 4 pahare martini din cristal de 260 ml cu picior \u00eent\u0103rit.<\/p>\n","protected":false},"featured_media":10379,"template":"","meta":[],"product_brand":[],"product_cat":[889,239],"product_tag":[],"class_list":{"0":"post-10376","1":"product","2":"type-product","3":"status-publish","4":"has-post-thumbnail","6":"product_cat-bar-i-steklo","7":"product_cat-posyda","8":"pa_brand-luigi-bormioli","9":"pa_material-hrystalinoe-steklo","10":"pa_volume-260-","12":"first","13":"instock","14":"shipping-taxable","15":"purchasable","16":"product-type-simple"},"_links":{"self":[{"href":"https:\/\/moi-dom.md\/ro\/wp-json\/wp\/v2\/product\/10376","targetHints":{"allow":["GET"]}}],"collection":[{"href":"https:\/\/moi-dom.md\/ro\/wp-json\/wp\/v2\/product"}],"about":[{"href":"https:\/\/moi-dom.md\/ro\/wp-json\/wp\/v2\/types\/product"}],"version-history":[{"count":2,"href":"https:\/\/moi-dom.md\/ro\/wp-json\/wp\/v2\/product\/10376\/revisions"}],"predecessor-version":[{"id":10381,"href":"https:\/\/moi-dom.md\/ro\/wp-json\/wp\/v2\/product\/10376\/revisions\/10381"}],"wp:featuredmedia":[{"embeddable":true,"href":"https:\/\/moi-dom.md\/ro\/wp-json\/wp\/v2\/media\/10379"}],"wp:attachment":[{"href":"https:\/\/moi-dom.md\/ro\/wp-json\/wp\/v2\/media?parent=10376"}],"wp:term":[{"taxonomy":"product_brand","embeddable":true,"href":"https:\/\/moi-dom.md\/ro\/wp-json\/wp\/v2\/product_brand?post=10376"},{"taxonomy":"product_cat","embeddable":true,"href":"https:\/\/moi-dom.md\/ro\/wp-json\/wp\/v2\/product_cat?post=10376"},{"taxonomy":"product_tag","embeddable":true,"href":"https:\/\/moi-dom.md\/ro\/wp-json\/wp\/v2\/product_tag?post=10376"}],"curies":[{"name":"wp","href":"https:\/\/api.w.org\/{rel}","templated":true}]}}