{"id":10369,"date":"2026-02-17T19:24:03","date_gmt":"2026-02-17T16:24:03","guid":{"rendered":"https:\/\/moi-dom.md\/?post_type=product&#038;p=10369"},"modified":"2026-02-17T19:29:10","modified_gmt":"2026-02-17T16:29:10","slug":"set-pahare-pentru-sampanie-diamante-%d0%ba%d0%be%d0%bf%d0%b8%d1%80%d0%be%d0%b2%d0%b0%d1%82%d1%8c","status":"publish","type":"product","link":"https:\/\/moi-dom.md\/ro\/produs\/set-pahare-pentru-sampanie-diamante-%d0%ba%d0%be%d0%bf%d0%b8%d1%80%d0%be%d0%b2%d0%b0%d1%82%d1%8c\/","title":{"rendered":"Set pahare pentru vin ro\u0219u Diamante"},"content":{"rendered":"<p class=\"p1\">Setul de 4 pahare pentru vin ro\u0219u din seria Diamante de la Luigi Bormioli este creat pentru vinurile corpolente \u0219i maturate, care au nevoie de spa\u021biu pentru a-\u0219i dezv\u0103lui aroma. Volumul de 650 ml \u0219i cup\u0103 larg\u0103 permit vinului s\u0103 se oxigeneze activ, dezv\u0103luind note complexe &#8211; de la fructe de p\u0103dure coapte la nuan\u021be lemnoase \u0219i condimentate. Aceast\u0103 form\u0103 este potrivit\u0103 \u00een special pentru vinurile ro\u0219ii intense: Cabernet Sauvignon, Syrah, Bordeaux, Amarone \u0219i alte soiuri structurate. Fa\u021betarea caracteristic\u0103 de la baza cupei creeaz\u0103 un joc de lumin\u0103 \u0219i subliniaz\u0103 profunzimea culorii vinului.   <\/p>\n","protected":false},"excerpt":{"rendered":"<p class=\"p1\">Set de 4 pahare pentru vin ro\u0219u de 650 ml din sticl\u0103 cristal cu picior \u00eent\u0103rit.<\/p>\n","protected":false},"featured_media":10372,"template":"","meta":[],"product_brand":[],"product_cat":[889,239],"product_tag":[],"class_list":{"0":"post-10369","1":"product","2":"type-product","3":"status-publish","4":"has-post-thumbnail","6":"product_cat-bar-i-steklo","7":"product_cat-posyda","8":"pa_brand-luigi-bormioli","9":"pa_material-hrystalinoe-steklo","10":"pa_volume-650-","12":"first","13":"instock","14":"shipping-taxable","15":"purchasable","16":"product-type-simple"},"_links":{"self":[{"href":"https:\/\/moi-dom.md\/ro\/wp-json\/wp\/v2\/product\/10369","targetHints":{"allow":["GET"]}}],"collection":[{"href":"https:\/\/moi-dom.md\/ro\/wp-json\/wp\/v2\/product"}],"about":[{"href":"https:\/\/moi-dom.md\/ro\/wp-json\/wp\/v2\/types\/product"}],"version-history":[{"count":2,"href":"https:\/\/moi-dom.md\/ro\/wp-json\/wp\/v2\/product\/10369\/revisions"}],"predecessor-version":[{"id":10374,"href":"https:\/\/moi-dom.md\/ro\/wp-json\/wp\/v2\/product\/10369\/revisions\/10374"}],"wp:featuredmedia":[{"embeddable":true,"href":"https:\/\/moi-dom.md\/ro\/wp-json\/wp\/v2\/media\/10372"}],"wp:attachment":[{"href":"https:\/\/moi-dom.md\/ro\/wp-json\/wp\/v2\/media?parent=10369"}],"wp:term":[{"taxonomy":"product_brand","embeddable":true,"href":"https:\/\/moi-dom.md\/ro\/wp-json\/wp\/v2\/product_brand?post=10369"},{"taxonomy":"product_cat","embeddable":true,"href":"https:\/\/moi-dom.md\/ro\/wp-json\/wp\/v2\/product_cat?post=10369"},{"taxonomy":"product_tag","embeddable":true,"href":"https:\/\/moi-dom.md\/ro\/wp-json\/wp\/v2\/product_tag?post=10369"}],"curies":[{"name":"wp","href":"https:\/\/api.w.org\/{rel}","templated":true}]}}