{"id":10362,"date":"2026-02-17T18:55:15","date_gmt":"2026-02-17T15:55:15","guid":{"rendered":"https:\/\/moi-dom.md\/?post_type=product&#038;p=10362"},"modified":"2026-02-17T19:22:56","modified_gmt":"2026-02-17T16:22:56","slug":"set-pahare-pentru-vin-rosu-diamante-%d0%ba%d0%be%d0%bf%d0%b8%d1%80%d0%be%d0%b2%d0%b0%d1%82%d1%8c","status":"publish","type":"product","link":"https:\/\/moi-dom.md\/ro\/produs\/set-pahare-pentru-vin-rosu-diamante-%d0%ba%d0%be%d0%bf%d0%b8%d1%80%d0%be%d0%b2%d0%b0%d1%82%d1%8c\/","title":{"rendered":"Set pahare pentru \u0219ampanie Diamante"},"content":{"rendered":"<p class=\"p1\">Setul de 4 pahare de \u0219ampanie din seria Diamante de la Luigi Bormioli este creat pentru servirea vinurilor spumante \u0219i prosecco. Cupa alungit\u0103, cu un volum de 220 ml, sus\u021bine mi\u0219carea corect\u0103 a bulelor \u0219i ajut\u0103 la p\u0103strarea mai \u00eendelungat\u0103 a perlatului. Forma paharului direc\u021bioneaz\u0103 aroma \u00een sus, permi\u021b\u00e2nd sim\u021birea notelor subtile ale \u0219ampaniei \u0219i ale vinurilor spumante proaspete. Potrivite pentru \u0219ampanie, prosecco, cava \u0219i alte vinuri spumante.   <\/p>\n","protected":false},"excerpt":{"rendered":"<p class=\"p1\">Set de 4 pahare de \u0219ampanie de 220 ml din sticl\u0103 cristal cu picior \u00eent\u0103rit.<\/p>\n","protected":false},"featured_media":10365,"template":"","meta":[],"product_brand":[],"product_cat":[889,239],"product_tag":[],"class_list":{"0":"post-10362","1":"product","2":"type-product","3":"status-publish","4":"has-post-thumbnail","6":"product_cat-bar-i-steklo","7":"product_cat-posyda","8":"pa_brand-luigi-bormioli","9":"pa_material-hrystalinoe-steklo","10":"pa_volume-220-","12":"first","13":"instock","14":"shipping-taxable","15":"purchasable","16":"product-type-simple"},"_links":{"self":[{"href":"https:\/\/moi-dom.md\/ro\/wp-json\/wp\/v2\/product\/10362","targetHints":{"allow":["GET"]}}],"collection":[{"href":"https:\/\/moi-dom.md\/ro\/wp-json\/wp\/v2\/product"}],"about":[{"href":"https:\/\/moi-dom.md\/ro\/wp-json\/wp\/v2\/types\/product"}],"version-history":[{"count":2,"href":"https:\/\/moi-dom.md\/ro\/wp-json\/wp\/v2\/product\/10362\/revisions"}],"predecessor-version":[{"id":10367,"href":"https:\/\/moi-dom.md\/ro\/wp-json\/wp\/v2\/product\/10362\/revisions\/10367"}],"wp:featuredmedia":[{"embeddable":true,"href":"https:\/\/moi-dom.md\/ro\/wp-json\/wp\/v2\/media\/10365"}],"wp:attachment":[{"href":"https:\/\/moi-dom.md\/ro\/wp-json\/wp\/v2\/media?parent=10362"}],"wp:term":[{"taxonomy":"product_brand","embeddable":true,"href":"https:\/\/moi-dom.md\/ro\/wp-json\/wp\/v2\/product_brand?post=10362"},{"taxonomy":"product_cat","embeddable":true,"href":"https:\/\/moi-dom.md\/ro\/wp-json\/wp\/v2\/product_cat?post=10362"},{"taxonomy":"product_tag","embeddable":true,"href":"https:\/\/moi-dom.md\/ro\/wp-json\/wp\/v2\/product_tag?post=10362"}],"curies":[{"name":"wp","href":"https:\/\/api.w.org\/{rel}","templated":true}]}}