{"id":10355,"date":"2026-02-17T18:47:32","date_gmt":"2026-02-17T15:47:32","guid":{"rendered":"https:\/\/moi-dom.md\/?post_type=product&#038;p=10355"},"modified":"2026-02-17T18:53:05","modified_gmt":"2026-02-17T15:53:05","slug":"set-de-pahare-pentru-riesling-diamante-%d0%ba%d0%be%d0%bf%d0%b8%d1%80%d0%be%d0%b2%d0%b0%d1%82%d1%8c","status":"publish","type":"product","link":"https:\/\/moi-dom.md\/ro\/produs\/set-de-pahare-pentru-riesling-diamante-%d0%ba%d0%be%d0%bf%d0%b8%d1%80%d0%be%d0%b2%d0%b0%d1%82%d1%8c\/","title":{"rendered":"Set pahare pentru vin ro\u0219u Diamante"},"content":{"rendered":"<p class=\"p1\">Setul de 4 pahare pentru vin ro\u0219u din seria Diamante de la Luigi Bormioli este creat pentru vinuri corpolente \u0219i aromate. Cupa cu un volum de 520 ml ofer\u0103 suficient spa\u021biu pentru saturarea vinului cu oxigen, permi\u021b\u00e2nd aromelor complexe s\u0103 se dezv\u0103luie \u0219i taninurile s\u0103 se manifeste mai u\u0219or. Forma paharului direc\u021bioneaz\u0103 aroma c\u0103tre partea superioar\u0103 a cupei, intensific\u00e2nd percep\u021bia buchetului. Potrivit pentru vinuri ro\u0219ii: Cabernet Sauvignon, Merlot, Shiraz, Primitivo \u0219i alte soiuri cu structur\u0103 bogat\u0103.   <\/p>\n","protected":false},"excerpt":{"rendered":"<p class=\"p1\">Set de 4 pahare pentru vin ro\u0219u de 520 ml din sticl\u0103 cristal cu picior \u00eent\u0103rit.<\/p>\n","protected":false},"featured_media":10358,"template":"","meta":[],"product_brand":[],"product_cat":[889,239],"product_tag":[],"class_list":{"0":"post-10355","1":"product","2":"type-product","3":"status-publish","4":"has-post-thumbnail","6":"product_cat-bar-i-steklo","7":"product_cat-posyda","8":"pa_brand-luigi-bormioli","9":"pa_material-hrystalinoe-steklo","10":"pa_volume-520-","12":"first","13":"instock","14":"shipping-taxable","15":"purchasable","16":"product-type-simple"},"_links":{"self":[{"href":"https:\/\/moi-dom.md\/ro\/wp-json\/wp\/v2\/product\/10355","targetHints":{"allow":["GET"]}}],"collection":[{"href":"https:\/\/moi-dom.md\/ro\/wp-json\/wp\/v2\/product"}],"about":[{"href":"https:\/\/moi-dom.md\/ro\/wp-json\/wp\/v2\/types\/product"}],"version-history":[{"count":2,"href":"https:\/\/moi-dom.md\/ro\/wp-json\/wp\/v2\/product\/10355\/revisions"}],"predecessor-version":[{"id":10360,"href":"https:\/\/moi-dom.md\/ro\/wp-json\/wp\/v2\/product\/10355\/revisions\/10360"}],"wp:featuredmedia":[{"embeddable":true,"href":"https:\/\/moi-dom.md\/ro\/wp-json\/wp\/v2\/media\/10358"}],"wp:attachment":[{"href":"https:\/\/moi-dom.md\/ro\/wp-json\/wp\/v2\/media?parent=10355"}],"wp:term":[{"taxonomy":"product_brand","embeddable":true,"href":"https:\/\/moi-dom.md\/ro\/wp-json\/wp\/v2\/product_brand?post=10355"},{"taxonomy":"product_cat","embeddable":true,"href":"https:\/\/moi-dom.md\/ro\/wp-json\/wp\/v2\/product_cat?post=10355"},{"taxonomy":"product_tag","embeddable":true,"href":"https:\/\/moi-dom.md\/ro\/wp-json\/wp\/v2\/product_tag?post=10355"}],"curies":[{"name":"wp","href":"https:\/\/api.w.org\/{rel}","templated":true}]}}