{"id":10347,"date":"2026-02-17T18:39:21","date_gmt":"2026-02-17T15:39:21","guid":{"rendered":"https:\/\/moi-dom.md\/?post_type=product&#038;p=10347"},"modified":"2026-02-17T18:45:09","modified_gmt":"2026-02-17T15:45:09","slug":"set-pahare-pentru-vin-rosu-incanto-%d0%ba%d0%be%d0%bf%d0%b8%d1%80%d0%be%d0%b2%d0%b0%d1%82%d1%8c-%d0%ba%d0%be%d0%bf%d0%b8%d1%80%d0%be%d0%b2%d0%b0%d1%82%d1%8c","status":"publish","type":"product","link":"https:\/\/moi-dom.md\/ro\/produs\/set-pahare-pentru-vin-rosu-incanto-%d0%ba%d0%be%d0%bf%d0%b8%d1%80%d0%be%d0%b2%d0%b0%d1%82%d1%8c-%d0%ba%d0%be%d0%bf%d0%b8%d1%80%d0%be%d0%b2%d0%b0%d1%82%d1%8c\/","title":{"rendered":"Set de pahare pentru Riesling Diamante"},"content":{"rendered":"<p class=\"p1\">Setul de 4 pahare pentru Riesling din seria Diamante de la Luigi Bormioli a fost creat pentru a dezv\u0103lui aromele proaspete \u0219i nuan\u021bele minerale ale vinurilor albe. Forma cupei cu un volum de 380 ml permite vinului s\u0103 \u201erespire\u201d, concentr\u00e2nd notele fructate \u0219i florale \u00een partea superioar\u0103 a paharului. Fa\u021betarea u\u0219oar\u0103 de la baza cupei creeaz\u0103 un joc frumos de lumin\u0103, subliniind transparen\u021ba \u0219i puritatea b\u0103uturii. Potrivite pentru Riesling, Sauvignon Blanc, Pinot Gris \u0219i alte vinuri albe aromate. Ideale at\u00e2t pentru degust\u0103ri acas\u0103, c\u00e2t \u0219i pentru servirea festiv\u0103.    <\/p>\n","protected":false},"excerpt":{"rendered":"<p class=\"p1\">Set de 4 pahare pentru vin alb de 380 ml din sticl\u0103 cristal cu picior \u00eent\u0103rit.<\/p>\n","protected":false},"featured_media":10350,"template":"","meta":[],"product_brand":[],"product_cat":[889,239],"product_tag":[],"class_list":{"0":"post-10347","1":"product","2":"type-product","3":"status-publish","4":"has-post-thumbnail","6":"product_cat-bar-i-steklo","7":"product_cat-posyda","8":"pa_brand-luigi-bormioli","9":"pa_material-hrystalinoe-steklo","10":"pa_volume-380-","12":"first","13":"instock","14":"shipping-taxable","15":"purchasable","16":"product-type-simple"},"_links":{"self":[{"href":"https:\/\/moi-dom.md\/ro\/wp-json\/wp\/v2\/product\/10347","targetHints":{"allow":["GET"]}}],"collection":[{"href":"https:\/\/moi-dom.md\/ro\/wp-json\/wp\/v2\/product"}],"about":[{"href":"https:\/\/moi-dom.md\/ro\/wp-json\/wp\/v2\/types\/product"}],"version-history":[{"count":2,"href":"https:\/\/moi-dom.md\/ro\/wp-json\/wp\/v2\/product\/10347\/revisions"}],"predecessor-version":[{"id":10353,"href":"https:\/\/moi-dom.md\/ro\/wp-json\/wp\/v2\/product\/10347\/revisions\/10353"}],"wp:featuredmedia":[{"embeddable":true,"href":"https:\/\/moi-dom.md\/ro\/wp-json\/wp\/v2\/media\/10350"}],"wp:attachment":[{"href":"https:\/\/moi-dom.md\/ro\/wp-json\/wp\/v2\/media?parent=10347"}],"wp:term":[{"taxonomy":"product_brand","embeddable":true,"href":"https:\/\/moi-dom.md\/ro\/wp-json\/wp\/v2\/product_brand?post=10347"},{"taxonomy":"product_cat","embeddable":true,"href":"https:\/\/moi-dom.md\/ro\/wp-json\/wp\/v2\/product_cat?post=10347"},{"taxonomy":"product_tag","embeddable":true,"href":"https:\/\/moi-dom.md\/ro\/wp-json\/wp\/v2\/product_tag?post=10347"}],"curies":[{"name":"wp","href":"https:\/\/api.w.org\/{rel}","templated":true}]}}