{"id":10341,"date":"2026-02-17T18:12:56","date_gmt":"2026-02-17T15:12:56","guid":{"rendered":"https:\/\/moi-dom.md\/?post_type=product&#038;p=10341"},"modified":"2026-02-17T18:45:08","modified_gmt":"2026-02-17T15:45:08","slug":"set-pahare-pentru-vin-rosu-incanto-%d0%ba%d0%be%d0%bf%d0%b8%d1%80%d0%be%d0%b2%d0%b0%d1%82%d1%8c","status":"publish","type":"product","link":"https:\/\/moi-dom.md\/ro\/produs\/set-pahare-pentru-vin-rosu-incanto-%d0%ba%d0%be%d0%bf%d0%b8%d1%80%d0%be%d0%b2%d0%b0%d1%82%d1%8c\/","title":{"rendered":"Set pahare pentru \u0219ampanie Incanto"},"content":{"rendered":"<p class=\"p1\">Setul de 6 pahare de \u0219ampanie din seria Incanto de la Luigi Bormioli a fost creat pentru servirea elegant\u0103 a vinurilor spumante \u0219i prosecco. Cupa \u00eengust\u0103 \u0219i \u00eenalt\u0103 p\u0103streaz\u0103 perlatul &#8211; jocul fin al bulelor, permi\u021b\u00e2nd b\u0103uturii s\u0103 r\u0103m\u00e2n\u0103 proasp\u0103t\u0103 \u0219i aromat\u0103 mai mult timp. Baza \u00een relief a paharului refract\u0103 frumos lumina, subliniind transparen\u021ba \u0219i str\u0103lucirea \u0219ampaniei. Ideale pentru \u0219ampanie, vinuri spumante, prosecco \u0219i toasturi festive. Potrivite at\u00e2t pentru evenimente speciale, c\u00e2t \u0219i pentru cine elegante acas\u0103.    <\/p>\n","protected":false},"excerpt":{"rendered":"<p class=\"p1\">Set de 6 pahare de \u0219ampanie de 200 ml din sticl\u0103 de cristal cu picior \u00eent\u0103rit.<\/p>\n","protected":false},"featured_media":10344,"template":"","meta":[],"product_brand":[],"product_cat":[889,239],"product_tag":[],"class_list":{"0":"post-10341","1":"product","2":"type-product","3":"status-publish","4":"has-post-thumbnail","6":"product_cat-bar-i-steklo","7":"product_cat-posyda","8":"pa_brand-luigi-bormioli","9":"pa_material-hrystalinoe-steklo","10":"pa_volume-200-","12":"first","13":"instock","14":"shipping-taxable","15":"purchasable","16":"product-type-simple"},"_links":{"self":[{"href":"https:\/\/moi-dom.md\/ro\/wp-json\/wp\/v2\/product\/10341","targetHints":{"allow":["GET"]}}],"collection":[{"href":"https:\/\/moi-dom.md\/ro\/wp-json\/wp\/v2\/product"}],"about":[{"href":"https:\/\/moi-dom.md\/ro\/wp-json\/wp\/v2\/types\/product"}],"version-history":[{"count":2,"href":"https:\/\/moi-dom.md\/ro\/wp-json\/wp\/v2\/product\/10341\/revisions"}],"predecessor-version":[{"id":10352,"href":"https:\/\/moi-dom.md\/ro\/wp-json\/wp\/v2\/product\/10341\/revisions\/10352"}],"wp:featuredmedia":[{"embeddable":true,"href":"https:\/\/moi-dom.md\/ro\/wp-json\/wp\/v2\/media\/10344"}],"wp:attachment":[{"href":"https:\/\/moi-dom.md\/ro\/wp-json\/wp\/v2\/media?parent=10341"}],"wp:term":[{"taxonomy":"product_brand","embeddable":true,"href":"https:\/\/moi-dom.md\/ro\/wp-json\/wp\/v2\/product_brand?post=10341"},{"taxonomy":"product_cat","embeddable":true,"href":"https:\/\/moi-dom.md\/ro\/wp-json\/wp\/v2\/product_cat?post=10341"},{"taxonomy":"product_tag","embeddable":true,"href":"https:\/\/moi-dom.md\/ro\/wp-json\/wp\/v2\/product_tag?post=10341"}],"curies":[{"name":"wp","href":"https:\/\/api.w.org\/{rel}","templated":true}]}}