{"id":10332,"date":"2026-02-17T17:45:20","date_gmt":"2026-02-17T14:45:20","guid":{"rendered":"https:\/\/moi-dom.md\/?post_type=product&#038;p=10332"},"modified":"2026-02-17T18:10:09","modified_gmt":"2026-02-17T15:10:09","slug":"set-pahare-pentru-vin-alb-incanto-%d0%ba%d0%be%d0%bf%d0%b8%d1%80%d0%be%d0%b2%d0%b0%d1%82%d1%8c","status":"publish","type":"product","link":"https:\/\/moi-dom.md\/ro\/produs\/set-pahare-pentru-vin-alb-incanto-%d0%ba%d0%be%d0%bf%d0%b8%d1%80%d0%be%d0%b2%d0%b0%d1%82%d1%8c\/","title":{"rendered":"Set pahare pentru vin ro\u0219u Incanto"},"content":{"rendered":"<p class=\"p1\">Setul de 6 pahare pentru vin ro\u0219u din seria Incanto de la Luigi Bormioli, cu un volum de 390 ml, este creat pentru a dezv\u0103lui aromele complexe \u0219i profunzimea gustului. Cupa spa\u021bioas\u0103 permite vinului s\u0103 \u201erespire\u201d, intensific\u00e2nd buchetul \u0219i atenu\u00e2nd taninurile. Baza \u00een relief creeaz\u0103 un joc de lumin\u0103 \u0219i subliniaz\u0103 nuan\u021ba intens\u0103 a b\u0103uturii &#8211; de la rubiniu la granat. Ideale pentru servirea vinurilor ro\u0219ii de intensitate medie \u0219i mare &#8211; Merlot, Cabernet Sauvignon, Shiraz. Potrivite pentru utilizarea zilnic\u0103 \u0219i pentru cinele festive.    <\/p>\n","protected":false},"excerpt":{"rendered":"<p class=\"p1\">Set de 6 pahare de 275 ml din sticl\u0103 cristal pentru servirea vinului ro\u0219u.<\/p>\n","protected":false},"featured_media":10338,"template":"","meta":[],"product_brand":[],"product_cat":[889,239],"product_tag":[],"class_list":{"0":"post-10332","1":"product","2":"type-product","3":"status-publish","4":"has-post-thumbnail","6":"product_cat-bar-i-steklo","7":"product_cat-posyda","8":"pa_brand-luigi-bormioli","9":"pa_material-hrystalinoe-steklo","10":"pa_volume-390-","12":"first","13":"instock","14":"shipping-taxable","15":"purchasable","16":"product-type-simple"},"_links":{"self":[{"href":"https:\/\/moi-dom.md\/ro\/wp-json\/wp\/v2\/product\/10332","targetHints":{"allow":["GET"]}}],"collection":[{"href":"https:\/\/moi-dom.md\/ro\/wp-json\/wp\/v2\/product"}],"about":[{"href":"https:\/\/moi-dom.md\/ro\/wp-json\/wp\/v2\/types\/product"}],"version-history":[{"count":2,"href":"https:\/\/moi-dom.md\/ro\/wp-json\/wp\/v2\/product\/10332\/revisions"}],"predecessor-version":[{"id":10339,"href":"https:\/\/moi-dom.md\/ro\/wp-json\/wp\/v2\/product\/10332\/revisions\/10339"}],"wp:featuredmedia":[{"embeddable":true,"href":"https:\/\/moi-dom.md\/ro\/wp-json\/wp\/v2\/media\/10338"}],"wp:attachment":[{"href":"https:\/\/moi-dom.md\/ro\/wp-json\/wp\/v2\/media?parent=10332"}],"wp:term":[{"taxonomy":"product_brand","embeddable":true,"href":"https:\/\/moi-dom.md\/ro\/wp-json\/wp\/v2\/product_brand?post=10332"},{"taxonomy":"product_cat","embeddable":true,"href":"https:\/\/moi-dom.md\/ro\/wp-json\/wp\/v2\/product_cat?post=10332"},{"taxonomy":"product_tag","embeddable":true,"href":"https:\/\/moi-dom.md\/ro\/wp-json\/wp\/v2\/product_tag?post=10332"}],"curies":[{"name":"wp","href":"https:\/\/api.w.org\/{rel}","templated":true}]}}