{"id":10318,"date":"2026-02-17T15:54:23","date_gmt":"2026-02-17T12:54:23","guid":{"rendered":"https:\/\/moi-dom.md\/?post_type=product&#038;p=10318"},"modified":"2026-02-17T15:58:57","modified_gmt":"2026-02-17T12:58:57","slug":"set-de-pahare-pentru-lichior-si-bauturi-tari-mixology-%d0%ba%d0%be%d0%bf%d0%b8%d1%80%d0%be%d0%b2%d0%b0%d1%82%d1%8c","status":"publish","type":"product","link":"https:\/\/moi-dom.md\/ro\/produs\/set-de-pahare-pentru-lichior-si-bauturi-tari-mixology-%d0%ba%d0%be%d0%bf%d0%b8%d1%80%d0%be%d0%b2%d0%b0%d1%82%d1%8c\/","title":{"rendered":"Set pahare pentru whisky Mixology"},"content":{"rendered":"<p class=\"p1\">Setul de 6 pahare Old Fashioned din seria Mixology de la Luigi Bormioli, cu o capacitate de 380 ml, este destinat servirii whisky-ului, bourbonului, romului \u0219i cocktailurilor clasice pe baz\u0103 de alcool tare. Forma larg\u0103 permite aromelor b\u0103uturii s\u0103 se dezv\u0103luie, iar fundul gros \u0219i dens este convenabil pentru servirea cu ghea\u021b\u0103. Modelul \u00een relief \u00een stil vintage creeaz\u0103 un joc expresiv de lumin\u0103 \u0219i subliniaz\u0103 culoarea b\u0103uturii &#8211; de la whisky-ul chihlimbar p\u00e2n\u0103 la cocktailurile saturate. Volumul de 380 ml este optim at\u00e2t pentru b\u0103uturi pure, c\u00e2t \u0219i pentru cocktailuri Old Fashioned, Negroni sau Whiskey Sour. Paharele sunt potrivite pentru barul de acas\u0103, servirea festiv\u0103 \u0219i servirea elegant\u0103 de zi cu zi.    <\/p>\n","protected":false},"excerpt":{"rendered":"<p class=\"p1\">Set de 6 pahare de 380 ml pentru whisky \u0219i cocktailuri \u2014 format clasic Old Fashioned.<\/p>\n","protected":false},"featured_media":10321,"template":"","meta":[],"product_brand":[],"product_cat":[889,239],"product_tag":[],"class_list":{"0":"post-10318","1":"product","2":"type-product","3":"status-publish","4":"has-post-thumbnail","6":"product_cat-bar-i-steklo","7":"product_cat-posyda","8":"pa_brand-luigi-bormioli","9":"pa_material-hrystalinoe-steklo","10":"pa_volume-380-","12":"first","13":"instock","14":"shipping-taxable","15":"purchasable","16":"product-type-simple"},"_links":{"self":[{"href":"https:\/\/moi-dom.md\/ro\/wp-json\/wp\/v2\/product\/10318","targetHints":{"allow":["GET"]}}],"collection":[{"href":"https:\/\/moi-dom.md\/ro\/wp-json\/wp\/v2\/product"}],"about":[{"href":"https:\/\/moi-dom.md\/ro\/wp-json\/wp\/v2\/types\/product"}],"version-history":[{"count":2,"href":"https:\/\/moi-dom.md\/ro\/wp-json\/wp\/v2\/product\/10318\/revisions"}],"predecessor-version":[{"id":10323,"href":"https:\/\/moi-dom.md\/ro\/wp-json\/wp\/v2\/product\/10318\/revisions\/10323"}],"wp:featuredmedia":[{"embeddable":true,"href":"https:\/\/moi-dom.md\/ro\/wp-json\/wp\/v2\/media\/10321"}],"wp:attachment":[{"href":"https:\/\/moi-dom.md\/ro\/wp-json\/wp\/v2\/media?parent=10318"}],"wp:term":[{"taxonomy":"product_brand","embeddable":true,"href":"https:\/\/moi-dom.md\/ro\/wp-json\/wp\/v2\/product_brand?post=10318"},{"taxonomy":"product_cat","embeddable":true,"href":"https:\/\/moi-dom.md\/ro\/wp-json\/wp\/v2\/product_cat?post=10318"},{"taxonomy":"product_tag","embeddable":true,"href":"https:\/\/moi-dom.md\/ro\/wp-json\/wp\/v2\/product_tag?post=10318"}],"curies":[{"name":"wp","href":"https:\/\/api.w.org\/{rel}","templated":true}]}}