{"id":10311,"date":"2026-02-17T15:41:19","date_gmt":"2026-02-17T12:41:19","guid":{"rendered":"https:\/\/moi-dom.md\/?post_type=product&#038;p=10311"},"modified":"2026-02-17T15:46:40","modified_gmt":"2026-02-17T12:46:40","slug":"set-de-pahare-pentru-cocktailuri-mixology-%d0%ba%d0%be%d0%bf%d0%b8%d1%80%d0%be%d0%b2%d0%b0%d1%82%d1%8c","status":"publish","type":"product","link":"https:\/\/moi-dom.md\/ro\/produs\/set-de-pahare-pentru-cocktailuri-mixology-%d0%ba%d0%be%d0%bf%d0%b8%d1%80%d0%be%d0%b2%d0%b0%d1%82%d1%8c\/","title":{"rendered":"Set de pahare pentru lichior \u0219i b\u0103uturi tari Mixology"},"content":{"rendered":"<p class=\"p1\">Setul de 6 pahare Luigi Bormioli din seria Mixology, cu o capacitate de 150 ml, este destinat servirii lichiorurilor, rachiurilor, grapei \u0219i altor b\u0103uturi tari. Cupa compact\u0103 ajut\u0103 la concentrarea aromelor, iar piciorul sub\u021bire \u0219i \u00eenalt men\u021bine temperatura b\u0103uturii, f\u0103r\u0103 a o \u00eenc\u0103lzi cu m\u00e2na. Sticla reliefat\u0103 creeaz\u0103 un joc expresiv de lumin\u0103 \u0219i subliniaz\u0103 culoarea b\u0103uturii &#8211; de la lichioruri chihlimbar p\u00e2n\u0103 la grappa transparent\u0103. Paharele sunt potrivite at\u00e2t pentru barul de acas\u0103, c\u00e2t \u0219i pentru servirea elegant\u0103 dup\u0103 cin\u0103. Seria Mixology combin\u0103 caracterul vintage \u0219i rezisten\u021ba modern\u0103 a sticlei, f\u0103c\u00e2nd servirea stilat\u0103 \u0219i bine g\u00e2ndit\u0103.    <\/p>\n","protected":false},"excerpt":{"rendered":"<p class=\"p1\">Set de 6 pahare de 150 ml pentru lichior \u0219i b\u0103uturi tari \u2014 servire elegant\u0103 la bar.<\/p>\n","protected":false},"featured_media":10314,"template":"","meta":[],"product_brand":[],"product_cat":[889,239],"product_tag":[],"class_list":{"0":"post-10311","1":"product","2":"type-product","3":"status-publish","4":"has-post-thumbnail","6":"product_cat-bar-i-steklo","7":"product_cat-posyda","8":"pa_brand-luigi-bormioli","9":"pa_material-hrystalinoe-steklo","10":"pa_volume-150-","12":"first","13":"instock","14":"shipping-taxable","15":"purchasable","16":"product-type-simple"},"_links":{"self":[{"href":"https:\/\/moi-dom.md\/ro\/wp-json\/wp\/v2\/product\/10311","targetHints":{"allow":["GET"]}}],"collection":[{"href":"https:\/\/moi-dom.md\/ro\/wp-json\/wp\/v2\/product"}],"about":[{"href":"https:\/\/moi-dom.md\/ro\/wp-json\/wp\/v2\/types\/product"}],"version-history":[{"count":2,"href":"https:\/\/moi-dom.md\/ro\/wp-json\/wp\/v2\/product\/10311\/revisions"}],"predecessor-version":[{"id":10316,"href":"https:\/\/moi-dom.md\/ro\/wp-json\/wp\/v2\/product\/10311\/revisions\/10316"}],"wp:featuredmedia":[{"embeddable":true,"href":"https:\/\/moi-dom.md\/ro\/wp-json\/wp\/v2\/media\/10314"}],"wp:attachment":[{"href":"https:\/\/moi-dom.md\/ro\/wp-json\/wp\/v2\/media?parent=10311"}],"wp:term":[{"taxonomy":"product_brand","embeddable":true,"href":"https:\/\/moi-dom.md\/ro\/wp-json\/wp\/v2\/product_brand?post=10311"},{"taxonomy":"product_cat","embeddable":true,"href":"https:\/\/moi-dom.md\/ro\/wp-json\/wp\/v2\/product_cat?post=10311"},{"taxonomy":"product_tag","embeddable":true,"href":"https:\/\/moi-dom.md\/ro\/wp-json\/wp\/v2\/product_tag?post=10311"}],"curies":[{"name":"wp","href":"https:\/\/api.w.org\/{rel}","templated":true}]}}