{"id":10297,"date":"2026-02-17T15:14:47","date_gmt":"2026-02-17T12:14:47","guid":{"rendered":"https:\/\/moi-dom.md\/?post_type=product&#038;p=10297"},"modified":"2026-02-17T15:18:46","modified_gmt":"2026-02-17T12:18:46","slug":"set-pahare-pentru-martini-mixology-%d0%ba%d0%be%d0%bf%d0%b8%d1%80%d0%be%d0%b2%d0%b0%d1%82%d1%8c","status":"publish","type":"product","link":"https:\/\/moi-dom.md\/ro\/produs\/set-pahare-pentru-martini-mixology-%d0%ba%d0%be%d0%bf%d0%b8%d1%80%d0%be%d0%b2%d0%b0%d1%82%d1%8c\/","title":{"rendered":"Set pahare de vin Mixology"},"content":{"rendered":"<p class=\"p1\">Setul de 6 pahare de vin Luigi Bormioli din seria Mixology este o combina\u021bie \u00eentre forma clasic\u0103 \u0219i designul reliefat expresiv. Volumul de 570 ml este ideal pentru vinurile ro\u0219ii: cup\u0103 mare permite b\u0103uturii s\u0103 se \u201edeschid\u0103\u201d, o satur\u0103 cu oxigen \u0219i subliniaz\u0103 notele aromatice. Piciorul elegant \u0219i forma echilibrat\u0103 fac paharul confortabil \u00een m\u00e2n\u0103 \u0219i vizual elegant pe mas\u0103. Sticla transparent\u0103 cu textur\u0103 caracteristic\u0103 refract\u0103 frumos lumina, ad\u0103ug\u00e2nd profunzime \u0219i efect servirii. Un astfel de set este potrivit pentru colec\u021bia de acas\u0103, pentru o cin\u0103 festiv\u0103 sau ca un cadou demn.    <\/p>\n","protected":false},"excerpt":{"rendered":"<p class=\"p1\">Set de 6 pahare de 570 ml pentru vin ro\u0219u \u2014 prezentare expresiv\u0103 \u0219i servire elegant\u0103.<\/p>\n","protected":false},"featured_media":10300,"template":"","meta":[],"product_brand":[],"product_cat":[890,248],"product_tag":[],"class_list":{"0":"post-10297","1":"product","2":"type-product","3":"status-publish","4":"has-post-thumbnail","6":"product_cat-bar-si-sticla","7":"product_cat-vesela","8":"pa_brand-luigi-bormioli","9":"pa_material-sticla-cristal","10":"pa_volume-570-ml","12":"first","13":"instock","14":"shipping-taxable","15":"purchasable","16":"product-type-simple"},"_links":{"self":[{"href":"https:\/\/moi-dom.md\/ro\/wp-json\/wp\/v2\/product\/10297","targetHints":{"allow":["GET"]}}],"collection":[{"href":"https:\/\/moi-dom.md\/ro\/wp-json\/wp\/v2\/product"}],"about":[{"href":"https:\/\/moi-dom.md\/ro\/wp-json\/wp\/v2\/types\/product"}],"version-history":[{"count":2,"href":"https:\/\/moi-dom.md\/ro\/wp-json\/wp\/v2\/product\/10297\/revisions"}],"predecessor-version":[{"id":10302,"href":"https:\/\/moi-dom.md\/ro\/wp-json\/wp\/v2\/product\/10297\/revisions\/10302"}],"wp:featuredmedia":[{"embeddable":true,"href":"https:\/\/moi-dom.md\/ro\/wp-json\/wp\/v2\/media\/10300"}],"wp:attachment":[{"href":"https:\/\/moi-dom.md\/ro\/wp-json\/wp\/v2\/media?parent=10297"}],"wp:term":[{"taxonomy":"product_brand","embeddable":true,"href":"https:\/\/moi-dom.md\/ro\/wp-json\/wp\/v2\/product_brand?post=10297"},{"taxonomy":"product_cat","embeddable":true,"href":"https:\/\/moi-dom.md\/ro\/wp-json\/wp\/v2\/product_cat?post=10297"},{"taxonomy":"product_tag","embeddable":true,"href":"https:\/\/moi-dom.md\/ro\/wp-json\/wp\/v2\/product_tag?post=10297"}],"curies":[{"name":"wp","href":"https:\/\/api.w.org\/{rel}","templated":true}]}}