{"id":10283,"date":"2026-02-17T14:57:12","date_gmt":"2026-02-17T11:57:12","guid":{"rendered":"https:\/\/moi-dom.md\/product\/sticla-cu-dop-de-pluta\/"},"modified":"2026-02-17T14:57:12","modified_gmt":"2026-02-17T11:57:12","slug":"sticla-cu-dop-de-pluta","status":"publish","type":"product","link":"https:\/\/moi-dom.md\/ro\/produs\/sticla-cu-dop-de-pluta\/","title":{"rendered":"Sticl\u0103 cu dop de plut\u0103"},"content":{"rendered":"<p class=\"p1\">Sticla cu un volum de 1 litru \u0219i capac din plut\u0103 natural\u0103 \u2014 o solu\u021bie practic\u0103 \u0219i estetic\u0103 pentru ap\u0103, limonad\u0103, suc de fructe sau sirop de cas\u0103. Sticla dens\u0103 din sticl\u0103 este rezistent\u0103 la utilizarea zilnic\u0103, iar dopul \u00eenchide \u00een mod fiabil con\u021binutul, p\u0103str\u00e2nd prospe\u021bimea b\u0103uturii. Forma laconic\u0103 \u0219i sticla transparent\u0103 colorat\u0103 fac sticla nu numai func\u021bional\u0103, ci \u0219i decorativ\u0103 \u2013 arat\u0103 frumos pe mas\u0103, \u00een zona barului sau pe raftul din buc\u0103t\u0103rie.  <\/p>\n","protected":false},"excerpt":{"rendered":"<p class=\"p1\">Sticl\u0103 de sticl\u0103 de 1 litru cu capac de plut\u0103 \u2014 pentru ap\u0103, limonad\u0103 \u0219i servire. Depozitare \u0219i servire elegant\u0103 a b\u0103uturilor. <\/p>\n","protected":false},"featured_media":10276,"template":"","meta":[],"product_brand":[],"product_cat":[889,239],"product_tag":[],"class_list":{"0":"post-10283","1":"product","2":"type-product","3":"status-publish","4":"has-post-thumbnail","6":"product_cat-bar-i-steklo","7":"product_cat-posyda","8":"pa_brand-tognana","9":"pa_color-baby-blue","10":"pa_color-grey","11":"pa_color-orange","12":"pa_color-pink","13":"pa_material-596","14":"pa_volume-1-","16":"first","17":"instock","18":"shipping-taxable","19":"purchasable","20":"product-type-variable"},"_links":{"self":[{"href":"https:\/\/moi-dom.md\/ro\/wp-json\/wp\/v2\/product\/10283","targetHints":{"allow":["GET"]}}],"collection":[{"href":"https:\/\/moi-dom.md\/ro\/wp-json\/wp\/v2\/product"}],"about":[{"href":"https:\/\/moi-dom.md\/ro\/wp-json\/wp\/v2\/types\/product"}],"version-history":[{"count":0,"href":"https:\/\/moi-dom.md\/ro\/wp-json\/wp\/v2\/product\/10283\/revisions"}],"wp:featuredmedia":[{"embeddable":true,"href":"https:\/\/moi-dom.md\/ro\/wp-json\/wp\/v2\/media\/10276"}],"wp:attachment":[{"href":"https:\/\/moi-dom.md\/ro\/wp-json\/wp\/v2\/media?parent=10283"}],"wp:term":[{"taxonomy":"product_brand","embeddable":true,"href":"https:\/\/moi-dom.md\/ro\/wp-json\/wp\/v2\/product_brand?post=10283"},{"taxonomy":"product_cat","embeddable":true,"href":"https:\/\/moi-dom.md\/ro\/wp-json\/wp\/v2\/product_cat?post=10283"},{"taxonomy":"product_tag","embeddable":true,"href":"https:\/\/moi-dom.md\/ro\/wp-json\/wp\/v2\/product_tag?post=10283"}],"curies":[{"name":"wp","href":"https:\/\/api.w.org\/{rel}","templated":true}]}}