{"id":10265,"date":"2026-02-17T14:14:26","date_gmt":"2026-02-17T11:14:26","guid":{"rendered":"https:\/\/moi-dom.md\/product\/set-de-masa-pentru-6-persoane-18-piese-ortigia\/"},"modified":"2026-02-17T14:14:26","modified_gmt":"2026-02-17T11:14:26","slug":"set-de-masa-pentru-6-persoane-18-piese-ortigia","status":"publish","type":"product","link":"https:\/\/moi-dom.md\/ro\/produs\/set-de-masa-pentru-6-persoane-18-piese-ortigia\/","title":{"rendered":"Set de mas\u0103 pentru 6 persoane, 18 piese Ortigia"},"content":{"rendered":"<p class=\"p1\">Setul de mas\u0103 Ortigia pentru 6 persoane este format din 18 piese cu un ornament expresiv albastru-alb \u00een stil mediteranean. Colec\u021bia este inspirat\u0103 de ceramica tradi\u021bional\u0103 din sudul Italiei \u0219i combin\u0103 clasicul cu stilul modern. <\/p>\n<p class=\"p1\">Setul include:<\/p>\n<p class=\"p1\">\u2013 6 farfurii de mas\u0103 \u00f8 27 cm<\/p>\n<p class=\"p1\">\u2013 6 farfurii pentru sup\u0103 \u00f8 20 cm<\/p>\n<p class=\"p1\">\u2013 6 farfurii de desert \u00f8 19 cm<\/p>\n<p class=\"p1\">Por\u021belanul este rezistent, cu un decor bogat, care nu \u00ee\u0219i pierde expresivitatea \u00een timp. Serviciul este perfect at\u00e2t pentru servirea zilnic\u0103, c\u00e2t \u0219i pentru cinele de var\u0103 pe teras\u0103, pr\u00e2nzurile \u00een familie \u0219i mesele festive. <\/p>\n<p class=\"p1\">Ortigia \u00eenseamn\u0103 relaxare, mare \u0219i fe\u021be de mas\u0103 albe cu l\u0103m\u00e2i. O mas\u0103 pe care \u00ee\u021bi vine s\u0103 o fotografiezi. <\/p>\n","protected":false},"excerpt":{"rendered":"<p class=\"p1\">Serviciu Ortigia pentru 6 persoane (18 piese) \u00een stil mediteranean albastru-alb.<\/p>\n","protected":false},"featured_media":10251,"template":"","meta":[],"product_brand":[],"product_cat":[248,868],"product_tag":[],"class_list":{"0":"post-10265","1":"product","2":"type-product","3":"status-publish","4":"has-post-thumbnail","6":"product_cat-vesela","7":"product_cat-vesela-pentru-masa","8":"pa_brand-tognana","9":"pa_color-white","10":"pa_color-albastru","11":"pa_material-portelan","12":"pa_material-stoneware","13":"pa_size-o19-cm","14":"pa_size-o20-cm","15":"pa_size-o27-cm","17":"first","18":"instock","19":"shipping-taxable","20":"purchasable","21":"product-type-simple"},"_links":{"self":[{"href":"https:\/\/moi-dom.md\/ro\/wp-json\/wp\/v2\/product\/10265","targetHints":{"allow":["GET"]}}],"collection":[{"href":"https:\/\/moi-dom.md\/ro\/wp-json\/wp\/v2\/product"}],"about":[{"href":"https:\/\/moi-dom.md\/ro\/wp-json\/wp\/v2\/types\/product"}],"version-history":[{"count":0,"href":"https:\/\/moi-dom.md\/ro\/wp-json\/wp\/v2\/product\/10265\/revisions"}],"wp:featuredmedia":[{"embeddable":true,"href":"https:\/\/moi-dom.md\/ro\/wp-json\/wp\/v2\/media\/10251"}],"wp:attachment":[{"href":"https:\/\/moi-dom.md\/ro\/wp-json\/wp\/v2\/media?parent=10265"}],"wp:term":[{"taxonomy":"product_brand","embeddable":true,"href":"https:\/\/moi-dom.md\/ro\/wp-json\/wp\/v2\/product_brand?post=10265"},{"taxonomy":"product_cat","embeddable":true,"href":"https:\/\/moi-dom.md\/ro\/wp-json\/wp\/v2\/product_cat?post=10265"},{"taxonomy":"product_tag","embeddable":true,"href":"https:\/\/moi-dom.md\/ro\/wp-json\/wp\/v2\/product_tag?post=10265"}],"curies":[{"name":"wp","href":"https:\/\/api.w.org\/{rel}","templated":true}]}}