{"id":10236,"date":"2026-02-16T23:07:27","date_gmt":"2026-02-16T20:07:27","guid":{"rendered":"https:\/\/moi-dom.md\/product\/farfurie-leaf-lemon-garden\/"},"modified":"2026-02-16T23:07:27","modified_gmt":"2026-02-16T20:07:27","slug":"farfurie-leaf-lemon-garden","status":"publish","type":"product","link":"https:\/\/moi-dom.md\/ro\/produs\/farfurie-leaf-lemon-garden\/","title":{"rendered":"Farfurie Leaf Lemon Garden"},"content":{"rendered":"<p class=\"p1\">Farfuria Lemon Garden are forma unei frunze \u0219i este realizat\u0103 din ceramic\u0103. Textura \u00een relief \u0219i nuan\u021ba verde intens\u0103 o transform\u0103 \u00eentr-un element accent al servirii. Dimensiunea de 23\u00d721 cm este potrivit\u0103 pentru servirea felurilor principale, aperitivelor sau salatelor. Farfuria arat\u0103 excelent at\u00e2t \u00een aranjarea de zi cu zi, c\u00e2t \u0219i \u00een decorarea tematic\u0103 a mesei.   <\/p>\n","protected":false},"excerpt":{"rendered":"<p class=\"p1\">Farfurie ceramic\u0103 \u00een form\u0103 de frunz\u0103.<\/p>\n","protected":false},"featured_media":10233,"template":"","meta":[],"product_brand":[],"product_cat":[239,867],"product_tag":[],"class_list":{"0":"post-10236","1":"product","2":"type-product","3":"status-publish","4":"has-post-thumbnail","6":"product_cat-posyda","7":"product_cat-stolovaya-posuda","8":"pa_brand-tognana","9":"pa_color-green","10":"pa_material-stoneware","11":"pa_size-23x21-","13":"first","14":"instock","15":"shipping-taxable","16":"purchasable","17":"product-type-simple"},"_links":{"self":[{"href":"https:\/\/moi-dom.md\/ro\/wp-json\/wp\/v2\/product\/10236","targetHints":{"allow":["GET"]}}],"collection":[{"href":"https:\/\/moi-dom.md\/ro\/wp-json\/wp\/v2\/product"}],"about":[{"href":"https:\/\/moi-dom.md\/ro\/wp-json\/wp\/v2\/types\/product"}],"version-history":[{"count":0,"href":"https:\/\/moi-dom.md\/ro\/wp-json\/wp\/v2\/product\/10236\/revisions"}],"wp:featuredmedia":[{"embeddable":true,"href":"https:\/\/moi-dom.md\/ro\/wp-json\/wp\/v2\/media\/10233"}],"wp:attachment":[{"href":"https:\/\/moi-dom.md\/ro\/wp-json\/wp\/v2\/media?parent=10236"}],"wp:term":[{"taxonomy":"product_brand","embeddable":true,"href":"https:\/\/moi-dom.md\/ro\/wp-json\/wp\/v2\/product_brand?post=10236"},{"taxonomy":"product_cat","embeddable":true,"href":"https:\/\/moi-dom.md\/ro\/wp-json\/wp\/v2\/product_cat?post=10236"},{"taxonomy":"product_tag","embeddable":true,"href":"https:\/\/moi-dom.md\/ro\/wp-json\/wp\/v2\/product_tag?post=10236"}],"curies":[{"name":"wp","href":"https:\/\/api.w.org\/{rel}","templated":true}]}}