{"id":10230,"date":"2026-02-16T23:01:48","date_gmt":"2026-02-16T20:01:48","guid":{"rendered":"https:\/\/moi-dom.md\/product\/set-pentru-condimente-lemon-garden\/"},"modified":"2026-02-16T23:01:48","modified_gmt":"2026-02-16T20:01:48","slug":"set-pentru-condimente-lemon-garden","status":"publish","type":"product","link":"https:\/\/moi-dom.md\/ro\/produs\/set-pentru-condimente-lemon-garden\/","title":{"rendered":"Set pentru condimente Lemon Garden"},"content":{"rendered":"<p class=\"p1\">Setul pentru condimente Lemon Garden include o solni\u021b\u0103, un piperni\u021b\u0103 \u0219i un t\u0103vi\u021b\u0103. Fabricat din ceramic\u0103, are forma unor l\u0103m\u00e2i cu frunze verzi decorative. Potrivit pentru servirea mesei, buc\u0103t\u0103rie sau terasa de var\u0103. Dimensiunile compacte de 15\u00d77 cm fac setul convenabil pentru utilizarea zilnic\u0103, iar designul viu adaug\u0103 veselie servirii mesei.   <\/p>\n","protected":false},"excerpt":{"rendered":"<p class=\"p1\">Set pentru condimente din ceramic\u0103: solni\u021b\u0103, piperni\u021b\u0103 \u0219i tav\u0103.<\/p>\n","protected":false},"featured_media":10227,"template":"","meta":[],"product_brand":[],"product_cat":[887,239],"product_tag":[],"class_list":{"0":"post-10230","1":"product","2":"type-product","3":"status-publish","4":"has-post-thumbnail","6":"product_cat-dlya-podachi","7":"product_cat-posyda","8":"pa_brand-tognana","9":"pa_color-yellow","10":"pa_material-stoneware","11":"pa_size-15x17-","13":"first","14":"instock","15":"shipping-taxable","16":"purchasable","17":"product-type-simple"},"_links":{"self":[{"href":"https:\/\/moi-dom.md\/ro\/wp-json\/wp\/v2\/product\/10230","targetHints":{"allow":["GET"]}}],"collection":[{"href":"https:\/\/moi-dom.md\/ro\/wp-json\/wp\/v2\/product"}],"about":[{"href":"https:\/\/moi-dom.md\/ro\/wp-json\/wp\/v2\/types\/product"}],"version-history":[{"count":0,"href":"https:\/\/moi-dom.md\/ro\/wp-json\/wp\/v2\/product\/10230\/revisions"}],"wp:featuredmedia":[{"embeddable":true,"href":"https:\/\/moi-dom.md\/ro\/wp-json\/wp\/v2\/media\/10227"}],"wp:attachment":[{"href":"https:\/\/moi-dom.md\/ro\/wp-json\/wp\/v2\/media?parent=10230"}],"wp:term":[{"taxonomy":"product_brand","embeddable":true,"href":"https:\/\/moi-dom.md\/ro\/wp-json\/wp\/v2\/product_brand?post=10230"},{"taxonomy":"product_cat","embeddable":true,"href":"https:\/\/moi-dom.md\/ro\/wp-json\/wp\/v2\/product_cat?post=10230"},{"taxonomy":"product_tag","embeddable":true,"href":"https:\/\/moi-dom.md\/ro\/wp-json\/wp\/v2\/product_tag?post=10230"}],"curies":[{"name":"wp","href":"https:\/\/api.w.org\/{rel}","templated":true}]}}