{"id":10217,"date":"2026-02-16T22:40:06","date_gmt":"2026-02-16T19:40:06","guid":{"rendered":"https:\/\/moi-dom.md\/?post_type=product&#038;p=10217"},"modified":"2026-02-16T22:46:28","modified_gmt":"2026-02-16T19:46:28","slug":"farfurie-de-desert-althe-%d0%ba%d0%be%d0%bf%d0%b8%d1%80%d0%be%d0%b2%d0%b0%d1%82%d1%8c","status":"publish","type":"product","link":"https:\/\/moi-dom.md\/ro\/produs\/farfurie-de-desert-althe-%d0%ba%d0%be%d0%bf%d0%b8%d1%80%d0%be%d0%b2%d0%b0%d1%82%d1%8c\/","title":{"rendered":"Bolul Althe"},"content":{"rendered":"<p class=\"p1\">Bolul de 16 cm din ceramic\u0103 (stoneware) \u00een nuan\u021ba Violet este un format universal pentru servirea salatelor, terciurilor, supelor \u0219i aperitivelor. Suprafa\u021ba texturat\u0103 \u0219i marginea u\u0219or \u00eentunecat\u0103 confer\u0103 vasului expresivitate \u0219i fac servirea mai vie \u0219i mai modern\u0103. Ceramica dens\u0103 este rezistent\u0103 la utilizarea zilnic\u0103 \u0219i se potrive\u0219te bine cu farfuriile din colec\u021bia Althe.  <\/p>\n","protected":false},"excerpt":{"rendered":"<p class=\"p1\">Bol de 16 cm din ceramic\u0103 (stoneware), culoare Violet. Pentru supe, salate \u0219i micul dejun. <\/p>\n","protected":false},"featured_media":10220,"template":"","meta":[],"product_brand":[],"product_cat":[239,867],"product_tag":[],"class_list":{"0":"post-10217","1":"product","2":"type-product","3":"status-publish","4":"has-post-thumbnail","6":"product_cat-posyda","7":"product_cat-stolovaya-posuda","8":"pa_brand-tognana","9":"pa_material-stoneware","10":"pa_size-o16-","11":"pa_uhod-869","12":"pa_uhod-posudomoechnaya-mashina","14":"first","15":"instock","16":"shipping-taxable","17":"purchasable","18":"product-type-simple"},"_links":{"self":[{"href":"https:\/\/moi-dom.md\/ro\/wp-json\/wp\/v2\/product\/10217","targetHints":{"allow":["GET"]}}],"collection":[{"href":"https:\/\/moi-dom.md\/ro\/wp-json\/wp\/v2\/product"}],"about":[{"href":"https:\/\/moi-dom.md\/ro\/wp-json\/wp\/v2\/types\/product"}],"version-history":[{"count":3,"href":"https:\/\/moi-dom.md\/ro\/wp-json\/wp\/v2\/product\/10217\/revisions"}],"predecessor-version":[{"id":10224,"href":"https:\/\/moi-dom.md\/ro\/wp-json\/wp\/v2\/product\/10217\/revisions\/10224"}],"wp:featuredmedia":[{"embeddable":true,"href":"https:\/\/moi-dom.md\/ro\/wp-json\/wp\/v2\/media\/10220"}],"wp:attachment":[{"href":"https:\/\/moi-dom.md\/ro\/wp-json\/wp\/v2\/media?parent=10217"}],"wp:term":[{"taxonomy":"product_brand","embeddable":true,"href":"https:\/\/moi-dom.md\/ro\/wp-json\/wp\/v2\/product_brand?post=10217"},{"taxonomy":"product_cat","embeddable":true,"href":"https:\/\/moi-dom.md\/ro\/wp-json\/wp\/v2\/product_cat?post=10217"},{"taxonomy":"product_tag","embeddable":true,"href":"https:\/\/moi-dom.md\/ro\/wp-json\/wp\/v2\/product_tag?post=10217"}],"curies":[{"name":"wp","href":"https:\/\/api.w.org\/{rel}","templated":true}]}}