{"id":10210,"date":"2026-02-16T22:33:38","date_gmt":"2026-02-16T19:33:38","guid":{"rendered":"https:\/\/moi-dom.md\/?post_type=product&#038;p=10210"},"modified":"2026-02-16T22:38:44","modified_gmt":"2026-02-16T19:38:44","slug":"farfurie-adanca-althe-%d0%ba%d0%be%d0%bf%d0%b8%d1%80%d0%be%d0%b2%d0%b0%d1%82%d1%8c","status":"publish","type":"product","link":"https:\/\/moi-dom.md\/ro\/produs\/farfurie-adanca-althe-%d0%ba%d0%be%d0%bf%d0%b8%d1%80%d0%be%d0%b2%d0%b0%d1%82%d1%8c\/","title":{"rendered":"Farfurie de desert Althe"},"content":{"rendered":"<p class=\"p1\">Farfurie de desert de 20 cm din ceramic\u0103 (stoneware) \u2014 format compact \u0219i universal pentru deserturi, gust\u0103ri \u0219i servirea micului dejun. Nuanta intens\u0103 Violet \u0219i marginea texturat\u0103 creeaz\u0103 un accent expresiv pe mas\u0103 \u0219i se combin\u0103 frumos cu alte obiecte din colec\u021bia Althe. Ceramica dens\u0103 este rezistent\u0103 la utilizarea zilnic\u0103 \u0219i \u00ee\u0219i p\u0103streaz\u0103 aspectul \u00eengrijit chiar \u0219i \u00een cazul utiliz\u0103rii frecvente.  <\/p>\n","protected":false},"excerpt":{"rendered":"<p class=\"p1\">Farfurie de desert 20 cm din ceramic\u0103 (stoneware), culoare Violet. Pentru deserturi \u0219i aperitive. <\/p>\n","protected":false},"featured_media":10213,"template":"","meta":[],"product_brand":[],"product_cat":[248,868],"product_tag":[],"class_list":{"0":"post-10210","1":"product","2":"type-product","3":"status-publish","4":"has-post-thumbnail","6":"product_cat-vesela","7":"product_cat-vesela-pentru-masa","8":"pa_brand-tognana","9":"pa_material-stoneware","10":"pa_size-o20-cm","11":"pa_uhod-potrivit-pentru-utilizare-in-microunde","12":"pa_uhod-se-poate-spala-in-masina-de-spalat-vase","14":"first","15":"instock","16":"shipping-taxable","17":"purchasable","18":"product-type-simple"},"_links":{"self":[{"href":"https:\/\/moi-dom.md\/ro\/wp-json\/wp\/v2\/product\/10210","targetHints":{"allow":["GET"]}}],"collection":[{"href":"https:\/\/moi-dom.md\/ro\/wp-json\/wp\/v2\/product"}],"about":[{"href":"https:\/\/moi-dom.md\/ro\/wp-json\/wp\/v2\/types\/product"}],"version-history":[{"count":2,"href":"https:\/\/moi-dom.md\/ro\/wp-json\/wp\/v2\/product\/10210\/revisions"}],"predecessor-version":[{"id":10215,"href":"https:\/\/moi-dom.md\/ro\/wp-json\/wp\/v2\/product\/10210\/revisions\/10215"}],"wp:featuredmedia":[{"embeddable":true,"href":"https:\/\/moi-dom.md\/ro\/wp-json\/wp\/v2\/media\/10213"}],"wp:attachment":[{"href":"https:\/\/moi-dom.md\/ro\/wp-json\/wp\/v2\/media?parent=10210"}],"wp:term":[{"taxonomy":"product_brand","embeddable":true,"href":"https:\/\/moi-dom.md\/ro\/wp-json\/wp\/v2\/product_brand?post=10210"},{"taxonomy":"product_cat","embeddable":true,"href":"https:\/\/moi-dom.md\/ro\/wp-json\/wp\/v2\/product_cat?post=10210"},{"taxonomy":"product_tag","embeddable":true,"href":"https:\/\/moi-dom.md\/ro\/wp-json\/wp\/v2\/product_tag?post=10210"}],"curies":[{"name":"wp","href":"https:\/\/api.w.org\/{rel}","templated":true}]}}