{"id":10203,"date":"2026-02-16T22:10:16","date_gmt":"2026-02-16T19:10:16","guid":{"rendered":"https:\/\/moi-dom.md\/?post_type=product&#038;p=10203"},"modified":"2026-02-16T22:13:28","modified_gmt":"2026-02-16T19:13:28","slug":"farfurie-de-masa-althe-%d0%ba%d0%be%d0%bf%d0%b8%d1%80%d0%be%d0%b2%d0%b0%d1%82%d1%8c","status":"publish","type":"product","link":"https:\/\/moi-dom.md\/ro\/produs\/farfurie-de-masa-althe-%d0%ba%d0%be%d0%bf%d0%b8%d1%80%d0%be%d0%b2%d0%b0%d1%82%d1%8c\/","title":{"rendered":"Farfurie ad\u00e2nc\u0103 Althe"},"content":{"rendered":"<p class=\"p1\">Farfurie ad\u00e2nc\u0103 de 27 cm din ceramic\u0103 (stoneware) \u2014 format convenabil pentru supe, paste, toc\u0103ni\u021be \u0219i boluri. Forma voluminoas\u0103 \u0219i nuan\u021ba expresiv\u0103 Violet fac ca servirea s\u0103 fie \u00eengrijit\u0103 \u0219i estetic\u0103 chiar \u0219i \u00een cazul servirii zilnice. Ceramica dens\u0103 este rezistent\u0103 la utilizarea zilnic\u0103, iar marginea texturat\u0103 adaug\u0103 caracter \u00eentregii colec\u021bii.  <\/p>\n","protected":false},"excerpt":{"rendered":"<p class=\"p1\">Farfurie ad\u00e2nc\u0103 de 27 cm din ceramic\u0103 (stoneware), culoare Violet. Pentru supe \u0219i feluri de m\u00e2ncare calde. <\/p>\n","protected":false},"featured_media":10206,"template":"","meta":[],"product_brand":[],"product_cat":[248,868],"product_tag":[],"class_list":{"0":"post-10203","1":"product","2":"type-product","3":"status-publish","4":"has-post-thumbnail","6":"product_cat-vesela","7":"product_cat-vesela-pentru-masa","8":"pa_brand-tognana","9":"pa_material-stoneware","10":"pa_size-o27-cm","11":"pa_uhod-potrivit-pentru-utilizare-in-microunde","12":"pa_uhod-se-poate-spala-in-masina-de-spalat-vase","14":"first","15":"instock","16":"shipping-taxable","17":"purchasable","18":"product-type-simple"},"_links":{"self":[{"href":"https:\/\/moi-dom.md\/ro\/wp-json\/wp\/v2\/product\/10203","targetHints":{"allow":["GET"]}}],"collection":[{"href":"https:\/\/moi-dom.md\/ro\/wp-json\/wp\/v2\/product"}],"about":[{"href":"https:\/\/moi-dom.md\/ro\/wp-json\/wp\/v2\/types\/product"}],"version-history":[{"count":2,"href":"https:\/\/moi-dom.md\/ro\/wp-json\/wp\/v2\/product\/10203\/revisions"}],"predecessor-version":[{"id":10208,"href":"https:\/\/moi-dom.md\/ro\/wp-json\/wp\/v2\/product\/10203\/revisions\/10208"}],"wp:featuredmedia":[{"embeddable":true,"href":"https:\/\/moi-dom.md\/ro\/wp-json\/wp\/v2\/media\/10206"}],"wp:attachment":[{"href":"https:\/\/moi-dom.md\/ro\/wp-json\/wp\/v2\/media?parent=10203"}],"wp:term":[{"taxonomy":"product_brand","embeddable":true,"href":"https:\/\/moi-dom.md\/ro\/wp-json\/wp\/v2\/product_brand?post=10203"},{"taxonomy":"product_cat","embeddable":true,"href":"https:\/\/moi-dom.md\/ro\/wp-json\/wp\/v2\/product_cat?post=10203"},{"taxonomy":"product_tag","embeddable":true,"href":"https:\/\/moi-dom.md\/ro\/wp-json\/wp\/v2\/product_tag?post=10203"}],"curies":[{"name":"wp","href":"https:\/\/api.w.org\/{rel}","templated":true}]}}