{"id":10190,"date":"2026-02-16T21:42:42","date_gmt":"2026-02-16T18:42:42","guid":{"rendered":"https:\/\/moi-dom.md\/?post_type=product&#038;p=10190"},"modified":"2026-02-16T21:56:08","modified_gmt":"2026-02-16T18:56:08","slug":"set-de-cani-cu-farfuriute-etoile-%d0%ba%d0%be%d0%bf%d0%b8%d1%80%d0%be%d0%b2%d0%b0%d1%82%d1%8c","status":"publish","type":"product","link":"https:\/\/moi-dom.md\/ro\/produs\/set-de-cani-cu-farfuriute-etoile-%d0%ba%d0%be%d0%bf%d0%b8%d1%80%d0%be%d0%b2%d0%b0%d1%82%d1%8c\/","title":{"rendered":"Set lapte \u0219i zuccherier\u0103 cu tav\u0103 Etoile"},"content":{"rendered":"<p class=\"p1\">Setul Etoile include o can\u0103 pentru lapte, o zuccherni\u021b\u0103 cu capac \u0219i un platou. Fabricat din por\u021belan New Bone China \u2014 un material u\u0219or, rezistent \u0219i elegant, cu o nuan\u021b\u0103 alb\u0103 nobil\u0103. Ornamentul \u00een relief confer\u0103 rafinament servirii, iar formatul compact face setul convenabil pentru servirea laptelui \u0219i zah\u0103rului la ceai sau cafea. Potrivit pentru utilizarea zilnic\u0103 \u0219i pentru servirea festiv\u0103.   <\/p>\n","protected":false},"excerpt":{"rendered":"<p class=\"p1\">Set: lapte, zuccherni\u021b\u0103 \u0219i platou. Por\u021belan New Bone China, culoare alb\u0103, decor \u00een relief. <\/p>\n","protected":false},"featured_media":10193,"template":"","meta":[],"product_brand":[],"product_cat":[239,891],"product_tag":[],"class_list":{"0":"post-10190","1":"product","2":"type-product","3":"status-publish","4":"has-post-thumbnail","6":"product_cat-posyda","7":"product_cat-chaynaya-i-kofeynaya-posuda","8":"pa_brand-andrea-fontebasso","9":"pa_color-white","10":"pa_material-farfor-new-bone-china","11":"pa_uhod-869","12":"pa_uhod-posudomoechnaya-mashina","14":"first","15":"instock","16":"shipping-taxable","17":"purchasable","18":"product-type-simple"},"_links":{"self":[{"href":"https:\/\/moi-dom.md\/ro\/wp-json\/wp\/v2\/product\/10190","targetHints":{"allow":["GET"]}}],"collection":[{"href":"https:\/\/moi-dom.md\/ro\/wp-json\/wp\/v2\/product"}],"about":[{"href":"https:\/\/moi-dom.md\/ro\/wp-json\/wp\/v2\/types\/product"}],"version-history":[{"count":2,"href":"https:\/\/moi-dom.md\/ro\/wp-json\/wp\/v2\/product\/10190\/revisions"}],"predecessor-version":[{"id":10195,"href":"https:\/\/moi-dom.md\/ro\/wp-json\/wp\/v2\/product\/10190\/revisions\/10195"}],"wp:featuredmedia":[{"embeddable":true,"href":"https:\/\/moi-dom.md\/ro\/wp-json\/wp\/v2\/media\/10193"}],"wp:attachment":[{"href":"https:\/\/moi-dom.md\/ro\/wp-json\/wp\/v2\/media?parent=10190"}],"wp:term":[{"taxonomy":"product_brand","embeddable":true,"href":"https:\/\/moi-dom.md\/ro\/wp-json\/wp\/v2\/product_brand?post=10190"},{"taxonomy":"product_cat","embeddable":true,"href":"https:\/\/moi-dom.md\/ro\/wp-json\/wp\/v2\/product_cat?post=10190"},{"taxonomy":"product_tag","embeddable":true,"href":"https:\/\/moi-dom.md\/ro\/wp-json\/wp\/v2\/product_tag?post=10190"}],"curies":[{"name":"wp","href":"https:\/\/api.w.org\/{rel}","templated":true}]}}