{"id":10188,"date":"2026-02-16T21:37:22","date_gmt":"2026-02-16T18:37:22","guid":{"rendered":"https:\/\/moi-dom.md\/product\/set-de-cani-cu-farfuriute-etoile\/"},"modified":"2026-02-16T21:37:22","modified_gmt":"2026-02-16T18:37:22","slug":"set-de-cani-cu-farfuriute-etoile","status":"publish","type":"product","link":"https:\/\/moi-dom.md\/ro\/produs\/set-de-cani-cu-farfuriute-etoile\/","title":{"rendered":"Set de c\u0103ni cu farfuriu\u021be Etoile"},"content":{"rendered":"<p class=\"p1\">Setul de 4 c\u0103ni cu farfurioar\u0103 este realizat din material New Bone China. Culoarea alb\u0103 \u0219i decorul \u00een relief confer\u0103 serviciului un aspect \u00eengrijit \u0219i elegant. Potrivit pentru servirea ceaiului \u0219i a altor b\u0103uturi calde. Materialul u\u0219or \u0219i rezistent este confortabil pentru utilizarea zilnic\u0103.   <\/p>\n","protected":false},"excerpt":{"rendered":"<p class=\"p1\">Set de 4 c\u0103ni cu farfurioar\u0103 din por\u021belan New Bone China.<\/p>\n","protected":false},"featured_media":10184,"template":"","meta":[],"product_brand":[],"product_cat":[248,892],"product_tag":[],"class_list":{"0":"post-10188","1":"product","2":"type-product","3":"status-publish","4":"has-post-thumbnail","6":"product_cat-vesela","7":"product_cat-vesela-pentru-ceai-si-cafea","8":"pa_brand-andrea-fontebasso","9":"pa_color-white","10":"pa_material-portelan-new-bone-china","11":"pa_uhod-potrivit-pentru-utilizare-in-microunde","12":"pa_uhod-se-poate-spala-in-masina-de-spalat-vase","14":"first","15":"instock","16":"shipping-taxable","17":"purchasable","18":"product-type-simple"},"_links":{"self":[{"href":"https:\/\/moi-dom.md\/ro\/wp-json\/wp\/v2\/product\/10188","targetHints":{"allow":["GET"]}}],"collection":[{"href":"https:\/\/moi-dom.md\/ro\/wp-json\/wp\/v2\/product"}],"about":[{"href":"https:\/\/moi-dom.md\/ro\/wp-json\/wp\/v2\/types\/product"}],"version-history":[{"count":0,"href":"https:\/\/moi-dom.md\/ro\/wp-json\/wp\/v2\/product\/10188\/revisions"}],"wp:featuredmedia":[{"embeddable":true,"href":"https:\/\/moi-dom.md\/ro\/wp-json\/wp\/v2\/media\/10184"}],"wp:attachment":[{"href":"https:\/\/moi-dom.md\/ro\/wp-json\/wp\/v2\/media?parent=10188"}],"wp:term":[{"taxonomy":"product_brand","embeddable":true,"href":"https:\/\/moi-dom.md\/ro\/wp-json\/wp\/v2\/product_brand?post=10188"},{"taxonomy":"product_cat","embeddable":true,"href":"https:\/\/moi-dom.md\/ro\/wp-json\/wp\/v2\/product_cat?post=10188"},{"taxonomy":"product_tag","embeddable":true,"href":"https:\/\/moi-dom.md\/ro\/wp-json\/wp\/v2\/product_tag?post=10188"}],"curies":[{"name":"wp","href":"https:\/\/api.w.org\/{rel}","templated":true}]}}