{"id":10181,"date":"2026-02-16T21:30:51","date_gmt":"2026-02-16T18:30:51","guid":{"rendered":"https:\/\/moi-dom.md\/product\/farfurie-adanca-etoile\/"},"modified":"2026-02-16T21:30:51","modified_gmt":"2026-02-16T18:30:51","slug":"farfurie-adanca-etoile","status":"publish","type":"product","link":"https:\/\/moi-dom.md\/ro\/produs\/farfurie-adanca-etoile\/","title":{"rendered":"Farfurie ad\u00e2nc\u0103 Etoile"},"content":{"rendered":"<p class=\"p1\">Farfuria ad\u00e2nc\u0103 cu diametrul de 22 cm este realizat\u0103 din materialul New Bone China. Este potrivit\u0103 pentru servirea supelor, pastelor \u0219i a preparatelor calde cu sos. Culoarea alb\u0103 clasic\u0103 \u0219i decorul \u00een relief de pe margine o fac universal\u0103 pentru servirea zilnic\u0103 \u0219i festiv\u0103. U\u0219oar\u0103 \u0219i rezistent\u0103, este potrivit\u0103 pentru utilizarea zilnic\u0103.   <\/p>\n","protected":false},"excerpt":{"rendered":"<p class=\"p1\">Farfurie ad\u00e2nc\u0103 22 cm din New Bone China, alb\u0103.<\/p>\n","protected":false},"featured_media":10178,"template":"","meta":[],"product_brand":[],"product_cat":[248,868],"product_tag":[],"class_list":{"0":"post-10181","1":"product","2":"type-product","3":"status-publish","4":"has-post-thumbnail","6":"product_cat-vesela","7":"product_cat-vesela-pentru-masa","8":"pa_brand-andrea-fontebasso","9":"pa_color-white","10":"pa_material-portelan-new-bone-china","11":"pa_size-o22-cm","12":"pa_uhod-potrivit-pentru-utilizare-in-microunde","13":"pa_uhod-se-poate-spala-in-masina-de-spalat-vase","15":"first","16":"instock","17":"shipping-taxable","18":"purchasable","19":"product-type-simple"},"_links":{"self":[{"href":"https:\/\/moi-dom.md\/ro\/wp-json\/wp\/v2\/product\/10181","targetHints":{"allow":["GET"]}}],"collection":[{"href":"https:\/\/moi-dom.md\/ro\/wp-json\/wp\/v2\/product"}],"about":[{"href":"https:\/\/moi-dom.md\/ro\/wp-json\/wp\/v2\/types\/product"}],"version-history":[{"count":0,"href":"https:\/\/moi-dom.md\/ro\/wp-json\/wp\/v2\/product\/10181\/revisions"}],"wp:featuredmedia":[{"embeddable":true,"href":"https:\/\/moi-dom.md\/ro\/wp-json\/wp\/v2\/media\/10178"}],"wp:attachment":[{"href":"https:\/\/moi-dom.md\/ro\/wp-json\/wp\/v2\/media?parent=10181"}],"wp:term":[{"taxonomy":"product_brand","embeddable":true,"href":"https:\/\/moi-dom.md\/ro\/wp-json\/wp\/v2\/product_brand?post=10181"},{"taxonomy":"product_cat","embeddable":true,"href":"https:\/\/moi-dom.md\/ro\/wp-json\/wp\/v2\/product_cat?post=10181"},{"taxonomy":"product_tag","embeddable":true,"href":"https:\/\/moi-dom.md\/ro\/wp-json\/wp\/v2\/product_tag?post=10181"}],"curies":[{"name":"wp","href":"https:\/\/api.w.org\/{rel}","templated":true}]}}