{"id":10177,"date":"2026-02-16T21:18:32","date_gmt":"2026-02-16T18:18:32","guid":{"rendered":"https:\/\/moi-dom.md\/product\/cana-jumbo-colorblock-4\/"},"modified":"2026-02-16T21:18:32","modified_gmt":"2026-02-16T18:18:32","slug":"cana-jumbo-colorblock-4","status":"publish","type":"product","link":"https:\/\/moi-dom.md\/ro\/produs\/cana-jumbo-colorblock-4\/","title":{"rendered":"Cana Jumbo Colorblock"},"content":{"rendered":"<p class=\"p1\">Cana Jumbo cu un volum de 500 ml este fabricat\u0103 din materialul New Bone China. Este potrivit\u0103 pentru ceai, cafea, cacao \u0219i alte b\u0103uturi calde. Volumul m\u0103rit este convenabil pentru cei care prefer\u0103 por\u021bii mari. Combina\u021bia contrastant\u0103 de nuan\u021be \u00een stil colorblock confer\u0103 canei un aspect modern \u0219i \u00eengrijit. Este potrivit\u0103 pentru utilizare zilnic\u0103.    <\/p>\n","protected":false},"excerpt":{"rendered":"<p class=\"p1\">Cana de 500 ml din New Bone China \u00een stil colorblock.<\/p>\n","protected":false},"featured_media":10161,"template":"","meta":[],"product_brand":[],"product_cat":[239,891],"product_tag":[],"class_list":{"0":"post-10177","1":"product","2":"type-product","3":"status-publish","4":"has-post-thumbnail","6":"product_cat-posyda","7":"product_cat-chaynaya-i-kofeynaya-posuda","8":"pa_brand-andrea-fontebasso","9":"pa_color-yellow","10":"pa_color-violet","11":"pa_material-farfor-new-bone-china","12":"pa_uhod-869","13":"pa_uhod-posudomoechnaya-mashina","14":"pa_volume-500-","16":"first","17":"instock","18":"shipping-taxable","19":"purchasable","20":"product-type-simple"},"_links":{"self":[{"href":"https:\/\/moi-dom.md\/ro\/wp-json\/wp\/v2\/product\/10177","targetHints":{"allow":["GET"]}}],"collection":[{"href":"https:\/\/moi-dom.md\/ro\/wp-json\/wp\/v2\/product"}],"about":[{"href":"https:\/\/moi-dom.md\/ro\/wp-json\/wp\/v2\/types\/product"}],"version-history":[{"count":0,"href":"https:\/\/moi-dom.md\/ro\/wp-json\/wp\/v2\/product\/10177\/revisions"}],"wp:featuredmedia":[{"embeddable":true,"href":"https:\/\/moi-dom.md\/ro\/wp-json\/wp\/v2\/media\/10161"}],"wp:attachment":[{"href":"https:\/\/moi-dom.md\/ro\/wp-json\/wp\/v2\/media?parent=10177"}],"wp:term":[{"taxonomy":"product_brand","embeddable":true,"href":"https:\/\/moi-dom.md\/ro\/wp-json\/wp\/v2\/product_brand?post=10177"},{"taxonomy":"product_cat","embeddable":true,"href":"https:\/\/moi-dom.md\/ro\/wp-json\/wp\/v2\/product_cat?post=10177"},{"taxonomy":"product_tag","embeddable":true,"href":"https:\/\/moi-dom.md\/ro\/wp-json\/wp\/v2\/product_tag?post=10177"}],"curies":[{"name":"wp","href":"https:\/\/api.w.org\/{rel}","templated":true}]}}