{"id":10064,"date":"2026-02-16T11:59:59","date_gmt":"2026-02-16T08:59:59","guid":{"rendered":"https:\/\/moi-dom.md\/product\/cratita-cu-cos-pentru-frituri-22-cm\/"},"modified":"2026-02-16T11:59:59","modified_gmt":"2026-02-16T08:59:59","slug":"cratita-cu-cos-pentru-frituri-22-cm","status":"publish","type":"product","link":"https:\/\/moi-dom.md\/ro\/produs\/cratita-cu-cos-pentru-frituri-22-cm\/","title":{"rendered":"Crati\u021b\u0103 cu co\u0219 pentru frituri 22 cm"},"content":{"rendered":"<p class=\"p1\">Crati\u021ba cu co\u0219 pentru frituri 22 cm \u2014 set multifunc\u021bional pentru pr\u0103jit \u00een ulei, g\u0103tit la abur \u0219i fierbere clasic\u0103. Setul include o crati\u021b\u0103 cu acoperire antiaderent\u0103, un co\u0219 metalic pentru pr\u0103jit \u0219i un capac de sticl\u0103 cu termometru. Potrivit pentru cartofi pr\u0103ji\u021bi, legume, pe\u0219te, precum \u0219i pentru prepararea dietetic\u0103 la abur. O solu\u021bie universal\u0103 pentru buc\u0103t\u0103rie, c\u00e2nd ave\u021bi nevoie de un singur set \u00een loc de mai multe obiecte separate.   <\/p>\n","protected":false},"excerpt":{"rendered":"<p class=\"p1\">Crati\u021b\u0103 de 22 cm cu co\u0219 pentru frituri \u0219i capac cu termometru. Potrivit\u0103 pentru pr\u0103jit, fiert \u0219i g\u0103tit la abur. <\/p>\n","protected":false},"featured_media":10061,"template":"","meta":[],"product_brand":[],"product_cat":[856,786],"product_tag":[],"class_list":{"0":"post-10064","1":"product","2":"type-product","3":"status-publish","4":"has-post-thumbnail","6":"product_cat-cratite","7":"product_cat-vesela-pentru-gatit","8":"pa_brand-tognana","9":"pa_color-black","10":"pa_material-aluminiu","11":"pa_size-o22-cm","12":"pa_tip-plity-aragaz","13":"pa_tip-plity-plita-cu-inductie","14":"pa_tip-plity-plita-electrica","15":"pa_uhod-se-poate-spala-in-masina-de-spalat-vase","17":"first","18":"instock","19":"shipping-taxable","20":"purchasable","21":"product-type-simple"},"_links":{"self":[{"href":"https:\/\/moi-dom.md\/ro\/wp-json\/wp\/v2\/product\/10064","targetHints":{"allow":["GET"]}}],"collection":[{"href":"https:\/\/moi-dom.md\/ro\/wp-json\/wp\/v2\/product"}],"about":[{"href":"https:\/\/moi-dom.md\/ro\/wp-json\/wp\/v2\/types\/product"}],"version-history":[{"count":0,"href":"https:\/\/moi-dom.md\/ro\/wp-json\/wp\/v2\/product\/10064\/revisions"}],"wp:featuredmedia":[{"embeddable":true,"href":"https:\/\/moi-dom.md\/ro\/wp-json\/wp\/v2\/media\/10061"}],"wp:attachment":[{"href":"https:\/\/moi-dom.md\/ro\/wp-json\/wp\/v2\/media?parent=10064"}],"wp:term":[{"taxonomy":"product_brand","embeddable":true,"href":"https:\/\/moi-dom.md\/ro\/wp-json\/wp\/v2\/product_brand?post=10064"},{"taxonomy":"product_cat","embeddable":true,"href":"https:\/\/moi-dom.md\/ro\/wp-json\/wp\/v2\/product_cat?post=10064"},{"taxonomy":"product_tag","embeddable":true,"href":"https:\/\/moi-dom.md\/ro\/wp-json\/wp\/v2\/product_tag?post=10064"}],"curies":[{"name":"wp","href":"https:\/\/api.w.org\/{rel}","templated":true}]}}