{"id":10053,"date":"2026-02-15T21:40:58","date_gmt":"2026-02-15T18:40:58","guid":{"rendered":"https:\/\/moi-dom.md\/product\/rama-pentru-fotografii-angel\/"},"modified":"2026-02-15T21:40:58","modified_gmt":"2026-02-15T18:40:58","slug":"rama-pentru-fotografii-angel","status":"publish","type":"product","link":"https:\/\/moi-dom.md\/ro\/produs\/rama-pentru-fotografii-angel\/","title":{"rendered":"Rama pentru fotografii Angel"},"content":{"rendered":"<p class=\"p1\">Rama foto \u201e\u00cenger\u201d \u2013 pentru fotografii confortabile, \u201evii\u201d \u0219i mici tradi\u021bii familiale. Forma oval\u0103 elegant\u0103 \u0219i figurina \u00eengerului din partea de sus fac ca rama s\u0103 fie un accent vizibil pe comoda, raft sau consol\u0103. Exist\u0103 dou\u0103 dimensiuni \u2013 alege\u021bi-o pe cea potrivit\u0103 pentru fotografia dvs.  <\/p>\n","protected":false},"excerpt":{"rendered":"<p class=\"p1\">Rama foto decorativ\u0103 cu \u00eenger \u2013 un accent delicat pentru cas\u0103 \u0219i un cadou cald. Disponibil\u0103 \u00een dou\u0103 dimensiuni. <\/p>\n","protected":false},"featured_media":10035,"template":"","meta":[],"product_brand":[],"product_cat":[247,246],"product_tag":[],"class_list":{"0":"post-10053","1":"product","2":"type-product","3":"status-publish","4":"has-post-thumbnail","6":"product_cat-decor-pentru-casa","7":"product_cat-elemente-decorative","8":"pa_brand-edg-enzo-de-gasperi","9":"pa_color-gold","10":"pa_color-milky","11":"pa_size-10x15-cm","12":"pa_size-6x9-cm","14":"first","15":"instock","16":"shipping-taxable","17":"purchasable","18":"product-type-variable"},"_links":{"self":[{"href":"https:\/\/moi-dom.md\/ro\/wp-json\/wp\/v2\/product\/10053","targetHints":{"allow":["GET"]}}],"collection":[{"href":"https:\/\/moi-dom.md\/ro\/wp-json\/wp\/v2\/product"}],"about":[{"href":"https:\/\/moi-dom.md\/ro\/wp-json\/wp\/v2\/types\/product"}],"version-history":[{"count":0,"href":"https:\/\/moi-dom.md\/ro\/wp-json\/wp\/v2\/product\/10053\/revisions"}],"wp:featuredmedia":[{"embeddable":true,"href":"https:\/\/moi-dom.md\/ro\/wp-json\/wp\/v2\/media\/10035"}],"wp:attachment":[{"href":"https:\/\/moi-dom.md\/ro\/wp-json\/wp\/v2\/media?parent=10053"}],"wp:term":[{"taxonomy":"product_brand","embeddable":true,"href":"https:\/\/moi-dom.md\/ro\/wp-json\/wp\/v2\/product_brand?post=10053"},{"taxonomy":"product_cat","embeddable":true,"href":"https:\/\/moi-dom.md\/ro\/wp-json\/wp\/v2\/product_cat?post=10053"},{"taxonomy":"product_tag","embeddable":true,"href":"https:\/\/moi-dom.md\/ro\/wp-json\/wp\/v2\/product_tag?post=10053"}],"curies":[{"name":"wp","href":"https:\/\/api.w.org\/{rel}","templated":true}]}}