{"id":10050,"date":"2026-02-15T21:55:53","date_gmt":"2026-02-15T18:55:53","guid":{"rendered":"https:\/\/moi-dom.md\/product\/rama-pentru-fotografie-barocco\/"},"modified":"2026-02-15T21:55:53","modified_gmt":"2026-02-15T18:55:53","slug":"rama-pentru-fotografie-barocco","status":"publish","type":"product","link":"https:\/\/moi-dom.md\/ro\/produs\/rama-pentru-fotografie-barocco\/","title":{"rendered":"Rama pentru fotografie Barocco"},"content":{"rendered":"<p class=\"p1\">Rama foto Barocco \u2014 un accent expresiv \u00een interiorul cu caracter. Ornamentul auriu, combinat cu o nuan\u021b\u0103 delicat\u0103 de ment\u0103, creeaz\u0103 un efect clasic italian cu o u\u0219oar\u0103 not\u0103 vintage. Potrivit\u0103 pentru un portret, o fotografie de familie sau ca element decorativ independent. Disponibil\u0103 \u00een dou\u0103 dimensiuni.   <\/p>\n","protected":false},"excerpt":{"rendered":"<p class=\"p1\">Rama foto decorativ\u0103 \u00een stil baroc, cu ornamente aurii \u0219i accente delicate de ment\u0103. Disponibil\u0103 \u00een dou\u0103 dimensiuni. <\/p>\n","protected":false},"featured_media":10045,"template":"","meta":[],"product_brand":[],"product_cat":[247,246],"product_tag":[],"class_list":{"0":"post-10050","1":"product","2":"type-product","3":"status-publish","4":"has-post-thumbnail","6":"product_cat-decor-pentru-casa","7":"product_cat-elemente-decorative","8":"pa_brand-edg-enzo-de-gasperi","9":"pa_color-multicolor","10":"pa_size-10x15-cm","11":"pa_size-13x18-cm","13":"first","14":"instock","15":"shipping-taxable","16":"purchasable","17":"product-type-variable"},"_links":{"self":[{"href":"https:\/\/moi-dom.md\/ro\/wp-json\/wp\/v2\/product\/10050","targetHints":{"allow":["GET"]}}],"collection":[{"href":"https:\/\/moi-dom.md\/ro\/wp-json\/wp\/v2\/product"}],"about":[{"href":"https:\/\/moi-dom.md\/ro\/wp-json\/wp\/v2\/types\/product"}],"version-history":[{"count":0,"href":"https:\/\/moi-dom.md\/ro\/wp-json\/wp\/v2\/product\/10050\/revisions"}],"wp:featuredmedia":[{"embeddable":true,"href":"https:\/\/moi-dom.md\/ro\/wp-json\/wp\/v2\/media\/10045"}],"wp:attachment":[{"href":"https:\/\/moi-dom.md\/ro\/wp-json\/wp\/v2\/media?parent=10050"}],"wp:term":[{"taxonomy":"product_brand","embeddable":true,"href":"https:\/\/moi-dom.md\/ro\/wp-json\/wp\/v2\/product_brand?post=10050"},{"taxonomy":"product_cat","embeddable":true,"href":"https:\/\/moi-dom.md\/ro\/wp-json\/wp\/v2\/product_cat?post=10050"},{"taxonomy":"product_tag","embeddable":true,"href":"https:\/\/moi-dom.md\/ro\/wp-json\/wp\/v2\/product_tag?post=10050"}],"curies":[{"name":"wp","href":"https:\/\/api.w.org\/{rel}","templated":true}]}}