{"id":10030,"date":"2026-02-15T21:25:08","date_gmt":"2026-02-15T18:25:08","guid":{"rendered":"https:\/\/moi-dom.md\/product\/rama-pentru-fotografii-goccia\/"},"modified":"2026-02-15T21:25:08","modified_gmt":"2026-02-15T18:25:08","slug":"rama-pentru-fotografii-goccia","status":"publish","type":"product","link":"https:\/\/moi-dom.md\/ro\/produs\/rama-pentru-fotografii-goccia\/","title":{"rendered":"Rama pentru fotografii Goccia"},"content":{"rendered":"<p class=\"p1\">Rama foto argintie Goccia pentru fotografii \u00een format 13\u00d718 cm. Decorul \u00een form\u0103 de pic\u0103turi pe perimetru capteaz\u0103 lumina \u0219i adaug\u0103 un accent, iar rama r\u0103m\u00e2ne universal\u0103 pentru orice interior. Arat\u0103 excelent pe comoda, raft sau \u00eentr-un set cadou. <\/p>\n","protected":false},"excerpt":{"rendered":"<p class=\"p1\">Rama foto Goccia \u00een culoarea argintiu pentru fotografii de 13\u00d718 cm. Relieful \u00een form\u0103 de pic\u0103tur\u0103 de-a lungul marginii confer\u0103 un luciu frumos \u0219i face rama s\u0103 par\u0103 mai \u201escump\u0103\u201d.<\/p>\n","protected":false},"featured_media":10027,"template":"","meta":[],"product_brand":[],"product_cat":[247,246],"product_tag":[],"class_list":{"0":"post-10030","1":"product","2":"type-product","3":"status-publish","4":"has-post-thumbnail","6":"product_cat-decor-pentru-casa","7":"product_cat-elemente-decorative","8":"pa_brand-edg-enzo-de-gasperi","9":"pa_color-silver","10":"pa_size-13x18-cm","12":"first","13":"instock","14":"shipping-taxable","15":"purchasable","16":"product-type-simple"},"_links":{"self":[{"href":"https:\/\/moi-dom.md\/ro\/wp-json\/wp\/v2\/product\/10030","targetHints":{"allow":["GET"]}}],"collection":[{"href":"https:\/\/moi-dom.md\/ro\/wp-json\/wp\/v2\/product"}],"about":[{"href":"https:\/\/moi-dom.md\/ro\/wp-json\/wp\/v2\/types\/product"}],"version-history":[{"count":0,"href":"https:\/\/moi-dom.md\/ro\/wp-json\/wp\/v2\/product\/10030\/revisions"}],"wp:featuredmedia":[{"embeddable":true,"href":"https:\/\/moi-dom.md\/ro\/wp-json\/wp\/v2\/media\/10027"}],"wp:attachment":[{"href":"https:\/\/moi-dom.md\/ro\/wp-json\/wp\/v2\/media?parent=10030"}],"wp:term":[{"taxonomy":"product_brand","embeddable":true,"href":"https:\/\/moi-dom.md\/ro\/wp-json\/wp\/v2\/product_brand?post=10030"},{"taxonomy":"product_cat","embeddable":true,"href":"https:\/\/moi-dom.md\/ro\/wp-json\/wp\/v2\/product_cat?post=10030"},{"taxonomy":"product_tag","embeddable":true,"href":"https:\/\/moi-dom.md\/ro\/wp-json\/wp\/v2\/product_tag?post=10030"}],"curies":[{"name":"wp","href":"https:\/\/api.w.org\/{rel}","templated":true}]}}