{"id":10024,"date":"2026-02-15T21:16:58","date_gmt":"2026-02-15T18:16:58","guid":{"rendered":"https:\/\/moi-dom.md\/product\/rama-pentru-fotografii-oglinda\/"},"modified":"2026-02-15T21:16:58","modified_gmt":"2026-02-15T18:16:58","slug":"rama-pentru-fotografii-oglinda","status":"publish","type":"product","link":"https:\/\/moi-dom.md\/ro\/produs\/rama-pentru-fotografii-oglinda\/","title":{"rendered":"Rama pentru fotografii oglind\u0103"},"content":{"rendered":"<p class=\"p1\">Rama elegant\u0103 cu oglind\u0103 \u00een culoarea argintiu este potrivit\u0103 pentru fotografii \u00een format 13\u00d718 cm. Datorit\u0103 suprafe\u021bei reflectorizante, aceasta u\u0219ureaz\u0103 vizual spa\u021biul \u0219i subliniaz\u0103 frumos at\u00e2t fotografiile alb-negru, c\u00e2t \u0219i cele color. Potrivit\u0103 pentru dormitor, sufragerie sau ca cadou elegant. <\/p>\n","protected":false},"excerpt":{"rendered":"<p class=\"p1\">Rama foto oglind\u0103 \u00een nuan\u021b\u0103 argintie pentru fotografii de 13\u00d718 cm. Decor laconic cu geometrie u\u0219oar\u0103, care adaug\u0103 luminozitate \u0219i elegan\u021b\u0103 interiorului.<\/p>\n","protected":false},"featured_media":10021,"template":"","meta":[],"product_brand":[],"product_cat":[237,241],"product_tag":[],"class_list":{"0":"post-10024","1":"product","2":"type-product","3":"status-publish","4":"has-post-thumbnail","6":"product_cat-dekor-dlya-doma","7":"product_cat-elementy-dekora","8":"pa_brand-edg-enzo-de-gasperi","9":"pa_color-silver","10":"pa_size-13x18-","12":"first","13":"instock","14":"shipping-taxable","15":"purchasable","16":"product-type-simple"},"_links":{"self":[{"href":"https:\/\/moi-dom.md\/ro\/wp-json\/wp\/v2\/product\/10024","targetHints":{"allow":["GET"]}}],"collection":[{"href":"https:\/\/moi-dom.md\/ro\/wp-json\/wp\/v2\/product"}],"about":[{"href":"https:\/\/moi-dom.md\/ro\/wp-json\/wp\/v2\/types\/product"}],"version-history":[{"count":0,"href":"https:\/\/moi-dom.md\/ro\/wp-json\/wp\/v2\/product\/10024\/revisions"}],"wp:featuredmedia":[{"embeddable":true,"href":"https:\/\/moi-dom.md\/ro\/wp-json\/wp\/v2\/media\/10021"}],"wp:attachment":[{"href":"https:\/\/moi-dom.md\/ro\/wp-json\/wp\/v2\/media?parent=10024"}],"wp:term":[{"taxonomy":"product_brand","embeddable":true,"href":"https:\/\/moi-dom.md\/ro\/wp-json\/wp\/v2\/product_brand?post=10024"},{"taxonomy":"product_cat","embeddable":true,"href":"https:\/\/moi-dom.md\/ro\/wp-json\/wp\/v2\/product_cat?post=10024"},{"taxonomy":"product_tag","embeddable":true,"href":"https:\/\/moi-dom.md\/ro\/wp-json\/wp\/v2\/product_tag?post=10024"}],"curies":[{"name":"wp","href":"https:\/\/api.w.org\/{rel}","templated":true}]}}