{"id":650,"date":"2025-10-25T09:37:03","date_gmt":"2025-10-25T09:37:03","guid":{"rendered":"https:\/\/lavender-chamois-573308.hostingersite.com\/protectia-consumatorilor\/"},"modified":"2025-11-03T14:18:24","modified_gmt":"2025-11-03T14:18:24","slug":"protectia-consumatorilor","status":"publish","type":"page","link":"https:\/\/moi-dom.md\/ro\/protectia-consumatorilor\/","title":{"rendered":"Protec\u021bia consumatorilor"},"content":{"rendered":"\t\t<div data-elementor-type=\"wp-page\" data-elementor-id=\"650\" class=\"elementor elementor-650 elementor-365\" wpc-filter-elementor-widget=\"1\" data-elementor-post-type=\"page\">\n\t\t\t\t<div class=\"elementor-element elementor-element-f42648d e-flex e-con-boxed e-con e-parent\" data-id=\"f42648d\" data-element_type=\"container\" data-e-type=\"container\" data-settings=\"{&quot;background_background&quot;:&quot;classic&quot;}\">\n\t\t\t\t\t<div class=\"e-con-inner\">\n\t\t<div class=\"elementor-element elementor-element-9d556b5 e-con-full e-flex e-con e-child\" data-id=\"9d556b5\" data-element_type=\"container\" data-e-type=\"container\">\n\t\t\t\t<div class=\"elementor-element elementor-element-bd1fb78 elementor-widget elementor-widget-heading\" data-id=\"bd1fb78\" data-element_type=\"widget\" data-e-type=\"widget\" data-widget_type=\"heading.default\">\n\t\t\t\t\t<h2 class=\"elementor-heading-title elementor-size-default\">Informa\u021bii pentru consumatori<\/h2>\t\t\t\t<\/div>\n\t\t\t\t<div class=\"elementor-element elementor-element-9155d24 elementor-widget elementor-widget-text-editor\" data-id=\"9155d24\" data-element_type=\"widget\" data-e-type=\"widget\" data-widget_type=\"text-editor.default\">\n\t\t\t\t\t\t\t\t\t<p>Ne preocup\u0103 transparen\u021ba \u0219i legalitatea tuturor proceselor.<br>Dac\u0103 ave\u021bi \u00eentreb\u0103ri sau reclama\u021bii, pute\u021bi contacta \u00eentotdeauna autoritatea de stat autorizat\u0103 responsabil\u0103 de protec\u021bia consumatorilor \u00een Republica Moldova.<\/p><p><strong>Agen\u021bia pentru Protec\u021bia Drepturilor Consumatorilor \u0219i Supravegherea Pie\u021bei<\/strong><br>\ud83d\udccd Adresa: str. Vasile Alexandri 78, Chi\u0219in\u0103u<br>\u260e\ufe0f Telefon: +373 (22) 51-51-51 \/ 0-800-28-028<br>\ud83d\udce7 E-mail: consumator@apc.gov.md<br>\ud83c\udf10 Website: consumator.gov.md<\/p><p>Examinarea recursurilor se efectueaz\u0103 \u00een prezen\u021ba unui bon de cas\u0103 sau a altui document care confirm\u0103 achizi\u021bionarea de bunuri sau servicii.<\/p>\t\t\t\t\t\t\t\t<\/div>\n\t\t\t\t<div class=\"elementor-element elementor-element-82751d6 elementor-widget elementor-widget-heading\" data-id=\"82751d6\" data-element_type=\"widget\" data-e-type=\"widget\" data-widget_type=\"heading.default\">\n\t\t\t\t\t<h2 class=\"elementor-heading-title elementor-size-default\">Suntem deschi\u0219i dialogului \u0219i \u00eentotdeauna gata s\u0103 v\u0103 ajut\u0103m cu orice \u00eentrebare, astfel \u00eenc\u00e2t cump\u0103r\u0103turile la Moi Dom s\u0103 v\u0103 lase doar impresii pl\u0103cute.<\/h2>\t\t\t\t<\/div>\n\t\t\t\t<\/div>\n\t\t\t\t\t<\/div>\n\t\t\t\t<\/div>\n\t\t\t\t<\/div>\n\t\t","protected":false},"excerpt":{"rendered":"<p>Informa\u021bii pentru consumatori Ne preocup\u0103 transparen\u021ba \u0219i legalitatea tuturor proceselor.Dac\u0103 ave\u021bi \u00eentreb\u0103ri sau reclama\u021bii, pute\u021bi contacta \u00eentotdeauna autoritatea de stat autorizat\u0103 responsabil\u0103 de protec\u021bia consumatorilor \u00een Republica Moldova. Agen\u021bia pentru Protec\u021bia Drepturilor Consumatorilor \u0219i Supravegherea Pie\u021bei\ud83d\udccd Adresa: str. Vasile Alexandri 78, Chi\u0219in\u0103u\u260e\ufe0f Telefon: +373 (22) 51-51-51 \/ 0-800-28-028\ud83d\udce7 E-mail: consumator@apc.gov.md\ud83c\udf10 Website: consumator.gov.md Examinarea recursurilor se [&hellip;]<\/p>\n","protected":false},"author":1,"featured_media":0,"parent":0,"menu_order":0,"comment_status":"closed","ping_status":"closed","template":"elementor_header_footer","meta":{"footnotes":""},"class_list":["post-650","page","type-page","status-publish","hentry"],"_links":{"self":[{"href":"https:\/\/moi-dom.md\/ro\/wp-json\/wp\/v2\/pages\/650","targetHints":{"allow":["GET"]}}],"collection":[{"href":"https:\/\/moi-dom.md\/ro\/wp-json\/wp\/v2\/pages"}],"about":[{"href":"https:\/\/moi-dom.md\/ro\/wp-json\/wp\/v2\/types\/page"}],"author":[{"embeddable":true,"href":"https:\/\/moi-dom.md\/ro\/wp-json\/wp\/v2\/users\/1"}],"replies":[{"embeddable":true,"href":"https:\/\/moi-dom.md\/ro\/wp-json\/wp\/v2\/comments?post=650"}],"version-history":[{"count":3,"href":"https:\/\/moi-dom.md\/ro\/wp-json\/wp\/v2\/pages\/650\/revisions"}],"predecessor-version":[{"id":2024,"href":"https:\/\/moi-dom.md\/ro\/wp-json\/wp\/v2\/pages\/650\/revisions\/2024"}],"wp:attachment":[{"href":"https:\/\/moi-dom.md\/ro\/wp-json\/wp\/v2\/media?parent=650"}],"curies":[{"name":"wp","href":"https:\/\/api.w.org\/{rel}","templated":true}]}}