{"id":6342,"date":"2025-11-26T08:17:58","date_gmt":"2025-11-26T08:17:58","guid":{"rendered":"https:\/\/moi-dom.md\/politica-privind-cookie-urile\/"},"modified":"2025-12-08T09:07:12","modified_gmt":"2025-12-08T09:07:12","slug":"politica-privind-cookie-urile","status":"publish","type":"page","link":"https:\/\/moi-dom.md\/ro\/politica-privind-cookie-urile\/","title":{"rendered":"Politica privind cookie-urile"},"content":{"rendered":"\t\t<div data-elementor-type=\"wp-page\" data-elementor-id=\"6342\" class=\"elementor elementor-6342 elementor-6337\" wpc-filter-elementor-widget=\"1\" data-elementor-post-type=\"page\">\n\t\t\t\t<div class=\"elementor-element elementor-element-8c0e3dc e-flex e-con-boxed e-con e-parent\" data-id=\"8c0e3dc\" data-element_type=\"container\" data-e-type=\"container\" data-settings=\"{&quot;background_background&quot;:&quot;classic&quot;}\">\n\t\t\t\t\t<div class=\"e-con-inner\">\n\t\t\t\t<div class=\"elementor-element elementor-element-b75df65 elementor-widget elementor-widget-heading\" data-id=\"b75df65\" data-element_type=\"widget\" data-e-type=\"widget\" data-widget_type=\"heading.default\">\n\t\t\t\t\t<h2 class=\"elementor-heading-title elementor-size-default\">Politica privind cookie-urile<\/h2>\t\t\t\t<\/div>\n\t\t\t\t<div class=\"elementor-element elementor-element-9607fee elementor-widget elementor-widget-text-editor\" data-id=\"9607fee\" data-element_type=\"widget\" data-e-type=\"widget\" data-widget_type=\"text-editor.default\">\n\t\t\t\t\t\t\t\t\t<p class=\"p1\">Aceast\u0103 politic\u0103 privind cookie-urile explic\u0103 modul \u00een care magazinul online <span class=\"s1\"><b>MOI DOM<\/b><\/span> (operator &#8211; <span class=\"s1\"><b>S.R.L. &#8222;MARIDI&#8221;<\/b><\/span>) utilizeaz\u0103 module cookie \u0219i tehnologii similare pe site-ul web <span class=\"s1\"><b>https:\/\/moi-dom.md<\/b><\/span>.<\/p><p class=\"p1\">Ne str\u0103duim s\u0103 asigur\u0103m confortul \u0219i func\u021bionarea corect\u0103 a site-ului, precum \u0219i s\u0103 \u00eembun\u0103t\u0103\u021bim experien\u021ba utilizatorilor. Utiliz\u00e2nd site-ul nostru, sunte\u021bi de acord cu utilizarea cookie-urilor \u00een conformitate cu prezenta Politic\u0103. <\/p>\t\t\t\t\t\t\t\t<\/div>\n\t\t\t\t\t<\/div>\n\t\t\t\t<\/div>\n\t\t<div class=\"elementor-element elementor-element-228b374 e-flex e-con-boxed e-con e-parent\" data-id=\"228b374\" data-element_type=\"container\" data-e-type=\"container\" data-settings=\"{&quot;background_background&quot;:&quot;classic&quot;}\">\n\t\t\t\t\t<div class=\"e-con-inner\">\n\t\t\t\t<div class=\"elementor-element elementor-element-9ffd2bc elementor-widget elementor-widget-heading\" data-id=\"9ffd2bc\" data-element_type=\"widget\" data-e-type=\"widget\" data-widget_type=\"heading.default\">\n\t\t\t\t\t<h3 class=\"elementor-heading-title elementor-size-default\">1. Ce este un cookie?<\/h3>\t\t\t\t<\/div>\n\t\t\t\t<div class=\"elementor-element elementor-element-15baca5 elementor-widget elementor-widget-text-editor\" data-id=\"15baca5\" data-element_type=\"widget\" data-e-type=\"widget\" data-widget_type=\"text-editor.default\">\n\t\t\t\t\t\t\t\t\t<p style=\"font-weight: 400;\">Cookie-urile sunt mici fi\u0219iere text care sunt stocate pe dispozitivul dvs. (computer, telefon, tablet\u0103) atunci c\u00e2nd vizita\u021bi un site web.<\/p><p style=\"font-weight: 400;\">Acestea permit:<\/p><p style=\"font-weight: 400;\">&#8211; afi\u0219area \u0219i \u00eenc\u0103rcarea corect\u0103 a paginilor;<\/p><p style=\"font-weight: 400;\">&#8211; memorarea set\u0103rilor utilizatorului;<\/p><p style=\"font-weight: 400;\">&#8211; analizarea func\u021bion\u0103rii site-ului \u0219i \u00eembun\u0103t\u0103\u021birea func\u021bionalit\u0103\u021bii;<\/p><p style=\"font-weight: 400;\">&#8211; asigur\u0103 securitatea \u0219i protec\u021bia \u00eempotriva activit\u0103\u021bilor frauduloase.<\/p>\t\t\t\t\t\t\t\t<\/div>\n\t\t\t\t\t<\/div>\n\t\t\t\t<\/div>\n\t\t<div class=\"elementor-element elementor-element-d5c168d e-flex e-con-boxed e-con e-parent\" data-id=\"d5c168d\" data-element_type=\"container\" data-e-type=\"container\" data-settings=\"{&quot;background_background&quot;:&quot;classic&quot;}\">\n\t\t\t\t\t<div class=\"e-con-inner\">\n\t\t\t\t<div class=\"elementor-element elementor-element-9a1b299 elementor-widget elementor-widget-heading\" data-id=\"9a1b299\" data-element_type=\"widget\" data-e-type=\"widget\" data-widget_type=\"heading.default\">\n\t\t\t\t\t<h3 class=\"elementor-heading-title elementor-size-default\">2. Ce module cookie folosim<\/h3>\t\t\t\t<\/div>\n\t\t\t\t<div class=\"elementor-element elementor-element-a0106a7 elementor-widget elementor-widget-text-editor\" data-id=\"a0106a7\" data-element_type=\"widget\" data-e-type=\"widget\" data-widget_type=\"text-editor.default\">\n\t\t\t\t\t\t\t\t\t<p style=\"font-weight: 400;\">Putem utiliza urm\u0103toarele categorii de cookie-uri:<\/p><p style=\"font-weight: 400;\"><strong>Necesare (Essential)<\/strong><\/p><p style=\"font-weight: 400;\">Cookie-urile necesare sunt necesare pentru a asigura func\u021biile de baz\u0103 ale acestui site, cum ar fi asigurarea unei autentific\u0103ri sigure sau personalizarea preferin\u021belor dvs. de consim\u021b\u0103m\u00e2nt. Aceste cookie-uri nu stocheaz\u0103 date care permit identificarea utilizatorului. <\/p><p style=\"font-weight: 400;\"><strong>Func\u021bionale<\/strong><\/p><p style=\"font-weight: 400;\">Cookie-urile func\u021bionale ajut\u0103 la \u00eendeplinirea anumitor func\u021bii, cum ar fi publicarea con\u021binutului site-ului web pe re\u021belele sociale, colectarea de recenzii \u0219i alte func\u021bii ter\u021be.<\/p><p style=\"font-weight: 400;\"><strong>Analitice (statistici)<\/strong><\/p><p style=\"font-weight: 400;\">Cookie-urile analitice sunt utilizate pentru a \u00een\u021belege modul \u00een care vizitatorii interac\u021bioneaz\u0103 cu site-ul web. Aceste cookie-uri ajut\u0103 la furnizarea de informa\u021bii despre indicatori precum num\u0103rul de vizitatori, rata de respingere, sursa traficului etc. (sunt utilizate, \u00een special, Google Analytics \u0219i Meta Pixel). <\/p><p><strong>Publicitate (advertisment\/marketing)<\/strong><\/p><p style=\"font-weight: 400;\">Cookie-urile publicitare sunt utilizate pentru a oferi vizitatorilor reclame personalizate pe baza paginilor vizitate anterior \u0219i pentru a analiza eficien\u021ba campaniilor publicitare.<\/p>\t\t\t\t\t\t\t\t<\/div>\n\t\t\t\t\t<\/div>\n\t\t\t\t<\/div>\n\t\t<div class=\"elementor-element elementor-element-f71ad92 e-flex e-con-boxed e-con e-parent\" data-id=\"f71ad92\" data-element_type=\"container\" data-e-type=\"container\" data-settings=\"{&quot;background_background&quot;:&quot;classic&quot;}\">\n\t\t\t\t\t<div class=\"e-con-inner\">\n\t\t\t\t<div class=\"elementor-element elementor-element-96539f3 elementor-widget elementor-widget-heading\" data-id=\"96539f3\" data-element_type=\"widget\" data-e-type=\"widget\" data-widget_type=\"heading.default\">\n\t\t\t\t\t<h3 class=\"elementor-heading-title elementor-size-default\">3. Module cookie ter\u021b\u0103 parte<\/h3>\t\t\t\t<\/div>\n\t\t\t\t<div class=\"elementor-element elementor-element-1093681 elementor-widget elementor-widget-text-editor\" data-id=\"1093681\" data-element_type=\"widget\" data-e-type=\"widget\" data-widget_type=\"text-editor.default\">\n\t\t\t\t\t\t\t\t\t<p style=\"font-weight: 400;\">Putem utiliza cookie-uri ale serviciilor ter\u021be, cum ar fi:<\/p><p style=\"font-weight: 400;\">&#8211; Google Analytics<\/p><p style=\"font-weight: 400;\">&#8211; Meta\/Facebook Pixel (dac\u0103 va fi conectat)<\/p><p style=\"font-weight: 400;\">&#8211; Servicii de plat\u0103 (de exemplu, Paynet).<\/p><p style=\"font-weight: 400;\">Aceste servicii pot stoca propriile cookie-uri \u00een conformitate cu politicile lor de confiden\u021biali<\/p>\t\t\t\t\t\t\t\t<\/div>\n\t\t\t\t\t<\/div>\n\t\t\t\t<\/div>\n\t\t<div class=\"elementor-element elementor-element-b9e994d e-flex e-con-boxed e-con e-parent\" data-id=\"b9e994d\" data-element_type=\"container\" data-e-type=\"container\" data-settings=\"{&quot;background_background&quot;:&quot;classic&quot;}\">\n\t\t\t\t\t<div class=\"e-con-inner\">\n\t\t\t\t<div class=\"elementor-element elementor-element-f38251e elementor-widget elementor-widget-heading\" data-id=\"f38251e\" data-element_type=\"widget\" data-e-type=\"widget\" data-widget_type=\"heading.default\">\n\t\t\t\t\t<h3 class=\"elementor-heading-title elementor-size-default\">4. Cum s\u0103 gestiona\u021bi cookie-urile<\/h3>\t\t\t\t<\/div>\n\t\t\t\t<div class=\"elementor-element elementor-element-f0a48cc elementor-widget elementor-widget-text-editor\" data-id=\"f0a48cc\" data-element_type=\"widget\" data-e-type=\"widget\" data-widget_type=\"text-editor.default\">\n\t\t\t\t\t\t\t\t\t<p style=\"font-weight: 400;\">Pute\u021bi \u00een orice moment:<\/p><p style=\"font-weight: 400;\">&#8211; \u0219terge cookie-urile din set\u0103rile browserului;<\/p><p style=\"font-weight: 400;\">&#8211; bloca salvarea acestora;<\/p><p style=\"font-weight: 400;\">&#8211; limita utilizarea anumitor categorii.<\/p><p style=\"font-weight: 400;\">Browsere populare:<\/p><p style=\"font-weight: 400;\">Chrome, Safari, Firefox, Edge \u2013 permit gestionarea complet\u0103 a cookie-urilor.<\/p><p><span style=\"font-weight: 400;\">Important: dezactivarea cookie-urilor necesare poate duce la func\u021bionarea incorect\u0103 a site-ului \u0219i la imposibilitatea de a plasa o comand\u0103.<\/span><\/p>\t\t\t\t\t\t\t\t<\/div>\n\t\t\t\t\t<\/div>\n\t\t\t\t<\/div>\n\t\t<div class=\"elementor-element elementor-element-60fac01 e-flex e-con-boxed e-con e-parent\" data-id=\"60fac01\" data-element_type=\"container\" data-e-type=\"container\" data-settings=\"{&quot;background_background&quot;:&quot;classic&quot;}\">\n\t\t\t\t\t<div class=\"e-con-inner\">\n\t\t\t\t<div class=\"elementor-element elementor-element-22457ac elementor-widget elementor-widget-heading\" data-id=\"22457ac\" data-element_type=\"widget\" data-e-type=\"widget\" data-widget_type=\"heading.default\">\n\t\t\t\t\t<h3 class=\"elementor-heading-title elementor-size-default\">5. Modific\u0103ri ale politicii privind modulele cookie<\/h3>\t\t\t\t<\/div>\n\t\t\t\t<div class=\"elementor-element elementor-element-8d55431 elementor-widget elementor-widget-text-editor\" data-id=\"8d55431\" data-element_type=\"widget\" data-e-type=\"widget\" data-widget_type=\"text-editor.default\">\n\t\t\t\t\t\t\t\t\t<p style=\"font-weight: 400;\">Putem actualiza Politica privind cookie-urile pentru a \u021bine cont de modific\u0103rile legisla\u021biei sau ale func\u021bionalit\u0103\u021bii site-ului.<\/p><p style=\"font-weight: 400;\">Versiunea actualizat\u0103 este \u00eentotdeauna disponibil\u0103 pe aceast\u0103 pagin\u0103.<\/p>\t\t\t\t\t\t\t\t<\/div>\n\t\t\t\t\t<\/div>\n\t\t\t\t<\/div>\n\t\t<div class=\"elementor-element elementor-element-2b360fd e-flex e-con-boxed e-con e-parent\" data-id=\"2b360fd\" data-element_type=\"container\" data-e-type=\"container\" data-settings=\"{&quot;background_background&quot;:&quot;classic&quot;}\">\n\t\t\t\t\t<div class=\"e-con-inner\">\n\t\t\t\t<div class=\"elementor-element elementor-element-fd51bb5 elementor-widget elementor-widget-heading\" data-id=\"fd51bb5\" data-element_type=\"widget\" data-e-type=\"widget\" data-widget_type=\"heading.default\">\n\t\t\t\t\t<h3 class=\"elementor-heading-title elementor-size-default\">6. Contacte<\/h3>\t\t\t\t<\/div>\n\t\t\t\t<div class=\"elementor-element elementor-element-e6cd8b3 elementor-widget elementor-widget-text-editor\" data-id=\"e6cd8b3\" data-element_type=\"widget\" data-e-type=\"widget\" data-widget_type=\"text-editor.default\">\n\t\t\t\t\t\t\t\t\t<p style=\"font-weight: 400;\">Pentru \u00eentreb\u0103ri legate de utilizarea cookie-urilor, ne pute\u021bi contacta:<\/p><p style=\"font-weight: 400;\"><strong>S.R.L. &#8222;MARIDI&#8221;<\/strong><\/p><p style=\"font-weight: 400;\">E-mail: <strong>info@moi-dom.md<\/strong><\/p><p style=\"font-weight: 400;\">Telefon: <strong>+373 60 881 171<\/strong><\/p>\t\t\t\t\t\t\t\t<\/div>\n\t\t\t\t\t<\/div>\n\t\t\t\t<\/div>\n\t\t\t\t<\/div>\n\t\t","protected":false},"excerpt":{"rendered":"<p>Politica privind cookie-urile Aceast\u0103 politic\u0103 privind cookie-urile explic\u0103 modul \u00een care magazinul online MOI DOM (operator &#8211; S.R.L. &#8222;MARIDI&#8221;) utilizeaz\u0103 module cookie \u0219i tehnologii similare pe site-ul web https:\/\/moi-dom.md. Ne str\u0103duim s\u0103 asigur\u0103m confortul \u0219i func\u021bionarea corect\u0103 a site-ului, precum \u0219i s\u0103 \u00eembun\u0103t\u0103\u021bim experien\u021ba utilizatorilor. Utiliz\u00e2nd site-ul nostru, sunte\u021bi de acord cu utilizarea cookie-urilor \u00een [&hellip;]<\/p>\n","protected":false},"author":1,"featured_media":0,"parent":0,"menu_order":0,"comment_status":"closed","ping_status":"closed","template":"elementor_header_footer","meta":{"footnotes":""},"class_list":["post-6342","page","type-page","status-publish","hentry"],"_links":{"self":[{"href":"https:\/\/moi-dom.md\/ro\/wp-json\/wp\/v2\/pages\/6342","targetHints":{"allow":["GET"]}}],"collection":[{"href":"https:\/\/moi-dom.md\/ro\/wp-json\/wp\/v2\/pages"}],"about":[{"href":"https:\/\/moi-dom.md\/ro\/wp-json\/wp\/v2\/types\/page"}],"author":[{"embeddable":true,"href":"https:\/\/moi-dom.md\/ro\/wp-json\/wp\/v2\/users\/1"}],"replies":[{"embeddable":true,"href":"https:\/\/moi-dom.md\/ro\/wp-json\/wp\/v2\/comments?post=6342"}],"version-history":[{"count":6,"href":"https:\/\/moi-dom.md\/ro\/wp-json\/wp\/v2\/pages\/6342\/revisions"}],"predecessor-version":[{"id":8516,"href":"https:\/\/moi-dom.md\/ro\/wp-json\/wp\/v2\/pages\/6342\/revisions\/8516"}],"wp:attachment":[{"href":"https:\/\/moi-dom.md\/ro\/wp-json\/wp\/v2\/media?parent=6342"}],"curies":[{"name":"wp","href":"https:\/\/api.w.org\/{rel}","templated":true}]}}