{"id":633,"date":"2025-10-25T08:46:55","date_gmt":"2025-10-25T08:46:55","guid":{"rendered":"https:\/\/lavender-chamois-573308.hostingersite.com\/livrare-si-plata\/"},"modified":"2025-12-01T10:31:14","modified_gmt":"2025-12-01T10:31:14","slug":"livrare-si-plata","status":"publish","type":"page","link":"https:\/\/moi-dom.md\/ro\/livrare-si-plata\/","title":{"rendered":"Livrare \u0219i plat\u0103"},"content":{"rendered":"\t\t<div data-elementor-type=\"wp-page\" data-elementor-id=\"633\" class=\"elementor elementor-633 elementor-349\" wpc-filter-elementor-widget=\"1\" data-elementor-post-type=\"page\">\n\t\t\t\t<div class=\"elementor-element elementor-element-362b52d e-flex e-con-boxed e-con e-parent\" data-id=\"362b52d\" data-element_type=\"container\" data-e-type=\"container\" data-settings=\"{&quot;background_background&quot;:&quot;classic&quot;}\">\n\t\t\t\t\t<div class=\"e-con-inner\">\n\t\t<div class=\"elementor-element elementor-element-8efdca7 e-con-full e-flex e-con e-child\" data-id=\"8efdca7\" data-element_type=\"container\" data-e-type=\"container\">\n\t\t\t\t<div class=\"elementor-element elementor-element-8606d1c elementor-widget elementor-widget-heading\" data-id=\"8606d1c\" data-element_type=\"widget\" data-e-type=\"widget\" data-widget_type=\"heading.default\">\n\t\t\t\t\t<h2 class=\"elementor-heading-title elementor-size-default\">Livrare \u00een Chi\u0219in\u0103u \u0219i suburbii<\/h2>\t\t\t\t<\/div>\n\t\t\t\t<div class=\"elementor-element elementor-element-23b5eac elementor-widget elementor-widget-text-editor\" data-id=\"23b5eac\" data-element_type=\"widget\" data-e-type=\"widget\" data-widget_type=\"text-editor.default\">\n\t\t\t\t\t\t\t\t\t<p class=\"p1\"><b>Livrare gratuit\u0103<\/b><span class=\"s1\"> &#8211; la comenzi de la <\/span><b>700 lei<\/b><span class=\"s1\">.<\/span><\/p><p class=\"p2\"><span class=\"s2\"><b>Livrare \u00een Chi\u0219in\u0103u<\/b><\/span> &#8211; 70 lei pentru o comand\u0103 de p\u00e2n\u0103 la 700 lei.<\/p><p class=\"p1\"><b>Livrare \u00een suburbiile Chi\u0219in\u0103ului<\/b><span class=\"s1\"> &#8211; 100 lei.<\/span><\/p><p class=\"p1\"><span class=\"s1\">\u23f0 <i>Timp de livrare<\/i>: <\/span><b>Luni-Vineri, 10:00 &#8211; 20:00.<\/b><b><\/b><\/p><p class=\"p2\">Curierul v\u0103 va contacta \u00een prealabil cu 30 de minute \u00eenainte de sosire.<\/p>\t\t\t\t\t\t\t\t<\/div>\n\t\t\t\t<\/div>\n\t\t<div class=\"elementor-element elementor-element-fa6d1d7 e-con-full e-flex e-con e-child\" data-id=\"fa6d1d7\" data-element_type=\"container\" data-e-type=\"container\">\n\t\t\t\t<div class=\"elementor-element elementor-element-3ed87e4 elementor-widget elementor-widget-heading\" data-id=\"3ed87e4\" data-element_type=\"widget\" data-e-type=\"widget\" data-widget_type=\"heading.default\">\n\t\t\t\t\t<h2 class=\"elementor-heading-title elementor-size-default\">Livrare \u00een toat\u0103 Moldova<\/h2>\t\t\t\t<\/div>\n\t\t\t\t<div class=\"elementor-element elementor-element-826fd81 elementor-widget elementor-widget-text-editor\" data-id=\"826fd81\" data-element_type=\"widget\" data-e-type=\"widget\" data-widget_type=\"text-editor.default\">\n\t\t\t\t\t\t\t\t\t<p class=\"p1\">Livrarea pe \u00eentreg teritoriul Moldovei este efectuat\u0103 de serviciul de curierat <span class=\"s1\"><b>&#8222;Nova Post&#8221;<\/b><\/span>.<\/p><p><strong>Livrare gratuit\u0103 \u2014<\/strong>\u00a0la comenzi de la 1500 lei.<\/p><p class=\"p1\"><strong>Costul livr\u0103rii \u2014<\/strong> 150 lei pentru comenzile p\u00e2n\u0103 la 1500 lei.<\/p><p class=\"p1\">Termenul de livrare \u2014 <span class=\"s2\">\u00a0<\/span><b>2 &#8211; 3 zile lucr\u0103toare<\/b><span class=\"s2\">.<\/span><\/p><p class=\"p1\">Dup\u0103 plasarea comenzii, managerul v\u0103 va contacta pentru confirmare \u0219i preg\u0103tirea expedierii.<\/p>\t\t\t\t\t\t\t\t<\/div>\n\t\t\t\t<\/div>\n\t\t<div class=\"elementor-element elementor-element-64224be e-con-full e-flex e-con e-child\" data-id=\"64224be\" data-element_type=\"container\" data-e-type=\"container\">\n\t\t\t\t<div class=\"elementor-element elementor-element-0ac8cc7 elementor-widget elementor-widget-heading\" data-id=\"0ac8cc7\" data-element_type=\"widget\" data-e-type=\"widget\" data-widget_type=\"heading.default\">\n\t\t\t\t\t<h2 class=\"elementor-heading-title elementor-size-default\">Condi\u021bii de plat\u0103<\/h2>\t\t\t\t<\/div>\n\t\t\t\t<div class=\"elementor-element elementor-element-6a0fff4 elementor-widget elementor-widget-text-editor\" data-id=\"6a0fff4\" data-element_type=\"widget\" data-e-type=\"widget\" data-widget_type=\"text-editor.default\">\n\t\t\t\t\t\t\t\t\t<p class=\"p1\">Oferim mai multe op\u021biuni de plat\u0103 convenabile, astfel \u00eenc\u00e2t cump\u0103r\u0103turile la <span class=\"s1\"><b>Moi Dom<\/b><\/span> pentru a face cump\u0103r\u0103turile la Moi Dom c\u00e2t mai confortabile posibil:<\/p><p class=\"p1\">\ud83d\udcb5 <span class=\"s1\"><b>\u00cen numerar la livrare<\/b><\/span> &#8211; la primirea comenzii <i>(numai pentru Chi\u0219in\u0103u \u0219i suburbii)<\/i>.<\/p><p class=\"p1\"><b>\ud83d\udcb3 Plata online cu card bancar <\/b>&#8211; Visa \/ MasterCard prin intermediul unui serviciu de plat\u0103 securizat.<\/p><p class=\"p1\">\ud83c\udfe6 <span class=\"s1\"><b>Transfer bancar<\/b><\/span> &#8211; prin cont pentru persoane fizice \u0219i juridice (la cerere).<\/p><p class=\"p1\">Dup\u0103 efectuarea pl\u0103\u021bii, un cec electronic este trimis automat la adresa dvs. <span class=\"s1\"><b>e-mail<\/b><\/span>.<\/p>\t\t\t\t\t\t\t\t<\/div>\n\t\t\t\t<\/div>\n\t\t<div class=\"elementor-element elementor-element-f618a3a e-con-full e-flex e-con e-child\" data-id=\"f618a3a\" data-element_type=\"container\" data-e-type=\"container\">\n\t\t\t\t<div class=\"elementor-element elementor-element-2fd3185 elementor-widget elementor-widget-heading\" data-id=\"2fd3185\" data-element_type=\"widget\" data-e-type=\"widget\" data-widget_type=\"heading.default\">\n\t\t\t\t\t<h2 class=\"elementor-heading-title elementor-size-default\">\u00cen plus<\/h2>\t\t\t\t<\/div>\n\t\t\t\t<div class=\"elementor-element elementor-element-a66d6e4 elementor-widget elementor-widget-text-editor\" data-id=\"a66d6e4\" data-element_type=\"widget\" data-e-type=\"widget\" data-widget_type=\"text-editor.default\">\n\t\t\t\t\t\t\t\t\t<p class=\"p1\">Verifica\u021bi comanda atunci c\u00e2nd o primi\u021bi.<\/p><p class=\"p1\">Dac\u0103 bunurile sunt deteriorate sau nu se potrivesc, v\u0103 rug\u0103m s\u0103 ne anun\u021ba\u021bi \u00een termen de 24 de ore.<\/p><p class=\"p1\">Pentru mai multe informa\u021bii privind retururile, consulta\u021bi <a href=\"https:\/\/moi-dom.md\/ro\/schimburi-si-retururi\/\"><b>&#8222;Schimburi \u0219i retururi&#8221;<\/b><\/a><span class=\"s2\">.<\/span><\/p>\t\t\t\t\t\t\t\t<\/div>\n\t\t\t\t<div class=\"elementor-element elementor-element-9bece0d elementor-widget elementor-widget-heading\" data-id=\"9bece0d\" data-element_type=\"widget\" data-e-type=\"widget\" data-widget_type=\"heading.default\">\n\t\t\t\t\t<h1 class=\"elementor-heading-title elementor-size-default\">Avem grij\u0103 de casa dvs. la fel de mult cum avem grij\u0103 de a noastr\u0103.\n\nFiecare comand\u0103 este ambalat\u0103 cu aten\u021bie la detalii \u0219i livrat\u0103 astfel \u00eenc\u00e2t s\u0103 primi\u021bi nu doar un produs, ci o bucat\u0103 din confortul, grija \u0219i starea de spirit a lui Moi Dom.<\/h1>\t\t\t\t<\/div>\n\t\t\t\t<\/div>\n\t\t\t\t\t<\/div>\n\t\t\t\t<\/div>\n\t\t\t\t<\/div>\n\t\t","protected":false},"excerpt":{"rendered":"<p>Livrare \u00een Chi\u0219in\u0103u \u0219i suburbii Livrare gratuit\u0103 &#8211; la comenzi de la 700 lei. Livrare \u00een Chi\u0219in\u0103u &#8211; 70 lei pentru o comand\u0103 de p\u00e2n\u0103 la 700 lei. Livrare \u00een suburbiile Chi\u0219in\u0103ului &#8211; 100 lei. \u23f0 Timp de livrare: Luni-Vineri, 10:00 &#8211; 20:00. Curierul v\u0103 va contacta \u00een prealabil cu 30 de minute \u00eenainte de [&hellip;]<\/p>\n","protected":false},"author":1,"featured_media":0,"parent":0,"menu_order":0,"comment_status":"closed","ping_status":"closed","template":"elementor_header_footer","meta":{"footnotes":""},"class_list":["post-633","page","type-page","status-publish","hentry"],"_links":{"self":[{"href":"https:\/\/moi-dom.md\/ro\/wp-json\/wp\/v2\/pages\/633","targetHints":{"allow":["GET"]}}],"collection":[{"href":"https:\/\/moi-dom.md\/ro\/wp-json\/wp\/v2\/pages"}],"about":[{"href":"https:\/\/moi-dom.md\/ro\/wp-json\/wp\/v2\/types\/page"}],"author":[{"embeddable":true,"href":"https:\/\/moi-dom.md\/ro\/wp-json\/wp\/v2\/users\/1"}],"replies":[{"embeddable":true,"href":"https:\/\/moi-dom.md\/ro\/wp-json\/wp\/v2\/comments?post=633"}],"version-history":[{"count":16,"href":"https:\/\/moi-dom.md\/ro\/wp-json\/wp\/v2\/pages\/633\/revisions"}],"predecessor-version":[{"id":7577,"href":"https:\/\/moi-dom.md\/ro\/wp-json\/wp\/v2\/pages\/633\/revisions\/7577"}],"wp:attachment":[{"href":"https:\/\/moi-dom.md\/ro\/wp-json\/wp\/v2\/media?parent=633"}],"curies":[{"name":"wp","href":"https:\/\/api.w.org\/{rel}","templated":true}]}}